{"id":1015,"date":"2017-10-04T06:44:02","date_gmt":"2017-10-04T06:44:02","guid":{"rendered":"http:\/\/wp.cfoto.nu\/?page_id=1015"},"modified":"2018-11-30T10:18:28","modified_gmt":"2018-11-30T10:18:28","slug":"boudoir","status":"publish","type":"page","link":"https:\/\/cfoto.nu\/sv\/boudoir\/","title":{"rendered":"Morgong\u00e5va &#8211; Boudoir Fotograf Cfoto &#8211; Cattis Fletcher"},"content":{"rendered":"","protected":false},"excerpt":{"rendered":"","protected":false},"author":1,"featured_media":1009,"parent":0,"menu_order":0,"comment_status":"closed","ping_status":"closed","template":"","meta":{"_exactmetrics_skip_tracking":false,"_exactmetrics_sitenote_active":false,"_exactmetrics_sitenote_note":"","_exactmetrics_sitenote_category":0,"jetpack_post_was_ever_published":false,"footnotes":""},"class_list":["post-1015","page","type-page","status-publish","has-post-thumbnail"],"yoast_head":"<!-- This site is optimized with the Yoast SEO plugin v27.5 - https:\/\/yoast.com\/product\/yoast-seo-wordpress\/ -->\n<title>Morgong\u00e5va - Boudoir Fotograf Cfoto - Cattis Fletcher - cfoto<\/title>\n<meta name=\"description\" content=\"Ge bort en speciell present till din partner eller ge dig sj\u00e4lv en ordentlig egoboost. Boudoir Fotograf Cfoto i G\u00f6teborg, Kungsbacka, Varberg\" \/>\n<meta name=\"robots\" content=\"index, follow, max-snippet:-1, max-image-preview:large, max-video-preview:-1\" \/>\n<link rel=\"canonical\" href=\"https:\/\/cfoto.nu\/sv\/boudoir\/\" \/>\n<meta property=\"og:locale\" content=\"sv_SE\" \/>\n<meta property=\"og:type\" content=\"article\" \/>\n<meta property=\"og:title\" content=\"Morgong\u00e5va - Boudoir Fotograf Cfoto - Cattis Fletcher - cfoto\" \/>\n<meta property=\"og:description\" content=\"Ge bort en speciell present till din partner eller ge dig sj\u00e4lv en ordentlig egoboost. Boudoir Fotograf Cfoto i G\u00f6teborg, Kungsbacka, Varberg\" \/>\n<meta property=\"og:url\" content=\"https:\/\/cfoto.nu\/sv\/boudoir\/\" \/>\n<meta property=\"og:site_name\" content=\"cfoto\" \/>\n<meta property=\"article:publisher\" content=\"https:\/\/www.facebook.com\/cfoto.nu\/\" \/>\n<meta property=\"article:modified_time\" content=\"2018-11-30T10:18:28+00:00\" \/>\n<meta property=\"og:image\" content=\"https:\/\/i0.wp.com\/cfoto.nu\/wp-content\/uploads\/2017\/10\/matilda-10-of-10-e1730026772729.jpg?fit=2880%2C1920&quality=89&ssl=1\" \/>\n\t<meta property=\"og:image:width\" content=\"2880\" \/>\n\t<meta property=\"og:image:height\" content=\"1920\" \/>\n\t<meta property=\"og:image:type\" content=\"image\/jpeg\" \/>\n<meta name=\"twitter:card\" content=\"summary_large_image\" \/>\n<script type=\"application\/ld+json\" class=\"yoast-schema-graph\">{\"@context\":\"https:\\\/\\\/schema.org\",\"@graph\":[{\"@type\":\"WebPage\",\"@id\":\"https:\\\/\\\/cfoto.nu\\\/sv\\\/boudoir\\\/\",\"url\":\"https:\\\/\\\/cfoto.nu\\\/sv\\\/boudoir\\\/\",\"name\":\"Morgong\u00e5va - Boudoir Fotograf Cfoto - Cattis Fletcher - cfoto\",\"isPartOf\":{\"@id\":\"https:\\\/\\\/cfoto.nu\\\/sv\\\/#website\"},\"primaryImageOfPage\":{\"@id\":\"https:\\\/\\\/cfoto.nu\\\/sv\\\/boudoir\\\/#primaryimage\"},\"image\":{\"@id\":\"https:\\\/\\\/cfoto.nu\\\/sv\\\/boudoir\\\/#primaryimage\"},\"thumbnailUrl\":\"https:\\\/\\\/i0.wp.com\\\/cfoto.nu\\\/wp-content\\\/uploads\\\/2017\\\/10\\\/matilda-10-of-10-e1730026772729.jpg?fit=2880%2C1920&quality=89&ssl=1\",\"datePublished\":\"2017-10-04T06:44:02+00:00\",\"dateModified\":\"2018-11-30T10:18:28+00:00\",\"description\":\"Ge bort en speciell present till din partner eller ge dig sj\u00e4lv en ordentlig egoboost. Boudoir Fotograf Cfoto i G\u00f6teborg, Kungsbacka, Varberg\",\"breadcrumb\":{\"@id\":\"https:\\\/\\\/cfoto.nu\\\/sv\\\/boudoir\\\/#breadcrumb\"},\"inLanguage\":\"sv-SE\",\"potentialAction\":[{\"@type\":\"ReadAction\",\"target\":[\"https:\\\/\\\/cfoto.nu\\\/sv\\\/boudoir\\\/\"]}]},{\"@type\":\"ImageObject\",\"inLanguage\":\"sv-SE\",\"@id\":\"https:\\\/\\\/cfoto.nu\\\/sv\\\/boudoir\\\/#primaryimage\",\"url\":\"https:\\\/\\\/i0.wp.com\\\/cfoto.nu\\\/wp-content\\\/uploads\\\/2017\\\/10\\\/matilda-10-of-10-e1730026772729.jpg?fit=2880%2C1920&quality=89&ssl=1\",\"contentUrl\":\"https:\\\/\\\/i0.wp.com\\\/cfoto.nu\\\/wp-content\\\/uploads\\\/2017\\\/10\\\/matilda-10-of-10-e1730026772729.jpg?fit=2880%2C1920&quality=89&ssl=1\",\"width\":2880,\"height\":1920,\"caption\":\"boudoir fotograf cattis fletcher cfoto portr\u00e4ttfotograf br\u00f6llopsfotograf\"},{\"@type\":\"BreadcrumbList\",\"@id\":\"https:\\\/\\\/cfoto.nu\\\/sv\\\/boudoir\\\/#breadcrumb\",\"itemListElement\":[{\"@type\":\"ListItem\",\"position\":1,\"name\":\"Home\",\"item\":\"https:\\\/\\\/cfoto.nu\\\/sv\\\/\"},{\"@type\":\"ListItem\",\"position\":2,\"name\":\"Morgong\u00e5va &#8211; Boudoir Fotograf Cfoto &#8211; Cattis Fletcher\"}]},{\"@type\":\"WebSite\",\"@id\":\"https:\\\/\\\/cfoto.nu\\\/sv\\\/#website\",\"url\":\"https:\\\/\\\/cfoto.nu\\\/sv\\\/\",\"name\":\"cfoto\",\"description\":\"Dokument\u00e4r Br\u00f6llopsfotograf i G\u00f6teborg\",\"publisher\":{\"@id\":\"https:\\\/\\\/cfoto.nu\\\/sv\\\/#organization\"},\"potentialAction\":[{\"@type\":\"SearchAction\",\"target\":{\"@type\":\"EntryPoint\",\"urlTemplate\":\"https:\\\/\\\/cfoto.nu\\\/sv\\\/?s={search_term_string}\"},\"query-input\":{\"@type\":\"PropertyValueSpecification\",\"valueRequired\":true,\"valueName\":\"search_term_string\"}}],\"inLanguage\":\"sv-SE\"},{\"@type\":\"Organization\",\"@id\":\"https:\\\/\\\/cfoto.nu\\\/sv\\\/#organization\",\"name\":\"CFOTO\",\"url\":\"https:\\\/\\\/cfoto.nu\\\/sv\\\/\",\"logo\":{\"@type\":\"ImageObject\",\"inLanguage\":\"sv-SE\",\"@id\":\"https:\\\/\\\/cfoto.nu\\\/sv\\\/#\\\/schema\\\/logo\\\/image\\\/\",\"url\":\"https:\\\/\\\/i0.wp.com\\\/cfoto.nu\\\/wp-content\\\/uploads\\\/2019\\\/12\\\/Brollopsfotograf-Gotebotg_0042.jpg?fit=1500%2C1000&quality=89&ssl=1\",\"contentUrl\":\"https:\\\/\\\/i0.wp.com\\\/cfoto.nu\\\/wp-content\\\/uploads\\\/2019\\\/12\\\/Brollopsfotograf-Gotebotg_0042.jpg?fit=1500%2C1000&quality=89&ssl=1\",\"width\":1500,\"height\":1000,\"caption\":\"CFOTO\"},\"image\":{\"@id\":\"https:\\\/\\\/cfoto.nu\\\/sv\\\/#\\\/schema\\\/logo\\\/image\\\/\"},\"sameAs\":[\"https:\\\/\\\/www.facebook.com\\\/cfoto.nu\\\/\",\"https:\\\/\\\/www.instagram.com\\\/cfoto.nu\\\/\",\"https:\\\/\\\/se.pinterest.com\\\/cattisa\"]}]}<\/script>\n<!-- \/ Yoast SEO plugin. -->","yoast_head_json":{"title":"Morgong\u00e5va - Boudoir Fotograf Cfoto - Cattis Fletcher - cfoto","description":"Ge bort en speciell present till din partner eller ge dig sj\u00e4lv en ordentlig egoboost. Boudoir Fotograf Cfoto i G\u00f6teborg, Kungsbacka, Varberg","robots":{"index":"index","follow":"follow","max-snippet":"max-snippet:-1","max-image-preview":"max-image-preview:large","max-video-preview":"max-video-preview:-1"},"canonical":"https:\/\/cfoto.nu\/sv\/boudoir\/","og_locale":"sv_SE","og_type":"article","og_title":"Morgong\u00e5va - Boudoir Fotograf Cfoto - Cattis Fletcher - cfoto","og_description":"Ge bort en speciell present till din partner eller ge dig sj\u00e4lv en ordentlig egoboost. Boudoir Fotograf Cfoto i G\u00f6teborg, Kungsbacka, Varberg","og_url":"https:\/\/cfoto.nu\/sv\/boudoir\/","og_site_name":"cfoto","article_publisher":"https:\/\/www.facebook.com\/cfoto.nu\/","article_modified_time":"2018-11-30T10:18:28+00:00","og_image":[{"width":2880,"height":1920,"url":"https:\/\/i0.wp.com\/cfoto.nu\/wp-content\/uploads\/2017\/10\/matilda-10-of-10-e1730026772729.jpg?fit=2880%2C1920&quality=89&ssl=1","type":"image\/jpeg"}],"twitter_card":"summary_large_image","schema":{"@context":"https:\/\/schema.org","@graph":[{"@type":"WebPage","@id":"https:\/\/cfoto.nu\/sv\/boudoir\/","url":"https:\/\/cfoto.nu\/sv\/boudoir\/","name":"Morgong\u00e5va - Boudoir Fotograf Cfoto - Cattis Fletcher - cfoto","isPartOf":{"@id":"https:\/\/cfoto.nu\/sv\/#website"},"primaryImageOfPage":{"@id":"https:\/\/cfoto.nu\/sv\/boudoir\/#primaryimage"},"image":{"@id":"https:\/\/cfoto.nu\/sv\/boudoir\/#primaryimage"},"thumbnailUrl":"https:\/\/i0.wp.com\/cfoto.nu\/wp-content\/uploads\/2017\/10\/matilda-10-of-10-e1730026772729.jpg?fit=2880%2C1920&quality=89&ssl=1","datePublished":"2017-10-04T06:44:02+00:00","dateModified":"2018-11-30T10:18:28+00:00","description":"Ge bort en speciell present till din partner eller ge dig sj\u00e4lv en ordentlig egoboost. Boudoir Fotograf Cfoto i G\u00f6teborg, Kungsbacka, Varberg","breadcrumb":{"@id":"https:\/\/cfoto.nu\/sv\/boudoir\/#breadcrumb"},"inLanguage":"sv-SE","potentialAction":[{"@type":"ReadAction","target":["https:\/\/cfoto.nu\/sv\/boudoir\/"]}]},{"@type":"ImageObject","inLanguage":"sv-SE","@id":"https:\/\/cfoto.nu\/sv\/boudoir\/#primaryimage","url":"https:\/\/i0.wp.com\/cfoto.nu\/wp-content\/uploads\/2017\/10\/matilda-10-of-10-e1730026772729.jpg?fit=2880%2C1920&quality=89&ssl=1","contentUrl":"https:\/\/i0.wp.com\/cfoto.nu\/wp-content\/uploads\/2017\/10\/matilda-10-of-10-e1730026772729.jpg?fit=2880%2C1920&quality=89&ssl=1","width":2880,"height":1920,"caption":"boudoir fotograf cattis fletcher cfoto portr\u00e4ttfotograf br\u00f6llopsfotograf"},{"@type":"BreadcrumbList","@id":"https:\/\/cfoto.nu\/sv\/boudoir\/#breadcrumb","itemListElement":[{"@type":"ListItem","position":1,"name":"Home","item":"https:\/\/cfoto.nu\/sv\/"},{"@type":"ListItem","position":2,"name":"Morgong\u00e5va &#8211; Boudoir Fotograf Cfoto &#8211; Cattis Fletcher"}]},{"@type":"WebSite","@id":"https:\/\/cfoto.nu\/sv\/#website","url":"https:\/\/cfoto.nu\/sv\/","name":"cfoto","description":"Dokument\u00e4r Br\u00f6llopsfotograf i G\u00f6teborg","publisher":{"@id":"https:\/\/cfoto.nu\/sv\/#organization"},"potentialAction":[{"@type":"SearchAction","target":{"@type":"EntryPoint","urlTemplate":"https:\/\/cfoto.nu\/sv\/?s={search_term_string}"},"query-input":{"@type":"PropertyValueSpecification","valueRequired":true,"valueName":"search_term_string"}}],"inLanguage":"sv-SE"},{"@type":"Organization","@id":"https:\/\/cfoto.nu\/sv\/#organization","name":"CFOTO","url":"https:\/\/cfoto.nu\/sv\/","logo":{"@type":"ImageObject","inLanguage":"sv-SE","@id":"https:\/\/cfoto.nu\/sv\/#\/schema\/logo\/image\/","url":"https:\/\/i0.wp.com\/cfoto.nu\/wp-content\/uploads\/2019\/12\/Brollopsfotograf-Gotebotg_0042.jpg?fit=1500%2C1000&quality=89&ssl=1","contentUrl":"https:\/\/i0.wp.com\/cfoto.nu\/wp-content\/uploads\/2019\/12\/Brollopsfotograf-Gotebotg_0042.jpg?fit=1500%2C1000&quality=89&ssl=1","width":1500,"height":1000,"caption":"CFOTO"},"image":{"@id":"https:\/\/cfoto.nu\/sv\/#\/schema\/logo\/image\/"},"sameAs":["https:\/\/www.facebook.com\/cfoto.nu\/","https:\/\/www.instagram.com\/cfoto.nu\/","https:\/\/se.pinterest.com\/cattisa"]}]}},"jetpack_sharing_enabled":true,"jetpack_shortlink":"https:\/\/wp.me\/P9qhNn-gn","jetpack_likes_enabled":true,"jetpack-related-posts":[{"id":986,"url":"https:\/\/cfoto.nu\/boudoir\/","url_meta":{"origin":1015,"position":0},"title":"Boudoir Photographer Cattis Fletcher from Sweden","author":"cattis","date":"oktober 3, 2017","format":false,"excerpt":"","rel":"","context":"Liknande inl\u00e4gg","block_context":{"text":"Liknande inl\u00e4gg","link":""},"img":{"alt_text":"boudoir photographer matilda","src":"https:\/\/i0.wp.com\/cfoto.nu\/wp-content\/uploads\/2017\/10\/matilda-10-of-10-e1730026772729.jpg?fit=1200%2C800&quality=89&ssl=1&resize=350%2C200","width":350,"height":200,"srcset":"https:\/\/i0.wp.com\/cfoto.nu\/wp-content\/uploads\/2017\/10\/matilda-10-of-10-e1730026772729.jpg?fit=1200%2C800&quality=89&ssl=1&resize=350%2C200 1x, https:\/\/i0.wp.com\/cfoto.nu\/wp-content\/uploads\/2017\/10\/matilda-10-of-10-e1730026772729.jpg?fit=1200%2C800&quality=89&ssl=1&resize=525%2C300 1.5x, https:\/\/i0.wp.com\/cfoto.nu\/wp-content\/uploads\/2017\/10\/matilda-10-of-10-e1730026772729.jpg?fit=1200%2C800&quality=89&ssl=1&resize=700%2C400 2x, https:\/\/i0.wp.com\/cfoto.nu\/wp-content\/uploads\/2017\/10\/matilda-10-of-10-e1730026772729.jpg?fit=1200%2C800&quality=89&ssl=1&resize=1050%2C600 3x"},"classes":[]},{"id":583,"url":"https:\/\/cfoto.nu\/sv\/about\/","url_meta":{"origin":1015,"position":1},"title":"Portr\u00e4tt och br\u00f6llopsfotograf &#8211; Om Fotograf Cattis Fletcher","author":"cattis","date":"september 6, 2017","format":false,"excerpt":"","rel":"","context":"Liknande inl\u00e4gg","block_context":{"text":"Liknande inl\u00e4gg","link":""},"img":{"alt_text":"om fotograf Cattis Fletcher, portr\u00e4tt och br\u00f6llopsfotograf fr\u00e5n Cfoto i G\u00f6teborg och Kungsbacka","src":"https:\/\/i0.wp.com\/cfoto.nu\/wp-content\/uploads\/2017\/02\/jag-1-e1507896990823.jpg?fit=795%2C795&quality=89&ssl=1&resize=350%2C200","width":350,"height":200,"srcset":"https:\/\/i0.wp.com\/cfoto.nu\/wp-content\/uploads\/2017\/02\/jag-1-e1507896990823.jpg?fit=795%2C795&quality=89&ssl=1&resize=350%2C200 1x, https:\/\/i0.wp.com\/cfoto.nu\/wp-content\/uploads\/2017\/02\/jag-1-e1507896990823.jpg?fit=795%2C795&quality=89&ssl=1&resize=525%2C300 1.5x, https:\/\/i0.wp.com\/cfoto.nu\/wp-content\/uploads\/2017\/02\/jag-1-e1507896990823.jpg?fit=795%2C795&quality=89&ssl=1&resize=700%2C400 2x"},"classes":[]},{"id":595,"url":"https:\/\/cfoto.nu\/sv\/kontakt\/","url_meta":{"origin":1015,"position":2},"title":"Kontakt &#8211; H\u00f6r av dig till fotograf Cattis Fletcher","author":"cattis","date":"september 8, 2017","format":false,"excerpt":"","rel":"","context":"Liknande inl\u00e4gg","block_context":{"text":"Liknande inl\u00e4gg","link":""},"img":{"alt_text":"Fotograf Cattis Fletcher Br\u00f6llopsfotograf portr\u00e4tt fotograf G\u00f6teborg Kungsbacka Varberg","src":"https:\/\/i0.wp.com\/cfoto.nu\/wp-content\/uploads\/2017\/11\/084-first-look-jennie-och-davids-br%C3%B6llop-br%C3%B6llopsfotograf-cfoto-cattis-fletcher.jpg?fit=1200%2C800&quality=89&ssl=1&resize=350%2C200","width":350,"height":200,"srcset":"https:\/\/i0.wp.com\/cfoto.nu\/wp-content\/uploads\/2017\/11\/084-first-look-jennie-och-davids-br%C3%B6llop-br%C3%B6llopsfotograf-cfoto-cattis-fletcher.jpg?fit=1200%2C800&quality=89&ssl=1&resize=350%2C200 1x, https:\/\/i0.wp.com\/cfoto.nu\/wp-content\/uploads\/2017\/11\/084-first-look-jennie-och-davids-br%C3%B6llop-br%C3%B6llopsfotograf-cfoto-cattis-fletcher.jpg?fit=1200%2C800&quality=89&ssl=1&resize=525%2C300 1.5x, https:\/\/i0.wp.com\/cfoto.nu\/wp-content\/uploads\/2017\/11\/084-first-look-jennie-och-davids-br%C3%B6llop-br%C3%B6llopsfotograf-cfoto-cattis-fletcher.jpg?fit=1200%2C800&quality=89&ssl=1&resize=700%2C400 2x, https:\/\/i0.wp.com\/cfoto.nu\/wp-content\/uploads\/2017\/11\/084-first-look-jennie-och-davids-br%C3%B6llop-br%C3%B6llopsfotograf-cfoto-cattis-fletcher.jpg?fit=1200%2C800&quality=89&ssl=1&resize=1050%2C600 3x"},"classes":[]},{"id":1958,"url":"https:\/\/cfoto.nu\/sv\/kommersielt\/","url_meta":{"origin":1015,"position":3},"title":"Fotograf f\u00f6r F\u00f6retag &#8211; bilder till hemsida &#8211; f\u00f6retags portr\u00e4tt","author":"cattis","date":"november 14, 2017","format":false,"excerpt":"","rel":"","context":"Liknande inl\u00e4gg","block_context":{"text":"Liknande inl\u00e4gg","link":""},"img":{"alt_text":"f\u00f6r f\u00f6retag fotograf Cfoto cattis fletcher interi\u00f6r fr\u00e5n resturang","src":"https:\/\/i0.wp.com\/cfoto.nu\/wp-content\/uploads\/2017\/11\/resturang-2-of-1.jpg?fit=1200%2C800&quality=89&ssl=1&resize=350%2C200","width":350,"height":200,"srcset":"https:\/\/i0.wp.com\/cfoto.nu\/wp-content\/uploads\/2017\/11\/resturang-2-of-1.jpg?fit=1200%2C800&quality=89&ssl=1&resize=350%2C200 1x, https:\/\/i0.wp.com\/cfoto.nu\/wp-content\/uploads\/2017\/11\/resturang-2-of-1.jpg?fit=1200%2C800&quality=89&ssl=1&resize=525%2C300 1.5x, https:\/\/i0.wp.com\/cfoto.nu\/wp-content\/uploads\/2017\/11\/resturang-2-of-1.jpg?fit=1200%2C800&quality=89&ssl=1&resize=700%2C400 2x, https:\/\/i0.wp.com\/cfoto.nu\/wp-content\/uploads\/2017\/11\/resturang-2-of-1.jpg?fit=1200%2C800&quality=89&ssl=1&resize=1050%2C600 3x"},"classes":[]},{"id":5768,"url":"https:\/\/cfoto.nu\/sv\/i-would-love-to-know-a-few-things-about-you-boudoir\/","url_meta":{"origin":1015,"position":4},"title":"I would love to know a few things about you &#8211; Boudoir","author":"cattis","date":"augusti 14, 2019","format":false,"excerpt":"","rel":"","context":"Liknande inl\u00e4gg","block_context":{"text":"Liknande inl\u00e4gg","link":""},"img":{"alt_text":"","src":"","width":0,"height":0},"classes":[]},{"id":5782,"url":"https:\/\/cfoto.nu\/i-would-love-to-know-a-few-things-about-you-boudoir\/","url_meta":{"origin":1015,"position":5},"title":"I would love to know a few things about you &#8211; Boudoir","author":"cattis","date":"augusti 14, 2019","format":false,"excerpt":"","rel":"","context":"Liknande inl\u00e4gg","block_context":{"text":"Liknande inl\u00e4gg","link":""},"img":{"alt_text":"","src":"","width":0,"height":0},"classes":[]}],"_links":{"self":[{"href":"https:\/\/cfoto.nu\/sv\/wp-json\/wp\/v2\/pages\/1015","targetHints":{"allow":["GET"]}}],"collection":[{"href":"https:\/\/cfoto.nu\/sv\/wp-json\/wp\/v2\/pages"}],"about":[{"href":"https:\/\/cfoto.nu\/sv\/wp-json\/wp\/v2\/types\/page"}],"author":[{"embeddable":true,"href":"https:\/\/cfoto.nu\/sv\/wp-json\/wp\/v2\/users\/1"}],"replies":[{"embeddable":true,"href":"https:\/\/cfoto.nu\/sv\/wp-json\/wp\/v2\/comments?post=1015"}],"version-history":[{"count":17,"href":"https:\/\/cfoto.nu\/sv\/wp-json\/wp\/v2\/pages\/1015\/revisions"}],"predecessor-version":[{"id":3592,"href":"https:\/\/cfoto.nu\/sv\/wp-json\/wp\/v2\/pages\/1015\/revisions\/3592"}],"wp:featuredmedia":[{"embeddable":true,"href":"https:\/\/cfoto.nu\/sv\/wp-json\/wp\/v2\/media\/1009"}],"wp:attachment":[{"href":"https:\/\/cfoto.nu\/sv\/wp-json\/wp\/v2\/media?parent=1015"}],"curies":[{"name":"wp","href":"https:\/\/api.w.org\/{rel}","templated":true}]}}