{"id":1108,"date":"2017-10-10T19:55:12","date_gmt":"2017-10-10T19:55:12","guid":{"rendered":"http:\/\/wp.cfoto.nu\/?page_id=1108"},"modified":"2024-11-21T08:20:09","modified_gmt":"2024-11-21T07:20:09","slug":"brollopsfotograf","status":"publish","type":"page","link":"https:\/\/cfoto.nu\/sv\/brollopsfotograf\/","title":{"rendered":"Br\u00f6llopsfotograf i G\u00f6teborg, Helsingborg &#038; Varberg"},"content":{"rendered":"","protected":false},"excerpt":{"rendered":"<p>F\u00f6rbereder ni inf\u00f6r ert br\u00f6llop?<br \/>\nGrattis! Ni har s\u00e5 mycket roligt att se fram emot. N\u00e4r allt \u00e4r planerat s\u00e5 k\u00e4nns det helt underbart. Det enda ni ska t\u00e4nka p\u00e5 \u00e4r att s\u00e4ga ja, h\u00e5lla varandra i handen, kramas, dansa, fira och glittra av lycka! Jag \u00e4r br\u00f6llopsfotograf i G\u00f6teborg <\/p>\n","protected":false},"author":1,"featured_media":3745,"parent":0,"menu_order":0,"comment_status":"closed","ping_status":"closed","template":"","meta":{"_exactmetrics_skip_tracking":false,"_exactmetrics_sitenote_active":false,"_exactmetrics_sitenote_note":"","_exactmetrics_sitenote_category":0,"footnotes":""},"class_list":["post-1108","page","type-page","status-publish","has-post-thumbnail"],"yoast_head":"<!-- This site is optimized with the Yoast SEO plugin v27.6 - https:\/\/yoast.com\/product\/yoast-seo-wordpress\/ -->\n<title>Br\u00f6llopsfotograf i G\u00f6teborg, Helsingborg, Varberg &amp; resten av Sverige<\/title>\n<meta name=\"description\" content=\"Naturliga och vackra bilder som f\u00e5ngar k\u00e4nslan och \u00f6gonblicken. Jag \u00e4r br\u00f6llopsfotograf i G\u00f6teborg, Helsingborg, Varberg och resten av Sverige. V\u00e4lkommen!\" \/>\n<meta name=\"robots\" content=\"index, follow, max-snippet:-1, max-image-preview:large, max-video-preview:-1\" \/>\n<link rel=\"canonical\" href=\"https:\/\/cfoto.nu\/sv\/brollopsfotograf\/\" \/>\n<meta property=\"og:locale\" content=\"sv_SE\" \/>\n<meta property=\"og:type\" content=\"article\" \/>\n<meta property=\"og:title\" content=\"Br\u00f6llopsfotograf i G\u00f6teborg, Varberg, Helsingborg mm\" \/>\n<meta property=\"og:description\" content=\"Tiden f\u00f6r\u00e4ndrar men fotografier bevarar, jag \u00e4r en kreativ br\u00f6llopsfotograf som brinner f\u00f6r att f\u00e5nga \u00e4kta k\u00e4nslor och tillf\u00e4llen att minnas resten av livet. V\u00e4lkommen!\" \/>\n<meta property=\"og:url\" content=\"https:\/\/cfoto.nu\/sv\/brollopsfotograf\/\" \/>\n<meta property=\"og:site_name\" content=\"cfoto\" \/>\n<meta property=\"article:publisher\" content=\"https:\/\/www.facebook.com\/cfoto.nu\/\" \/>\n<meta property=\"article:modified_time\" content=\"2024-11-21T07:20:09+00:00\" \/>\n<meta property=\"og:image\" content=\"https:\/\/i0.wp.com\/cfoto.nu\/wp-content\/uploads\/2019\/07\/bildspel-10-of-131.jpg?fit=3300%2C2200&quality=89&ssl=1\" \/>\n\t<meta property=\"og:image:width\" content=\"3300\" \/>\n\t<meta property=\"og:image:height\" content=\"2200\" \/>\n\t<meta property=\"og:image:type\" content=\"image\/jpeg\" \/>\n<meta name=\"twitter:card\" content=\"summary_large_image\" \/>\n<meta name=\"twitter:title\" content=\"Br\u00f6llopsfotograf i G\u00f6teborg, Varberg, Helsingborg mm\" \/>\n<meta name=\"twitter:description\" content=\"Tiden f\u00f6r\u00e4ndrar men fotografier bevarar, jag \u00e4r en kreativ br\u00f6llopsfotograf som brinner f\u00f6r att f\u00e5nga \u00e4kta k\u00e4nslor och tillf\u00e4llen att minnas resten av livet. V\u00e4lkommen!\" \/>\n<script type=\"application\/ld+json\" class=\"yoast-schema-graph\">{\"@context\":\"https:\\\/\\\/schema.org\",\"@graph\":[{\"@type\":\"WebPage\",\"@id\":\"https:\\\/\\\/cfoto.nu\\\/sv\\\/brollopsfotograf\\\/\",\"url\":\"https:\\\/\\\/cfoto.nu\\\/sv\\\/brollopsfotograf\\\/\",\"name\":\"Br\u00f6llopsfotograf i G\u00f6teborg, Helsingborg, Varberg & resten av Sverige\",\"isPartOf\":{\"@id\":\"https:\\\/\\\/cfoto.nu\\\/sv\\\/#website\"},\"primaryImageOfPage\":{\"@id\":\"https:\\\/\\\/cfoto.nu\\\/sv\\\/brollopsfotograf\\\/#primaryimage\"},\"image\":{\"@id\":\"https:\\\/\\\/cfoto.nu\\\/sv\\\/brollopsfotograf\\\/#primaryimage\"},\"thumbnailUrl\":\"https:\\\/\\\/i0.wp.com\\\/cfoto.nu\\\/wp-content\\\/uploads\\\/2018\\\/08\\\/bildspel-10-of-131.jpg?fit=3300%2C2200&quality=89&ssl=1\",\"datePublished\":\"2017-10-10T19:55:12+00:00\",\"dateModified\":\"2024-11-21T07:20:09+00:00\",\"description\":\"Naturliga och vackra bilder som f\u00e5ngar k\u00e4nslan och \u00f6gonblicken. Jag \u00e4r br\u00f6llopsfotograf i G\u00f6teborg, Helsingborg, Varberg och resten av Sverige. V\u00e4lkommen!\",\"breadcrumb\":{\"@id\":\"https:\\\/\\\/cfoto.nu\\\/sv\\\/brollopsfotograf\\\/#breadcrumb\"},\"inLanguage\":\"sv-SE\",\"potentialAction\":[{\"@type\":\"ReadAction\",\"target\":[\"https:\\\/\\\/cfoto.nu\\\/sv\\\/brollopsfotograf\\\/\"]}]},{\"@type\":\"ImageObject\",\"inLanguage\":\"sv-SE\",\"@id\":\"https:\\\/\\\/cfoto.nu\\\/sv\\\/brollopsfotograf\\\/#primaryimage\",\"url\":\"https:\\\/\\\/i0.wp.com\\\/cfoto.nu\\\/wp-content\\\/uploads\\\/2018\\\/08\\\/bildspel-10-of-131.jpg?fit=3300%2C2200&quality=89&ssl=1\",\"contentUrl\":\"https:\\\/\\\/i0.wp.com\\\/cfoto.nu\\\/wp-content\\\/uploads\\\/2018\\\/08\\\/bildspel-10-of-131.jpg?fit=3300%2C2200&quality=89&ssl=1\",\"width\":3300,\"height\":2200,\"caption\":\"Helena och Eamons br\u00f6llop ii G\u00f6teborg br\u00f6llopsfotograf cattis fletcher\"},{\"@type\":\"BreadcrumbList\",\"@id\":\"https:\\\/\\\/cfoto.nu\\\/sv\\\/brollopsfotograf\\\/#breadcrumb\",\"itemListElement\":[{\"@type\":\"ListItem\",\"position\":1,\"name\":\"Home\",\"item\":\"https:\\\/\\\/cfoto.nu\\\/sv\\\/\"},{\"@type\":\"ListItem\",\"position\":2,\"name\":\"Br\u00f6llopsfotograf i G\u00f6teborg, Helsingborg &#038; Varberg\"}]},{\"@type\":\"WebSite\",\"@id\":\"https:\\\/\\\/cfoto.nu\\\/sv\\\/#website\",\"url\":\"https:\\\/\\\/cfoto.nu\\\/sv\\\/\",\"name\":\"cfoto\",\"description\":\"Dokument\u00e4r Br\u00f6llopsfotograf i G\u00f6teborg\",\"publisher\":{\"@id\":\"https:\\\/\\\/cfoto.nu\\\/sv\\\/#organization\"},\"potentialAction\":[{\"@type\":\"SearchAction\",\"target\":{\"@type\":\"EntryPoint\",\"urlTemplate\":\"https:\\\/\\\/cfoto.nu\\\/sv\\\/?s={search_term_string}\"},\"query-input\":{\"@type\":\"PropertyValueSpecification\",\"valueRequired\":true,\"valueName\":\"search_term_string\"}}],\"inLanguage\":\"sv-SE\"},{\"@type\":\"Organization\",\"@id\":\"https:\\\/\\\/cfoto.nu\\\/sv\\\/#organization\",\"name\":\"CFOTO\",\"url\":\"https:\\\/\\\/cfoto.nu\\\/sv\\\/\",\"logo\":{\"@type\":\"ImageObject\",\"inLanguage\":\"sv-SE\",\"@id\":\"https:\\\/\\\/cfoto.nu\\\/sv\\\/#\\\/schema\\\/logo\\\/image\\\/\",\"url\":\"https:\\\/\\\/i0.wp.com\\\/cfoto.nu\\\/wp-content\\\/uploads\\\/2019\\\/12\\\/Brollopsfotograf-Gotebotg_0042.jpg?fit=1500%2C1000&quality=89&ssl=1\",\"contentUrl\":\"https:\\\/\\\/i0.wp.com\\\/cfoto.nu\\\/wp-content\\\/uploads\\\/2019\\\/12\\\/Brollopsfotograf-Gotebotg_0042.jpg?fit=1500%2C1000&quality=89&ssl=1\",\"width\":1500,\"height\":1000,\"caption\":\"CFOTO\"},\"image\":{\"@id\":\"https:\\\/\\\/cfoto.nu\\\/sv\\\/#\\\/schema\\\/logo\\\/image\\\/\"},\"sameAs\":[\"https:\\\/\\\/www.facebook.com\\\/cfoto.nu\\\/\",\"https:\\\/\\\/www.instagram.com\\\/cfoto.nu\\\/\",\"https:\\\/\\\/se.pinterest.com\\\/cattisa\"]}]}<\/script>\n<!-- \/ Yoast SEO plugin. -->","yoast_head_json":{"title":"Br\u00f6llopsfotograf i G\u00f6teborg, Helsingborg, Varberg & resten av Sverige","description":"Naturliga och vackra bilder som f\u00e5ngar k\u00e4nslan och \u00f6gonblicken. Jag \u00e4r br\u00f6llopsfotograf i G\u00f6teborg, Helsingborg, Varberg och resten av Sverige. V\u00e4lkommen!","robots":{"index":"index","follow":"follow","max-snippet":"max-snippet:-1","max-image-preview":"max-image-preview:large","max-video-preview":"max-video-preview:-1"},"canonical":"https:\/\/cfoto.nu\/sv\/brollopsfotograf\/","og_locale":"sv_SE","og_type":"article","og_title":"Br\u00f6llopsfotograf i G\u00f6teborg, Varberg, Helsingborg mm","og_description":"Tiden f\u00f6r\u00e4ndrar men fotografier bevarar, jag \u00e4r en kreativ br\u00f6llopsfotograf som brinner f\u00f6r att f\u00e5nga \u00e4kta k\u00e4nslor och tillf\u00e4llen att minnas resten av livet. V\u00e4lkommen!","og_url":"https:\/\/cfoto.nu\/sv\/brollopsfotograf\/","og_site_name":"cfoto","article_publisher":"https:\/\/www.facebook.com\/cfoto.nu\/","article_modified_time":"2024-11-21T07:20:09+00:00","og_image":[{"width":3300,"height":2200,"url":"https:\/\/i0.wp.com\/cfoto.nu\/wp-content\/uploads\/2019\/07\/bildspel-10-of-131.jpg?fit=3300%2C2200&quality=89&ssl=1","type":"image\/jpeg"}],"twitter_card":"summary_large_image","twitter_title":"Br\u00f6llopsfotograf i G\u00f6teborg, Varberg, Helsingborg mm","twitter_description":"Tiden f\u00f6r\u00e4ndrar men fotografier bevarar, jag \u00e4r en kreativ br\u00f6llopsfotograf som brinner f\u00f6r att f\u00e5nga \u00e4kta k\u00e4nslor och tillf\u00e4llen att minnas resten av livet. V\u00e4lkommen!","schema":{"@context":"https:\/\/schema.org","@graph":[{"@type":"WebPage","@id":"https:\/\/cfoto.nu\/sv\/brollopsfotograf\/","url":"https:\/\/cfoto.nu\/sv\/brollopsfotograf\/","name":"Br\u00f6llopsfotograf i G\u00f6teborg, Helsingborg, Varberg & resten av Sverige","isPartOf":{"@id":"https:\/\/cfoto.nu\/sv\/#website"},"primaryImageOfPage":{"@id":"https:\/\/cfoto.nu\/sv\/brollopsfotograf\/#primaryimage"},"image":{"@id":"https:\/\/cfoto.nu\/sv\/brollopsfotograf\/#primaryimage"},"thumbnailUrl":"https:\/\/i0.wp.com\/cfoto.nu\/wp-content\/uploads\/2018\/08\/bildspel-10-of-131.jpg?fit=3300%2C2200&quality=89&ssl=1","datePublished":"2017-10-10T19:55:12+00:00","dateModified":"2024-11-21T07:20:09+00:00","description":"Naturliga och vackra bilder som f\u00e5ngar k\u00e4nslan och \u00f6gonblicken. Jag \u00e4r br\u00f6llopsfotograf i G\u00f6teborg, Helsingborg, Varberg och resten av Sverige. V\u00e4lkommen!","breadcrumb":{"@id":"https:\/\/cfoto.nu\/sv\/brollopsfotograf\/#breadcrumb"},"inLanguage":"sv-SE","potentialAction":[{"@type":"ReadAction","target":["https:\/\/cfoto.nu\/sv\/brollopsfotograf\/"]}]},{"@type":"ImageObject","inLanguage":"sv-SE","@id":"https:\/\/cfoto.nu\/sv\/brollopsfotograf\/#primaryimage","url":"https:\/\/i0.wp.com\/cfoto.nu\/wp-content\/uploads\/2018\/08\/bildspel-10-of-131.jpg?fit=3300%2C2200&quality=89&ssl=1","contentUrl":"https:\/\/i0.wp.com\/cfoto.nu\/wp-content\/uploads\/2018\/08\/bildspel-10-of-131.jpg?fit=3300%2C2200&quality=89&ssl=1","width":3300,"height":2200,"caption":"Helena och Eamons br\u00f6llop ii G\u00f6teborg br\u00f6llopsfotograf cattis fletcher"},{"@type":"BreadcrumbList","@id":"https:\/\/cfoto.nu\/sv\/brollopsfotograf\/#breadcrumb","itemListElement":[{"@type":"ListItem","position":1,"name":"Home","item":"https:\/\/cfoto.nu\/sv\/"},{"@type":"ListItem","position":2,"name":"Br\u00f6llopsfotograf i G\u00f6teborg, Helsingborg &#038; Varberg"}]},{"@type":"WebSite","@id":"https:\/\/cfoto.nu\/sv\/#website","url":"https:\/\/cfoto.nu\/sv\/","name":"cfoto","description":"Dokument\u00e4r Br\u00f6llopsfotograf i G\u00f6teborg","publisher":{"@id":"https:\/\/cfoto.nu\/sv\/#organization"},"potentialAction":[{"@type":"SearchAction","target":{"@type":"EntryPoint","urlTemplate":"https:\/\/cfoto.nu\/sv\/?s={search_term_string}"},"query-input":{"@type":"PropertyValueSpecification","valueRequired":true,"valueName":"search_term_string"}}],"inLanguage":"sv-SE"},{"@type":"Organization","@id":"https:\/\/cfoto.nu\/sv\/#organization","name":"CFOTO","url":"https:\/\/cfoto.nu\/sv\/","logo":{"@type":"ImageObject","inLanguage":"sv-SE","@id":"https:\/\/cfoto.nu\/sv\/#\/schema\/logo\/image\/","url":"https:\/\/i0.wp.com\/cfoto.nu\/wp-content\/uploads\/2019\/12\/Brollopsfotograf-Gotebotg_0042.jpg?fit=1500%2C1000&quality=89&ssl=1","contentUrl":"https:\/\/i0.wp.com\/cfoto.nu\/wp-content\/uploads\/2019\/12\/Brollopsfotograf-Gotebotg_0042.jpg?fit=1500%2C1000&quality=89&ssl=1","width":1500,"height":1000,"caption":"CFOTO"},"image":{"@id":"https:\/\/cfoto.nu\/sv\/#\/schema\/logo\/image\/"},"sameAs":["https:\/\/www.facebook.com\/cfoto.nu\/","https:\/\/www.instagram.com\/cfoto.nu\/","https:\/\/se.pinterest.com\/cattisa"]}]}},"jetpack_sharing_enabled":true,"jetpack_shortlink":"https:\/\/wp.me\/P9qhNn-hS","jetpack_likes_enabled":true,"jetpack-related-posts":[{"id":5736,"url":"https:\/\/cfoto.nu\/sv\/brollopsfotograf-skane-naturligt-och-avslappnat\/","url_meta":{"origin":1108,"position":0},"title":"Br\u00f6llopsfotograf Sk\u00e5ne &#8211; Naturligt och avslappnat","author":"cattis","date":"juli 11, 2019","format":false,"excerpt":"Letar du efter br\u00f6llopsfotograf i Sk\u00e5ne? L\u00e5t mig b\u00f6rja med att s\u00e4ga grattis! Ni har s\u00e5 mycket roligt att se fram emot. F\u00f6r n\u00e4r allt \u00e4r planerat s\u00e5 k\u00e4nns det helt underbart. Det enda ni ska t\u00e4nka p\u00e5 \u00e4r att s\u00e4ga ja, h\u00e5lla varandra i handen, kramas, dansa, fira och\u2026","rel":"","context":"Liknande inl\u00e4gg","block_context":{"text":"Liknande inl\u00e4gg","link":""},"img":{"alt_text":"br\u00f6llopsfotograf Sk\u00e5ne brudpar bubblor lycka","src":"https:\/\/i0.wp.com\/cfoto.nu\/wp-content\/uploads\/2019\/07\/ida-och-anders-3-of-3.jpg?fit=1200%2C800&quality=89&ssl=1&resize=350%2C200","width":350,"height":200,"srcset":"https:\/\/i0.wp.com\/cfoto.nu\/wp-content\/uploads\/2019\/07\/ida-och-anders-3-of-3.jpg?fit=1200%2C800&quality=89&ssl=1&resize=350%2C200 1x, https:\/\/i0.wp.com\/cfoto.nu\/wp-content\/uploads\/2019\/07\/ida-och-anders-3-of-3.jpg?fit=1200%2C800&quality=89&ssl=1&resize=525%2C300 1.5x, https:\/\/i0.wp.com\/cfoto.nu\/wp-content\/uploads\/2019\/07\/ida-och-anders-3-of-3.jpg?fit=1200%2C800&quality=89&ssl=1&resize=700%2C400 2x, https:\/\/i0.wp.com\/cfoto.nu\/wp-content\/uploads\/2019\/07\/ida-och-anders-3-of-3.jpg?fit=1200%2C800&quality=89&ssl=1&resize=1050%2C600 3x"},"classes":[]},{"id":474,"url":"https:\/\/cfoto.nu\/sv\/","url_meta":{"origin":1108,"position":1},"title":"Portr\u00e4tt &#038; Br\u00f6llopsfotograf &#8211; f\u00f6r naturliga bilder med mycket k\u00e4nsla","author":"cattis","date":"maj 5, 2017","format":false,"excerpt":"Dokument\u00e4r Br\u00f6llopsfotograf fr\u00e5n G\u00f6teborg. Brinner f\u00f6r att f\u00e5nga det naturliga, vackra och \u00e4kta","rel":"","context":"Liknande inl\u00e4gg","block_context":{"text":"Liknande inl\u00e4gg","link":""},"img":{"alt_text":"Br\u00f6llopsfotograf g\u00f6teborgwedding photographer Gothenburg Sweden destination wedding photographer","src":"https:\/\/i0.wp.com\/cfoto.nu\/wp-content\/uploads\/2019\/07\/bildspel-10-of-131.jpg?fit=1200%2C800&quality=89&ssl=1&resize=350%2C200","width":350,"height":200,"srcset":"https:\/\/i0.wp.com\/cfoto.nu\/wp-content\/uploads\/2019\/07\/bildspel-10-of-131.jpg?fit=1200%2C800&quality=89&ssl=1&resize=350%2C200 1x, https:\/\/i0.wp.com\/cfoto.nu\/wp-content\/uploads\/2019\/07\/bildspel-10-of-131.jpg?fit=1200%2C800&quality=89&ssl=1&resize=525%2C300 1.5x, https:\/\/i0.wp.com\/cfoto.nu\/wp-content\/uploads\/2019\/07\/bildspel-10-of-131.jpg?fit=1200%2C800&quality=89&ssl=1&resize=700%2C400 2x, https:\/\/i0.wp.com\/cfoto.nu\/wp-content\/uploads\/2019\/07\/bildspel-10-of-131.jpg?fit=1200%2C800&quality=89&ssl=1&resize=1050%2C600 3x"},"classes":[]},{"id":2773,"url":"https:\/\/cfoto.nu\/sv\/portfolio\/","url_meta":{"origin":1108,"position":2},"title":"Portfolio &#8211; Br\u00f6llop &#038; Portr\u00e4tt fotograf i G\u00f6teborg, Kungsbacka","author":"cattis","date":"november 24, 2017","format":false,"excerpt":"Titta g\u00e4rna igenom mina gallerier och l\u00e5t mig veta ifall du gillar det du ser! Eller \u00e4nnu b\u00e4ttre kontakta mig, s\u00e5 kan vi skapa n\u00e5got vackert tillsammans, Jag vill g\u00e4rna h\u00f6ra ifr\u00e5n dig!","rel":"","context":"Liknande inl\u00e4gg","block_context":{"text":"Liknande inl\u00e4gg","link":""},"img":{"alt_text":"Br\u00f6llopsfotograf G\u00f6teborg br\u00f6llop Bohusl\u00e4n Wedding photographer Sweden ","src":"https:\/\/i0.wp.com\/cfoto.nu\/wp-content\/uploads\/2017\/04\/Brollopsfotogarf-Goteborg-10-of-18.jpg?fit=1200%2C800&quality=89&ssl=1&resize=350%2C200","width":350,"height":200,"srcset":"https:\/\/i0.wp.com\/cfoto.nu\/wp-content\/uploads\/2017\/04\/Brollopsfotogarf-Goteborg-10-of-18.jpg?fit=1200%2C800&quality=89&ssl=1&resize=350%2C200 1x, https:\/\/i0.wp.com\/cfoto.nu\/wp-content\/uploads\/2017\/04\/Brollopsfotogarf-Goteborg-10-of-18.jpg?fit=1200%2C800&quality=89&ssl=1&resize=525%2C300 1.5x, https:\/\/i0.wp.com\/cfoto.nu\/wp-content\/uploads\/2017\/04\/Brollopsfotogarf-Goteborg-10-of-18.jpg?fit=1200%2C800&quality=89&ssl=1&resize=700%2C400 2x, https:\/\/i0.wp.com\/cfoto.nu\/wp-content\/uploads\/2017\/04\/Brollopsfotogarf-Goteborg-10-of-18.jpg?fit=1200%2C800&quality=89&ssl=1&resize=1050%2C600 3x"},"classes":[]},{"id":4931,"url":"https:\/\/cfoto.nu\/sv\/brollopsfotograf-helsingborg\/","url_meta":{"origin":1108,"position":3},"title":"Br\u00f6llopsfotograf Helsingborg","author":"cattis","date":"mars 6, 2019","format":false,"excerpt":"Letar ni efter br\u00f6llopsfotograf i Helsingborg? L\u00e5t mig b\u00f6rja med att s\u00e4ga grattis! Ni har s\u00e5 mycket roligt att se fram emot.","rel":"","context":"Liknande inl\u00e4gg","block_context":{"text":"Liknande inl\u00e4gg","link":""},"img":{"alt_text":"Br\u00f6llopsfotograf Helsingborg","src":"https:\/\/i0.wp.com\/cfoto.nu\/wp-content\/uploads\/2019\/03\/brollopsfotograf-Helsingborg-1-of-1.jpg?fit=1200%2C800&quality=89&ssl=1&resize=350%2C200","width":350,"height":200,"srcset":"https:\/\/i0.wp.com\/cfoto.nu\/wp-content\/uploads\/2019\/03\/brollopsfotograf-Helsingborg-1-of-1.jpg?fit=1200%2C800&quality=89&ssl=1&resize=350%2C200 1x, https:\/\/i0.wp.com\/cfoto.nu\/wp-content\/uploads\/2019\/03\/brollopsfotograf-Helsingborg-1-of-1.jpg?fit=1200%2C800&quality=89&ssl=1&resize=525%2C300 1.5x, https:\/\/i0.wp.com\/cfoto.nu\/wp-content\/uploads\/2019\/03\/brollopsfotograf-Helsingborg-1-of-1.jpg?fit=1200%2C800&quality=89&ssl=1&resize=700%2C400 2x, https:\/\/i0.wp.com\/cfoto.nu\/wp-content\/uploads\/2019\/03\/brollopsfotograf-Helsingborg-1-of-1.jpg?fit=1200%2C800&quality=89&ssl=1&resize=1050%2C600 3x"},"classes":[]},{"id":583,"url":"https:\/\/cfoto.nu\/sv\/about\/","url_meta":{"origin":1108,"position":4},"title":"Portr\u00e4tt och br\u00f6llopsfotograf &#8211; Om Fotograf Cattis Fletcher","author":"cattis","date":"september 6, 2017","format":false,"excerpt":"","rel":"","context":"Liknande inl\u00e4gg","block_context":{"text":"Liknande inl\u00e4gg","link":""},"img":{"alt_text":"om fotograf Cattis Fletcher, portr\u00e4tt och br\u00f6llopsfotograf fr\u00e5n Cfoto i G\u00f6teborg och Kungsbacka","src":"https:\/\/i0.wp.com\/cfoto.nu\/wp-content\/uploads\/2017\/02\/jag-1-e1507896990823.jpg?fit=795%2C795&quality=89&ssl=1&resize=350%2C200","width":350,"height":200,"srcset":"https:\/\/i0.wp.com\/cfoto.nu\/wp-content\/uploads\/2017\/02\/jag-1-e1507896990823.jpg?fit=795%2C795&quality=89&ssl=1&resize=350%2C200 1x, https:\/\/i0.wp.com\/cfoto.nu\/wp-content\/uploads\/2017\/02\/jag-1-e1507896990823.jpg?fit=795%2C795&quality=89&ssl=1&resize=525%2C300 1.5x, https:\/\/i0.wp.com\/cfoto.nu\/wp-content\/uploads\/2017\/02\/jag-1-e1507896990823.jpg?fit=795%2C795&quality=89&ssl=1&resize=700%2C400 2x"},"classes":[]},{"id":3363,"url":"https:\/\/cfoto.nu\/sv\/brollopsguide\/","url_meta":{"origin":1108,"position":5},"title":"Br\u00f6llopsguide","author":"cattis","date":"april 6, 2018","format":false,"excerpt":"","rel":"","context":"Liknande inl\u00e4gg","block_context":{"text":"Liknande inl\u00e4gg","link":""},"img":{"alt_text":"Br\u00f6llopsfotograf Falkenberg G\u00f6teborg Sverige brudkl\u00e4nning detaljer spets","src":"https:\/\/i0.wp.com\/cfoto.nu\/wp-content\/uploads\/2017\/11\/102-jennie-br%C3%B6llopsfotograf-cattis-flethcer-cfoto.jpg?fit=1200%2C800&quality=89&ssl=1&resize=350%2C200","width":350,"height":200,"srcset":"https:\/\/i0.wp.com\/cfoto.nu\/wp-content\/uploads\/2017\/11\/102-jennie-br%C3%B6llopsfotograf-cattis-flethcer-cfoto.jpg?fit=1200%2C800&quality=89&ssl=1&resize=350%2C200 1x, https:\/\/i0.wp.com\/cfoto.nu\/wp-content\/uploads\/2017\/11\/102-jennie-br%C3%B6llopsfotograf-cattis-flethcer-cfoto.jpg?fit=1200%2C800&quality=89&ssl=1&resize=525%2C300 1.5x, https:\/\/i0.wp.com\/cfoto.nu\/wp-content\/uploads\/2017\/11\/102-jennie-br%C3%B6llopsfotograf-cattis-flethcer-cfoto.jpg?fit=1200%2C800&quality=89&ssl=1&resize=700%2C400 2x, https:\/\/i0.wp.com\/cfoto.nu\/wp-content\/uploads\/2017\/11\/102-jennie-br%C3%B6llopsfotograf-cattis-flethcer-cfoto.jpg?fit=1200%2C800&quality=89&ssl=1&resize=1050%2C600 3x"},"classes":[]}],"_links":{"self":[{"href":"https:\/\/cfoto.nu\/sv\/wp-json\/wp\/v2\/pages\/1108","targetHints":{"allow":["GET"]}}],"collection":[{"href":"https:\/\/cfoto.nu\/sv\/wp-json\/wp\/v2\/pages"}],"about":[{"href":"https:\/\/cfoto.nu\/sv\/wp-json\/wp\/v2\/types\/page"}],"author":[{"embeddable":true,"href":"https:\/\/cfoto.nu\/sv\/wp-json\/wp\/v2\/users\/1"}],"replies":[{"embeddable":true,"href":"https:\/\/cfoto.nu\/sv\/wp-json\/wp\/v2\/comments?post=1108"}],"version-history":[{"count":75,"href":"https:\/\/cfoto.nu\/sv\/wp-json\/wp\/v2\/pages\/1108\/revisions"}],"predecessor-version":[{"id":9563,"href":"https:\/\/cfoto.nu\/sv\/wp-json\/wp\/v2\/pages\/1108\/revisions\/9563"}],"wp:featuredmedia":[{"embeddable":true,"href":"https:\/\/cfoto.nu\/sv\/wp-json\/wp\/v2\/media\/3745"}],"wp:attachment":[{"href":"https:\/\/cfoto.nu\/sv\/wp-json\/wp\/v2\/media?parent=1108"}],"curies":[{"name":"wp","href":"https:\/\/api.w.org\/{rel}","templated":true}]}}