{"id":1958,"date":"2017-11-14T15:26:20","date_gmt":"2017-11-14T15:26:20","guid":{"rendered":"http:\/\/wp.cfoto.nu\/?page_id=1958"},"modified":"2021-07-27T04:35:23","modified_gmt":"2021-07-27T04:35:23","slug":"kommersielt","status":"publish","type":"page","link":"https:\/\/cfoto.nu\/sv\/kommersielt\/","title":{"rendered":"Fotograf f\u00f6r F\u00f6retag &#8211; bilder till hemsida &#8211; f\u00f6retags portr\u00e4tt"},"content":{"rendered":"","protected":false},"excerpt":{"rendered":"","protected":false},"author":1,"featured_media":1977,"parent":0,"menu_order":0,"comment_status":"closed","ping_status":"closed","template":"","meta":{"_exactmetrics_skip_tracking":false,"_exactmetrics_sitenote_active":false,"_exactmetrics_sitenote_note":"","_exactmetrics_sitenote_category":0,"footnotes":""},"class_list":["post-1958","page","type-page","status-publish","has-post-thumbnail"],"yoast_head":"<!-- This site is optimized with the Yoast SEO plugin v27.6 - https:\/\/yoast.com\/product\/yoast-seo-wordpress\/ -->\n<title>Fotograf f\u00f6r F\u00f6retag - bilder till hemsida - f\u00f6retags portr\u00e4tt - cfoto<\/title>\n<meta name=\"description\" content=\"F\u00f6r f\u00f6retag - fotograf Cattis Fletcher baserad i G\u00f6teborg, Kungsbacka - Beh\u00f6ver ni bilder till hemsidan eller nya f\u00f6retags portr\u00e4tt? Jag hj\u00e4lper g\u00e4rna till!\" \/>\n<meta name=\"robots\" content=\"index, follow, max-snippet:-1, max-image-preview:large, max-video-preview:-1\" \/>\n<link rel=\"canonical\" href=\"https:\/\/cfoto.nu\/sv\/kommersielt\/\" \/>\n<meta property=\"og:locale\" content=\"sv_SE\" \/>\n<meta property=\"og:type\" content=\"article\" \/>\n<meta property=\"og:title\" content=\"Fotograf f\u00f6r F\u00f6retag - bilder till hemsida - f\u00f6retags portr\u00e4tt - cfoto\" \/>\n<meta property=\"og:description\" content=\"F\u00f6r f\u00f6retag - fotograf Cattis Fletcher baserad i G\u00f6teborg, Kungsbacka - Beh\u00f6ver ni bilder till hemsidan eller nya f\u00f6retags portr\u00e4tt? Jag hj\u00e4lper g\u00e4rna till!\" \/>\n<meta property=\"og:url\" content=\"https:\/\/cfoto.nu\/sv\/kommersielt\/\" \/>\n<meta property=\"og:site_name\" content=\"cfoto\" \/>\n<meta property=\"article:publisher\" content=\"https:\/\/www.facebook.com\/cfoto.nu\/\" \/>\n<meta property=\"article:modified_time\" content=\"2021-07-27T04:35:23+00:00\" \/>\n<meta property=\"og:image\" content=\"https:\/\/cfoto.nu\/wp-content\/uploads\/2017\/11\/resturang-2-of-1-1024x683.jpg\" \/>\n\t<meta property=\"og:image:width\" content=\"1024\" \/>\n\t<meta property=\"og:image:height\" content=\"683\" \/>\n\t<meta property=\"og:image:type\" content=\"image\/jpeg\" \/>\n<meta name=\"twitter:card\" content=\"summary_large_image\" \/>\n<script type=\"application\/ld+json\" class=\"yoast-schema-graph\">{\"@context\":\"https:\\\/\\\/schema.org\",\"@graph\":[{\"@type\":\"WebPage\",\"@id\":\"https:\\\/\\\/cfoto.nu\\\/sv\\\/kommersielt\\\/\",\"url\":\"https:\\\/\\\/cfoto.nu\\\/sv\\\/kommersielt\\\/\",\"name\":\"Fotograf f\u00f6r F\u00f6retag - bilder till hemsida - f\u00f6retags portr\u00e4tt - cfoto\",\"isPartOf\":{\"@id\":\"https:\\\/\\\/cfoto.nu\\\/sv\\\/#website\"},\"primaryImageOfPage\":{\"@id\":\"https:\\\/\\\/cfoto.nu\\\/sv\\\/kommersielt\\\/#primaryimage\"},\"image\":{\"@id\":\"https:\\\/\\\/cfoto.nu\\\/sv\\\/kommersielt\\\/#primaryimage\"},\"thumbnailUrl\":\"https:\\\/\\\/i0.wp.com\\\/cfoto.nu\\\/wp-content\\\/uploads\\\/2017\\\/11\\\/resturang-2-of-1.jpg?fit=2880%2C1920&quality=89&ssl=1\",\"datePublished\":\"2017-11-14T15:26:20+00:00\",\"dateModified\":\"2021-07-27T04:35:23+00:00\",\"description\":\"F\u00f6r f\u00f6retag - fotograf Cattis Fletcher baserad i G\u00f6teborg, Kungsbacka - Beh\u00f6ver ni bilder till hemsidan eller nya f\u00f6retags portr\u00e4tt? Jag hj\u00e4lper g\u00e4rna till!\",\"breadcrumb\":{\"@id\":\"https:\\\/\\\/cfoto.nu\\\/sv\\\/kommersielt\\\/#breadcrumb\"},\"inLanguage\":\"sv-SE\",\"potentialAction\":[{\"@type\":\"ReadAction\",\"target\":[\"https:\\\/\\\/cfoto.nu\\\/sv\\\/kommersielt\\\/\"]}]},{\"@type\":\"ImageObject\",\"inLanguage\":\"sv-SE\",\"@id\":\"https:\\\/\\\/cfoto.nu\\\/sv\\\/kommersielt\\\/#primaryimage\",\"url\":\"https:\\\/\\\/i0.wp.com\\\/cfoto.nu\\\/wp-content\\\/uploads\\\/2017\\\/11\\\/resturang-2-of-1.jpg?fit=2880%2C1920&quality=89&ssl=1\",\"contentUrl\":\"https:\\\/\\\/i0.wp.com\\\/cfoto.nu\\\/wp-content\\\/uploads\\\/2017\\\/11\\\/resturang-2-of-1.jpg?fit=2880%2C1920&quality=89&ssl=1\",\"width\":2880,\"height\":1920,\"caption\":\"f\u00f6r f\u00f6retag fotograf Cfoto cattis fletcher interi\u00f6r fr\u00e5n resturang\"},{\"@type\":\"BreadcrumbList\",\"@id\":\"https:\\\/\\\/cfoto.nu\\\/sv\\\/kommersielt\\\/#breadcrumb\",\"itemListElement\":[{\"@type\":\"ListItem\",\"position\":1,\"name\":\"Home\",\"item\":\"https:\\\/\\\/cfoto.nu\\\/sv\\\/\"},{\"@type\":\"ListItem\",\"position\":2,\"name\":\"Fotograf f\u00f6r F\u00f6retag &#8211; bilder till hemsida &#8211; f\u00f6retags portr\u00e4tt\"}]},{\"@type\":\"WebSite\",\"@id\":\"https:\\\/\\\/cfoto.nu\\\/sv\\\/#website\",\"url\":\"https:\\\/\\\/cfoto.nu\\\/sv\\\/\",\"name\":\"cfoto\",\"description\":\"Dokument\u00e4r Br\u00f6llopsfotograf i G\u00f6teborg\",\"publisher\":{\"@id\":\"https:\\\/\\\/cfoto.nu\\\/sv\\\/#organization\"},\"potentialAction\":[{\"@type\":\"SearchAction\",\"target\":{\"@type\":\"EntryPoint\",\"urlTemplate\":\"https:\\\/\\\/cfoto.nu\\\/sv\\\/?s={search_term_string}\"},\"query-input\":{\"@type\":\"PropertyValueSpecification\",\"valueRequired\":true,\"valueName\":\"search_term_string\"}}],\"inLanguage\":\"sv-SE\"},{\"@type\":\"Organization\",\"@id\":\"https:\\\/\\\/cfoto.nu\\\/sv\\\/#organization\",\"name\":\"CFOTO\",\"url\":\"https:\\\/\\\/cfoto.nu\\\/sv\\\/\",\"logo\":{\"@type\":\"ImageObject\",\"inLanguage\":\"sv-SE\",\"@id\":\"https:\\\/\\\/cfoto.nu\\\/sv\\\/#\\\/schema\\\/logo\\\/image\\\/\",\"url\":\"https:\\\/\\\/i0.wp.com\\\/cfoto.nu\\\/wp-content\\\/uploads\\\/2019\\\/12\\\/Brollopsfotograf-Gotebotg_0042.jpg?fit=1500%2C1000&quality=89&ssl=1\",\"contentUrl\":\"https:\\\/\\\/i0.wp.com\\\/cfoto.nu\\\/wp-content\\\/uploads\\\/2019\\\/12\\\/Brollopsfotograf-Gotebotg_0042.jpg?fit=1500%2C1000&quality=89&ssl=1\",\"width\":1500,\"height\":1000,\"caption\":\"CFOTO\"},\"image\":{\"@id\":\"https:\\\/\\\/cfoto.nu\\\/sv\\\/#\\\/schema\\\/logo\\\/image\\\/\"},\"sameAs\":[\"https:\\\/\\\/www.facebook.com\\\/cfoto.nu\\\/\",\"https:\\\/\\\/www.instagram.com\\\/cfoto.nu\\\/\",\"https:\\\/\\\/se.pinterest.com\\\/cattisa\"]}]}<\/script>\n<!-- \/ Yoast SEO plugin. -->","yoast_head_json":{"title":"Fotograf f\u00f6r F\u00f6retag - bilder till hemsida - f\u00f6retags portr\u00e4tt - cfoto","description":"F\u00f6r f\u00f6retag - fotograf Cattis Fletcher baserad i G\u00f6teborg, Kungsbacka - Beh\u00f6ver ni bilder till hemsidan eller nya f\u00f6retags portr\u00e4tt? Jag hj\u00e4lper g\u00e4rna till!","robots":{"index":"index","follow":"follow","max-snippet":"max-snippet:-1","max-image-preview":"max-image-preview:large","max-video-preview":"max-video-preview:-1"},"canonical":"https:\/\/cfoto.nu\/sv\/kommersielt\/","og_locale":"sv_SE","og_type":"article","og_title":"Fotograf f\u00f6r F\u00f6retag - bilder till hemsida - f\u00f6retags portr\u00e4tt - cfoto","og_description":"F\u00f6r f\u00f6retag - fotograf Cattis Fletcher baserad i G\u00f6teborg, Kungsbacka - Beh\u00f6ver ni bilder till hemsidan eller nya f\u00f6retags portr\u00e4tt? Jag hj\u00e4lper g\u00e4rna till!","og_url":"https:\/\/cfoto.nu\/sv\/kommersielt\/","og_site_name":"cfoto","article_publisher":"https:\/\/www.facebook.com\/cfoto.nu\/","article_modified_time":"2021-07-27T04:35:23+00:00","og_image":[{"width":1024,"height":683,"url":"https:\/\/cfoto.nu\/wp-content\/uploads\/2017\/11\/resturang-2-of-1-1024x683.jpg","type":"image\/jpeg"}],"twitter_card":"summary_large_image","schema":{"@context":"https:\/\/schema.org","@graph":[{"@type":"WebPage","@id":"https:\/\/cfoto.nu\/sv\/kommersielt\/","url":"https:\/\/cfoto.nu\/sv\/kommersielt\/","name":"Fotograf f\u00f6r F\u00f6retag - bilder till hemsida - f\u00f6retags portr\u00e4tt - cfoto","isPartOf":{"@id":"https:\/\/cfoto.nu\/sv\/#website"},"primaryImageOfPage":{"@id":"https:\/\/cfoto.nu\/sv\/kommersielt\/#primaryimage"},"image":{"@id":"https:\/\/cfoto.nu\/sv\/kommersielt\/#primaryimage"},"thumbnailUrl":"https:\/\/i0.wp.com\/cfoto.nu\/wp-content\/uploads\/2017\/11\/resturang-2-of-1.jpg?fit=2880%2C1920&quality=89&ssl=1","datePublished":"2017-11-14T15:26:20+00:00","dateModified":"2021-07-27T04:35:23+00:00","description":"F\u00f6r f\u00f6retag - fotograf Cattis Fletcher baserad i G\u00f6teborg, Kungsbacka - Beh\u00f6ver ni bilder till hemsidan eller nya f\u00f6retags portr\u00e4tt? Jag hj\u00e4lper g\u00e4rna till!","breadcrumb":{"@id":"https:\/\/cfoto.nu\/sv\/kommersielt\/#breadcrumb"},"inLanguage":"sv-SE","potentialAction":[{"@type":"ReadAction","target":["https:\/\/cfoto.nu\/sv\/kommersielt\/"]}]},{"@type":"ImageObject","inLanguage":"sv-SE","@id":"https:\/\/cfoto.nu\/sv\/kommersielt\/#primaryimage","url":"https:\/\/i0.wp.com\/cfoto.nu\/wp-content\/uploads\/2017\/11\/resturang-2-of-1.jpg?fit=2880%2C1920&quality=89&ssl=1","contentUrl":"https:\/\/i0.wp.com\/cfoto.nu\/wp-content\/uploads\/2017\/11\/resturang-2-of-1.jpg?fit=2880%2C1920&quality=89&ssl=1","width":2880,"height":1920,"caption":"f\u00f6r f\u00f6retag fotograf Cfoto cattis fletcher interi\u00f6r fr\u00e5n resturang"},{"@type":"BreadcrumbList","@id":"https:\/\/cfoto.nu\/sv\/kommersielt\/#breadcrumb","itemListElement":[{"@type":"ListItem","position":1,"name":"Home","item":"https:\/\/cfoto.nu\/sv\/"},{"@type":"ListItem","position":2,"name":"Fotograf f\u00f6r F\u00f6retag &#8211; bilder till hemsida &#8211; f\u00f6retags portr\u00e4tt"}]},{"@type":"WebSite","@id":"https:\/\/cfoto.nu\/sv\/#website","url":"https:\/\/cfoto.nu\/sv\/","name":"cfoto","description":"Dokument\u00e4r Br\u00f6llopsfotograf i G\u00f6teborg","publisher":{"@id":"https:\/\/cfoto.nu\/sv\/#organization"},"potentialAction":[{"@type":"SearchAction","target":{"@type":"EntryPoint","urlTemplate":"https:\/\/cfoto.nu\/sv\/?s={search_term_string}"},"query-input":{"@type":"PropertyValueSpecification","valueRequired":true,"valueName":"search_term_string"}}],"inLanguage":"sv-SE"},{"@type":"Organization","@id":"https:\/\/cfoto.nu\/sv\/#organization","name":"CFOTO","url":"https:\/\/cfoto.nu\/sv\/","logo":{"@type":"ImageObject","inLanguage":"sv-SE","@id":"https:\/\/cfoto.nu\/sv\/#\/schema\/logo\/image\/","url":"https:\/\/i0.wp.com\/cfoto.nu\/wp-content\/uploads\/2019\/12\/Brollopsfotograf-Gotebotg_0042.jpg?fit=1500%2C1000&quality=89&ssl=1","contentUrl":"https:\/\/i0.wp.com\/cfoto.nu\/wp-content\/uploads\/2019\/12\/Brollopsfotograf-Gotebotg_0042.jpg?fit=1500%2C1000&quality=89&ssl=1","width":1500,"height":1000,"caption":"CFOTO"},"image":{"@id":"https:\/\/cfoto.nu\/sv\/#\/schema\/logo\/image\/"},"sameAs":["https:\/\/www.facebook.com\/cfoto.nu\/","https:\/\/www.instagram.com\/cfoto.nu\/","https:\/\/se.pinterest.com\/cattisa"]}]}},"jetpack_sharing_enabled":true,"jetpack_shortlink":"https:\/\/wp.me\/P9qhNn-vA","jetpack_likes_enabled":true,"jetpack-related-posts":[{"id":595,"url":"https:\/\/cfoto.nu\/sv\/kontakt\/","url_meta":{"origin":1958,"position":0},"title":"Kontakt &#8211; H\u00f6r av dig till fotograf Cattis Fletcher","author":"cattis","date":"september 8, 2017","format":false,"excerpt":"","rel":"","context":"Liknande inl\u00e4gg","block_context":{"text":"Liknande inl\u00e4gg","link":""},"img":{"alt_text":"Fotograf Cattis Fletcher Br\u00f6llopsfotograf portr\u00e4tt fotograf G\u00f6teborg Kungsbacka Varberg","src":"https:\/\/i0.wp.com\/cfoto.nu\/wp-content\/uploads\/2017\/11\/084-first-look-jennie-och-davids-br%C3%B6llop-br%C3%B6llopsfotograf-cfoto-cattis-fletcher.jpg?fit=1200%2C800&quality=89&ssl=1&resize=350%2C200","width":350,"height":200,"srcset":"https:\/\/i0.wp.com\/cfoto.nu\/wp-content\/uploads\/2017\/11\/084-first-look-jennie-och-davids-br%C3%B6llop-br%C3%B6llopsfotograf-cfoto-cattis-fletcher.jpg?fit=1200%2C800&quality=89&ssl=1&resize=350%2C200 1x, https:\/\/i0.wp.com\/cfoto.nu\/wp-content\/uploads\/2017\/11\/084-first-look-jennie-och-davids-br%C3%B6llop-br%C3%B6llopsfotograf-cfoto-cattis-fletcher.jpg?fit=1200%2C800&quality=89&ssl=1&resize=525%2C300 1.5x, https:\/\/i0.wp.com\/cfoto.nu\/wp-content\/uploads\/2017\/11\/084-first-look-jennie-och-davids-br%C3%B6llop-br%C3%B6llopsfotograf-cfoto-cattis-fletcher.jpg?fit=1200%2C800&quality=89&ssl=1&resize=700%2C400 2x, https:\/\/i0.wp.com\/cfoto.nu\/wp-content\/uploads\/2017\/11\/084-first-look-jennie-och-davids-br%C3%B6llop-br%C3%B6llopsfotograf-cfoto-cattis-fletcher.jpg?fit=1200%2C800&quality=89&ssl=1&resize=1050%2C600 3x"},"classes":[]},{"id":2978,"url":"https:\/\/cfoto.nu\/sv\/vill-veta-mer-portratt-fotografering\/","url_meta":{"origin":1958,"position":1},"title":"Vill veta mer portr\u00e4tt fotografering","author":"cattis","date":"december 8, 2017","format":false,"excerpt":"","rel":"","context":"Liknande inl\u00e4gg","block_context":{"text":"Liknande inl\u00e4gg","link":""},"img":{"alt_text":"","src":"","width":0,"height":0},"classes":[]},{"id":474,"url":"https:\/\/cfoto.nu\/sv\/","url_meta":{"origin":1958,"position":2},"title":"Portr\u00e4tt &#038; Br\u00f6llopsfotograf &#8211; f\u00f6r naturliga bilder med mycket k\u00e4nsla","author":"cattis","date":"maj 5, 2017","format":false,"excerpt":"Dokument\u00e4r Br\u00f6llopsfotograf fr\u00e5n G\u00f6teborg. Brinner f\u00f6r att f\u00e5nga det naturliga, vackra och \u00e4kta","rel":"","context":"Liknande inl\u00e4gg","block_context":{"text":"Liknande inl\u00e4gg","link":""},"img":{"alt_text":"Br\u00f6llopsfotograf g\u00f6teborgwedding photographer Gothenburg Sweden destination wedding photographer","src":"https:\/\/i0.wp.com\/cfoto.nu\/wp-content\/uploads\/2019\/07\/bildspel-10-of-131.jpg?fit=1200%2C800&quality=89&ssl=1&resize=350%2C200","width":350,"height":200,"srcset":"https:\/\/i0.wp.com\/cfoto.nu\/wp-content\/uploads\/2019\/07\/bildspel-10-of-131.jpg?fit=1200%2C800&quality=89&ssl=1&resize=350%2C200 1x, https:\/\/i0.wp.com\/cfoto.nu\/wp-content\/uploads\/2019\/07\/bildspel-10-of-131.jpg?fit=1200%2C800&quality=89&ssl=1&resize=525%2C300 1.5x, https:\/\/i0.wp.com\/cfoto.nu\/wp-content\/uploads\/2019\/07\/bildspel-10-of-131.jpg?fit=1200%2C800&quality=89&ssl=1&resize=700%2C400 2x, https:\/\/i0.wp.com\/cfoto.nu\/wp-content\/uploads\/2019\/07\/bildspel-10-of-131.jpg?fit=1200%2C800&quality=89&ssl=1&resize=1050%2C600 3x"},"classes":[]},{"id":583,"url":"https:\/\/cfoto.nu\/sv\/about\/","url_meta":{"origin":1958,"position":3},"title":"Portr\u00e4tt och br\u00f6llopsfotograf &#8211; Om Fotograf Cattis Fletcher","author":"cattis","date":"september 6, 2017","format":false,"excerpt":"","rel":"","context":"Liknande inl\u00e4gg","block_context":{"text":"Liknande inl\u00e4gg","link":""},"img":{"alt_text":"om fotograf Cattis Fletcher, portr\u00e4tt och br\u00f6llopsfotograf fr\u00e5n Cfoto i G\u00f6teborg och Kungsbacka","src":"https:\/\/i0.wp.com\/cfoto.nu\/wp-content\/uploads\/2017\/02\/jag-1-e1507896990823.jpg?fit=795%2C795&quality=89&ssl=1&resize=350%2C200","width":350,"height":200,"srcset":"https:\/\/i0.wp.com\/cfoto.nu\/wp-content\/uploads\/2017\/02\/jag-1-e1507896990823.jpg?fit=795%2C795&quality=89&ssl=1&resize=350%2C200 1x, https:\/\/i0.wp.com\/cfoto.nu\/wp-content\/uploads\/2017\/02\/jag-1-e1507896990823.jpg?fit=795%2C795&quality=89&ssl=1&resize=525%2C300 1.5x, https:\/\/i0.wp.com\/cfoto.nu\/wp-content\/uploads\/2017\/02\/jag-1-e1507896990823.jpg?fit=795%2C795&quality=89&ssl=1&resize=700%2C400 2x"},"classes":[]},{"id":943,"url":"https:\/\/cfoto.nu\/sv\/bloggen\/","url_meta":{"origin":1958,"position":4},"title":"Blogg &#8211; Portr\u00e4tt &#038; br\u00f6llopsfotograf Cattis Fletcher","author":"cattis","date":"september 26, 2017","format":false,"excerpt":"","rel":"","context":"Liknande inl\u00e4gg","block_context":{"text":"Liknande inl\u00e4gg","link":""},"img":{"alt_text":"Br\u00f6llops bilder galleri av br\u00f6llopsfotograf Cattis Fletcher","src":"https:\/\/i0.wp.com\/cfoto.nu\/wp-content\/uploads\/2017\/11\/416-theres-och-joakims-br%C3%B6llop-fj%C3%A4r%C3%A5s-br%C3%A4cka-br%C3%B6llopsfotograf-cfoto-cattis-flethcer.jpg?fit=1200%2C800&quality=89&ssl=1&resize=350%2C200","width":350,"height":200,"srcset":"https:\/\/i0.wp.com\/cfoto.nu\/wp-content\/uploads\/2017\/11\/416-theres-och-joakims-br%C3%B6llop-fj%C3%A4r%C3%A5s-br%C3%A4cka-br%C3%B6llopsfotograf-cfoto-cattis-flethcer.jpg?fit=1200%2C800&quality=89&ssl=1&resize=350%2C200 1x, https:\/\/i0.wp.com\/cfoto.nu\/wp-content\/uploads\/2017\/11\/416-theres-och-joakims-br%C3%B6llop-fj%C3%A4r%C3%A5s-br%C3%A4cka-br%C3%B6llopsfotograf-cfoto-cattis-flethcer.jpg?fit=1200%2C800&quality=89&ssl=1&resize=525%2C300 1.5x, https:\/\/i0.wp.com\/cfoto.nu\/wp-content\/uploads\/2017\/11\/416-theres-och-joakims-br%C3%B6llop-fj%C3%A4r%C3%A5s-br%C3%A4cka-br%C3%B6llopsfotograf-cfoto-cattis-flethcer.jpg?fit=1200%2C800&quality=89&ssl=1&resize=700%2C400 2x, https:\/\/i0.wp.com\/cfoto.nu\/wp-content\/uploads\/2017\/11\/416-theres-och-joakims-br%C3%B6llop-fj%C3%A4r%C3%A5s-br%C3%A4cka-br%C3%B6llopsfotograf-cfoto-cattis-flethcer.jpg?fit=1200%2C800&quality=89&ssl=1&resize=1050%2C600 3x"},"classes":[]},{"id":2773,"url":"https:\/\/cfoto.nu\/sv\/portfolio\/","url_meta":{"origin":1958,"position":5},"title":"Portfolio &#8211; Br\u00f6llop &#038; Portr\u00e4tt fotograf i G\u00f6teborg, Kungsbacka","author":"cattis","date":"november 24, 2017","format":false,"excerpt":"Titta g\u00e4rna igenom mina gallerier och l\u00e5t mig veta ifall du gillar det du ser! Eller \u00e4nnu b\u00e4ttre kontakta mig, s\u00e5 kan vi skapa n\u00e5got vackert tillsammans, Jag vill g\u00e4rna h\u00f6ra ifr\u00e5n dig!","rel":"","context":"Liknande inl\u00e4gg","block_context":{"text":"Liknande inl\u00e4gg","link":""},"img":{"alt_text":"Br\u00f6llopsfotograf G\u00f6teborg br\u00f6llop Bohusl\u00e4n Wedding photographer Sweden ","src":"https:\/\/i0.wp.com\/cfoto.nu\/wp-content\/uploads\/2017\/04\/Brollopsfotogarf-Goteborg-10-of-18.jpg?fit=1200%2C800&quality=89&ssl=1&resize=350%2C200","width":350,"height":200,"srcset":"https:\/\/i0.wp.com\/cfoto.nu\/wp-content\/uploads\/2017\/04\/Brollopsfotogarf-Goteborg-10-of-18.jpg?fit=1200%2C800&quality=89&ssl=1&resize=350%2C200 1x, https:\/\/i0.wp.com\/cfoto.nu\/wp-content\/uploads\/2017\/04\/Brollopsfotogarf-Goteborg-10-of-18.jpg?fit=1200%2C800&quality=89&ssl=1&resize=525%2C300 1.5x, https:\/\/i0.wp.com\/cfoto.nu\/wp-content\/uploads\/2017\/04\/Brollopsfotogarf-Goteborg-10-of-18.jpg?fit=1200%2C800&quality=89&ssl=1&resize=700%2C400 2x, https:\/\/i0.wp.com\/cfoto.nu\/wp-content\/uploads\/2017\/04\/Brollopsfotogarf-Goteborg-10-of-18.jpg?fit=1200%2C800&quality=89&ssl=1&resize=1050%2C600 3x"},"classes":[]}],"_links":{"self":[{"href":"https:\/\/cfoto.nu\/sv\/wp-json\/wp\/v2\/pages\/1958","targetHints":{"allow":["GET"]}}],"collection":[{"href":"https:\/\/cfoto.nu\/sv\/wp-json\/wp\/v2\/pages"}],"about":[{"href":"https:\/\/cfoto.nu\/sv\/wp-json\/wp\/v2\/types\/page"}],"author":[{"embeddable":true,"href":"https:\/\/cfoto.nu\/sv\/wp-json\/wp\/v2\/users\/1"}],"replies":[{"embeddable":true,"href":"https:\/\/cfoto.nu\/sv\/wp-json\/wp\/v2\/comments?post=1958"}],"version-history":[{"count":23,"href":"https:\/\/cfoto.nu\/sv\/wp-json\/wp\/v2\/pages\/1958\/revisions"}],"predecessor-version":[{"id":8279,"href":"https:\/\/cfoto.nu\/sv\/wp-json\/wp\/v2\/pages\/1958\/revisions\/8279"}],"wp:featuredmedia":[{"embeddable":true,"href":"https:\/\/cfoto.nu\/sv\/wp-json\/wp\/v2\/media\/1977"}],"wp:attachment":[{"href":"https:\/\/cfoto.nu\/sv\/wp-json\/wp\/v2\/media?parent=1958"}],"curies":[{"name":"wp","href":"https:\/\/api.w.org\/{rel}","templated":true}]}}