{"id":2773,"date":"2017-11-24T12:23:00","date_gmt":"2017-11-24T12:23:00","guid":{"rendered":"http:\/\/cfoto.nu\/?page_id=2773"},"modified":"2020-01-27T09:44:06","modified_gmt":"2020-01-27T09:44:06","slug":"portfolio","status":"publish","type":"page","link":"https:\/\/cfoto.nu\/sv\/portfolio\/","title":{"rendered":"Portfolio &#8211; Br\u00f6llop &#038; Portr\u00e4tt fotograf i G\u00f6teborg, Kungsbacka"},"content":{"rendered":"<p style=\"text-align: left;\">Titta g\u00e4rna igenom mina gallerier och l\u00e5t mig veta ifall du gillar det du ser! Eller \u00e4nnu b\u00e4ttre kontakta mig, s\u00e5 kan vi skapa n\u00e5got vackert tillsammans, Jag vill g\u00e4rna h\u00f6ra ifr\u00e5n dig!<\/p>\n","protected":false},"excerpt":{"rendered":"<p>Titta g\u00e4rna igenom mina gallerier och l\u00e5t mig veta ifall du gillar det du ser! Eller \u00e4nnu b\u00e4ttre kontakta mig, s\u00e5 kan vi skapa n\u00e5got vackert tillsammans, Jag vill g\u00e4rna h\u00f6ra ifr\u00e5n dig!<\/p>\n","protected":false},"author":1,"featured_media":6098,"parent":0,"menu_order":0,"comment_status":"closed","ping_status":"closed","template":"","meta":{"_exactmetrics_skip_tracking":false,"_exactmetrics_sitenote_active":false,"_exactmetrics_sitenote_note":"","_exactmetrics_sitenote_category":0,"footnotes":""},"class_list":["post-2773","page","type-page","status-publish","has-post-thumbnail"],"yoast_head":"<!-- This site is optimized with the Yoast SEO plugin v27.6 - https:\/\/yoast.com\/product\/yoast-seo-wordpress\/ -->\n<title>Portfolio - Br\u00f6llop &amp; Portr\u00e4tt fotograf i G\u00f6teborg, Kungsbacka - cfoto<\/title>\n<meta name=\"description\" content=\"Fotograf Cattis Flechters Portfolio - dokument\u00e4ra bilder med mycket v\u00e4rme och k\u00e4nsla - Br\u00f6llop &amp; Portr\u00e4tt fotograf i G\u00f6teborg, Kungsbacka, Varberg\" \/>\n<meta name=\"robots\" content=\"index, follow, max-snippet:-1, max-image-preview:large, max-video-preview:-1\" \/>\n<link rel=\"canonical\" href=\"https:\/\/cfoto.nu\/sv\/portfolio\/\" \/>\n<meta property=\"og:locale\" content=\"sv_SE\" \/>\n<meta property=\"og:type\" content=\"article\" \/>\n<meta property=\"og:title\" content=\"Portfolio - Br\u00f6llop &amp; Portr\u00e4tt fotograf i G\u00f6teborg, Kungsbacka - cfoto\" \/>\n<meta property=\"og:description\" content=\"Fotograf Cattis Flechters Portfolio - dokument\u00e4ra bilder med mycket v\u00e4rme och k\u00e4nsla - Br\u00f6llop &amp; Portr\u00e4tt fotograf i G\u00f6teborg, Kungsbacka, Varberg\" \/>\n<meta property=\"og:url\" content=\"https:\/\/cfoto.nu\/sv\/portfolio\/\" \/>\n<meta property=\"og:site_name\" content=\"cfoto\" \/>\n<meta property=\"article:publisher\" content=\"https:\/\/www.facebook.com\/cfoto.nu\/\" \/>\n<meta property=\"article:modified_time\" content=\"2020-01-27T09:44:06+00:00\" \/>\n<meta property=\"og:image\" content=\"https:\/\/i0.wp.com\/cfoto.nu\/wp-content\/uploads\/2017\/04\/Brollopsfotogarf-Goteborg-10-of-18.jpg?fit=2560%2C1707&quality=89&ssl=1\" \/>\n\t<meta property=\"og:image:width\" content=\"2560\" \/>\n\t<meta property=\"og:image:height\" content=\"1707\" \/>\n\t<meta property=\"og:image:type\" content=\"image\/jpeg\" \/>\n<meta name=\"twitter:card\" content=\"summary_large_image\" \/>\n<script type=\"application\/ld+json\" class=\"yoast-schema-graph\">{\"@context\":\"https:\\\/\\\/schema.org\",\"@graph\":[{\"@type\":\"WebPage\",\"@id\":\"https:\\\/\\\/cfoto.nu\\\/sv\\\/portfolio\\\/\",\"url\":\"https:\\\/\\\/cfoto.nu\\\/sv\\\/portfolio\\\/\",\"name\":\"Portfolio - Br\u00f6llop & Portr\u00e4tt fotograf i G\u00f6teborg, Kungsbacka - cfoto\",\"isPartOf\":{\"@id\":\"https:\\\/\\\/cfoto.nu\\\/sv\\\/#website\"},\"primaryImageOfPage\":{\"@id\":\"https:\\\/\\\/cfoto.nu\\\/sv\\\/portfolio\\\/#primaryimage\"},\"image\":{\"@id\":\"https:\\\/\\\/cfoto.nu\\\/sv\\\/portfolio\\\/#primaryimage\"},\"thumbnailUrl\":\"https:\\\/\\\/i0.wp.com\\\/cfoto.nu\\\/wp-content\\\/uploads\\\/2017\\\/04\\\/Brollopsfotogarf-Goteborg-10-of-18.jpg?fit=2560%2C1707&quality=89&ssl=1\",\"datePublished\":\"2017-11-24T12:23:00+00:00\",\"dateModified\":\"2020-01-27T09:44:06+00:00\",\"description\":\"Fotograf Cattis Flechters Portfolio - dokument\u00e4ra bilder med mycket v\u00e4rme och k\u00e4nsla - Br\u00f6llop & Portr\u00e4tt fotograf i G\u00f6teborg, Kungsbacka, Varberg\",\"breadcrumb\":{\"@id\":\"https:\\\/\\\/cfoto.nu\\\/sv\\\/portfolio\\\/#breadcrumb\"},\"inLanguage\":\"sv-SE\",\"potentialAction\":[{\"@type\":\"ReadAction\",\"target\":[\"https:\\\/\\\/cfoto.nu\\\/sv\\\/portfolio\\\/\"]}]},{\"@type\":\"ImageObject\",\"inLanguage\":\"sv-SE\",\"@id\":\"https:\\\/\\\/cfoto.nu\\\/sv\\\/portfolio\\\/#primaryimage\",\"url\":\"https:\\\/\\\/i0.wp.com\\\/cfoto.nu\\\/wp-content\\\/uploads\\\/2017\\\/04\\\/Brollopsfotogarf-Goteborg-10-of-18.jpg?fit=2560%2C1707&quality=89&ssl=1\",\"contentUrl\":\"https:\\\/\\\/i0.wp.com\\\/cfoto.nu\\\/wp-content\\\/uploads\\\/2017\\\/04\\\/Brollopsfotogarf-Goteborg-10-of-18.jpg?fit=2560%2C1707&quality=89&ssl=1\",\"width\":2560,\"height\":1707,\"caption\":\"Br\u00f6llopsfotograf G\u00f6teborg br\u00f6llop Bohusl\u00e4n Wedding photographer Sweden\"},{\"@type\":\"BreadcrumbList\",\"@id\":\"https:\\\/\\\/cfoto.nu\\\/sv\\\/portfolio\\\/#breadcrumb\",\"itemListElement\":[{\"@type\":\"ListItem\",\"position\":1,\"name\":\"Home\",\"item\":\"https:\\\/\\\/cfoto.nu\\\/sv\\\/\"},{\"@type\":\"ListItem\",\"position\":2,\"name\":\"Portfolio &#8211; Br\u00f6llop &#038; Portr\u00e4tt fotograf i G\u00f6teborg, Kungsbacka\"}]},{\"@type\":\"WebSite\",\"@id\":\"https:\\\/\\\/cfoto.nu\\\/sv\\\/#website\",\"url\":\"https:\\\/\\\/cfoto.nu\\\/sv\\\/\",\"name\":\"cfoto\",\"description\":\"Dokument\u00e4r Br\u00f6llopsfotograf i G\u00f6teborg\",\"publisher\":{\"@id\":\"https:\\\/\\\/cfoto.nu\\\/sv\\\/#organization\"},\"potentialAction\":[{\"@type\":\"SearchAction\",\"target\":{\"@type\":\"EntryPoint\",\"urlTemplate\":\"https:\\\/\\\/cfoto.nu\\\/sv\\\/?s={search_term_string}\"},\"query-input\":{\"@type\":\"PropertyValueSpecification\",\"valueRequired\":true,\"valueName\":\"search_term_string\"}}],\"inLanguage\":\"sv-SE\"},{\"@type\":\"Organization\",\"@id\":\"https:\\\/\\\/cfoto.nu\\\/sv\\\/#organization\",\"name\":\"CFOTO\",\"url\":\"https:\\\/\\\/cfoto.nu\\\/sv\\\/\",\"logo\":{\"@type\":\"ImageObject\",\"inLanguage\":\"sv-SE\",\"@id\":\"https:\\\/\\\/cfoto.nu\\\/sv\\\/#\\\/schema\\\/logo\\\/image\\\/\",\"url\":\"https:\\\/\\\/i0.wp.com\\\/cfoto.nu\\\/wp-content\\\/uploads\\\/2019\\\/12\\\/Brollopsfotograf-Gotebotg_0042.jpg?fit=1500%2C1000&quality=89&ssl=1\",\"contentUrl\":\"https:\\\/\\\/i0.wp.com\\\/cfoto.nu\\\/wp-content\\\/uploads\\\/2019\\\/12\\\/Brollopsfotograf-Gotebotg_0042.jpg?fit=1500%2C1000&quality=89&ssl=1\",\"width\":1500,\"height\":1000,\"caption\":\"CFOTO\"},\"image\":{\"@id\":\"https:\\\/\\\/cfoto.nu\\\/sv\\\/#\\\/schema\\\/logo\\\/image\\\/\"},\"sameAs\":[\"https:\\\/\\\/www.facebook.com\\\/cfoto.nu\\\/\",\"https:\\\/\\\/www.instagram.com\\\/cfoto.nu\\\/\",\"https:\\\/\\\/se.pinterest.com\\\/cattisa\"]}]}<\/script>\n<!-- \/ Yoast SEO plugin. -->","yoast_head_json":{"title":"Portfolio - Br\u00f6llop & Portr\u00e4tt fotograf i G\u00f6teborg, Kungsbacka - cfoto","description":"Fotograf Cattis Flechters Portfolio - dokument\u00e4ra bilder med mycket v\u00e4rme och k\u00e4nsla - Br\u00f6llop & Portr\u00e4tt fotograf i G\u00f6teborg, Kungsbacka, Varberg","robots":{"index":"index","follow":"follow","max-snippet":"max-snippet:-1","max-image-preview":"max-image-preview:large","max-video-preview":"max-video-preview:-1"},"canonical":"https:\/\/cfoto.nu\/sv\/portfolio\/","og_locale":"sv_SE","og_type":"article","og_title":"Portfolio - Br\u00f6llop & Portr\u00e4tt fotograf i G\u00f6teborg, Kungsbacka - cfoto","og_description":"Fotograf Cattis Flechters Portfolio - dokument\u00e4ra bilder med mycket v\u00e4rme och k\u00e4nsla - Br\u00f6llop & Portr\u00e4tt fotograf i G\u00f6teborg, Kungsbacka, Varberg","og_url":"https:\/\/cfoto.nu\/sv\/portfolio\/","og_site_name":"cfoto","article_publisher":"https:\/\/www.facebook.com\/cfoto.nu\/","article_modified_time":"2020-01-27T09:44:06+00:00","og_image":[{"width":2560,"height":1707,"url":"https:\/\/i0.wp.com\/cfoto.nu\/wp-content\/uploads\/2017\/04\/Brollopsfotogarf-Goteborg-10-of-18.jpg?fit=2560%2C1707&quality=89&ssl=1","type":"image\/jpeg"}],"twitter_card":"summary_large_image","schema":{"@context":"https:\/\/schema.org","@graph":[{"@type":"WebPage","@id":"https:\/\/cfoto.nu\/sv\/portfolio\/","url":"https:\/\/cfoto.nu\/sv\/portfolio\/","name":"Portfolio - Br\u00f6llop & Portr\u00e4tt fotograf i G\u00f6teborg, Kungsbacka - cfoto","isPartOf":{"@id":"https:\/\/cfoto.nu\/sv\/#website"},"primaryImageOfPage":{"@id":"https:\/\/cfoto.nu\/sv\/portfolio\/#primaryimage"},"image":{"@id":"https:\/\/cfoto.nu\/sv\/portfolio\/#primaryimage"},"thumbnailUrl":"https:\/\/i0.wp.com\/cfoto.nu\/wp-content\/uploads\/2017\/04\/Brollopsfotogarf-Goteborg-10-of-18.jpg?fit=2560%2C1707&quality=89&ssl=1","datePublished":"2017-11-24T12:23:00+00:00","dateModified":"2020-01-27T09:44:06+00:00","description":"Fotograf Cattis Flechters Portfolio - dokument\u00e4ra bilder med mycket v\u00e4rme och k\u00e4nsla - Br\u00f6llop & Portr\u00e4tt fotograf i G\u00f6teborg, Kungsbacka, Varberg","breadcrumb":{"@id":"https:\/\/cfoto.nu\/sv\/portfolio\/#breadcrumb"},"inLanguage":"sv-SE","potentialAction":[{"@type":"ReadAction","target":["https:\/\/cfoto.nu\/sv\/portfolio\/"]}]},{"@type":"ImageObject","inLanguage":"sv-SE","@id":"https:\/\/cfoto.nu\/sv\/portfolio\/#primaryimage","url":"https:\/\/i0.wp.com\/cfoto.nu\/wp-content\/uploads\/2017\/04\/Brollopsfotogarf-Goteborg-10-of-18.jpg?fit=2560%2C1707&quality=89&ssl=1","contentUrl":"https:\/\/i0.wp.com\/cfoto.nu\/wp-content\/uploads\/2017\/04\/Brollopsfotogarf-Goteborg-10-of-18.jpg?fit=2560%2C1707&quality=89&ssl=1","width":2560,"height":1707,"caption":"Br\u00f6llopsfotograf G\u00f6teborg br\u00f6llop Bohusl\u00e4n Wedding photographer Sweden"},{"@type":"BreadcrumbList","@id":"https:\/\/cfoto.nu\/sv\/portfolio\/#breadcrumb","itemListElement":[{"@type":"ListItem","position":1,"name":"Home","item":"https:\/\/cfoto.nu\/sv\/"},{"@type":"ListItem","position":2,"name":"Portfolio &#8211; Br\u00f6llop &#038; Portr\u00e4tt fotograf i G\u00f6teborg, Kungsbacka"}]},{"@type":"WebSite","@id":"https:\/\/cfoto.nu\/sv\/#website","url":"https:\/\/cfoto.nu\/sv\/","name":"cfoto","description":"Dokument\u00e4r Br\u00f6llopsfotograf i G\u00f6teborg","publisher":{"@id":"https:\/\/cfoto.nu\/sv\/#organization"},"potentialAction":[{"@type":"SearchAction","target":{"@type":"EntryPoint","urlTemplate":"https:\/\/cfoto.nu\/sv\/?s={search_term_string}"},"query-input":{"@type":"PropertyValueSpecification","valueRequired":true,"valueName":"search_term_string"}}],"inLanguage":"sv-SE"},{"@type":"Organization","@id":"https:\/\/cfoto.nu\/sv\/#organization","name":"CFOTO","url":"https:\/\/cfoto.nu\/sv\/","logo":{"@type":"ImageObject","inLanguage":"sv-SE","@id":"https:\/\/cfoto.nu\/sv\/#\/schema\/logo\/image\/","url":"https:\/\/i0.wp.com\/cfoto.nu\/wp-content\/uploads\/2019\/12\/Brollopsfotograf-Gotebotg_0042.jpg?fit=1500%2C1000&quality=89&ssl=1","contentUrl":"https:\/\/i0.wp.com\/cfoto.nu\/wp-content\/uploads\/2019\/12\/Brollopsfotograf-Gotebotg_0042.jpg?fit=1500%2C1000&quality=89&ssl=1","width":1500,"height":1000,"caption":"CFOTO"},"image":{"@id":"https:\/\/cfoto.nu\/sv\/#\/schema\/logo\/image\/"},"sameAs":["https:\/\/www.facebook.com\/cfoto.nu\/","https:\/\/www.instagram.com\/cfoto.nu\/","https:\/\/se.pinterest.com\/cattisa"]}]}},"jetpack_sharing_enabled":true,"jetpack_shortlink":"https:\/\/wp.me\/P9qhNn-IJ","jetpack_likes_enabled":true,"jetpack-related-posts":[{"id":3073,"url":"https:\/\/cfoto.nu\/sv\/jag-vill-garna-veta-er-om-er-parfotografering\/","url_meta":{"origin":2773,"position":0},"title":"Jag vill g\u00e4rna veta er om er &#8211; Parfotografering","author":"cattis","date":"februari 8, 2018","format":false,"excerpt":"","rel":"","context":"Liknande inl\u00e4gg","block_context":{"text":"Liknande inl\u00e4gg","link":""},"img":{"alt_text":"","src":"","width":0,"height":0},"classes":[]},{"id":3596,"url":"https:\/\/cfoto.nu\/sv\/jag-vill-garna-veta-mer-om-er-familjefotografering\/","url_meta":{"origin":2773,"position":1},"title":"Jag vill g\u00e4rna veta mer om er familjefotografering","author":"cattis","date":"maj 18, 2018","format":false,"excerpt":"","rel":"","context":"Liknande inl\u00e4gg","block_context":{"text":"Liknande inl\u00e4gg","link":""},"img":{"alt_text":"","src":"","width":0,"height":0},"classes":[]},{"id":2958,"url":"https:\/\/cfoto.nu\/sv\/jag-vill-garna-veta-mer-om-er-brollop\/","url_meta":{"origin":2773,"position":2},"title":"Jag vill g\u00e4rna veta mer om er &#8211; br\u00f6llop","author":"cattis","date":"december 8, 2017","format":false,"excerpt":"","rel":"","context":"Liknande inl\u00e4gg","block_context":{"text":"Liknande inl\u00e4gg","link":""},"img":{"alt_text":"","src":"","width":0,"height":0},"classes":[]},{"id":5736,"url":"https:\/\/cfoto.nu\/sv\/brollopsfotograf-skane-naturligt-och-avslappnat\/","url_meta":{"origin":2773,"position":3},"title":"Br\u00f6llopsfotograf Sk\u00e5ne &#8211; Naturligt och avslappnat","author":"cattis","date":"juli 11, 2019","format":false,"excerpt":"Letar du efter br\u00f6llopsfotograf i Sk\u00e5ne? L\u00e5t mig b\u00f6rja med att s\u00e4ga grattis! Ni har s\u00e5 mycket roligt att se fram emot. F\u00f6r n\u00e4r allt \u00e4r planerat s\u00e5 k\u00e4nns det helt underbart. Det enda ni ska t\u00e4nka p\u00e5 \u00e4r att s\u00e4ga ja, h\u00e5lla varandra i handen, kramas, dansa, fira och\u2026","rel":"","context":"Liknande inl\u00e4gg","block_context":{"text":"Liknande inl\u00e4gg","link":""},"img":{"alt_text":"br\u00f6llopsfotograf Sk\u00e5ne brudpar bubblor lycka","src":"https:\/\/i0.wp.com\/cfoto.nu\/wp-content\/uploads\/2019\/07\/ida-och-anders-3-of-3.jpg?fit=1200%2C800&quality=89&ssl=1&resize=350%2C200","width":350,"height":200,"srcset":"https:\/\/i0.wp.com\/cfoto.nu\/wp-content\/uploads\/2019\/07\/ida-och-anders-3-of-3.jpg?fit=1200%2C800&quality=89&ssl=1&resize=350%2C200 1x, https:\/\/i0.wp.com\/cfoto.nu\/wp-content\/uploads\/2019\/07\/ida-och-anders-3-of-3.jpg?fit=1200%2C800&quality=89&ssl=1&resize=525%2C300 1.5x, https:\/\/i0.wp.com\/cfoto.nu\/wp-content\/uploads\/2019\/07\/ida-och-anders-3-of-3.jpg?fit=1200%2C800&quality=89&ssl=1&resize=700%2C400 2x, https:\/\/i0.wp.com\/cfoto.nu\/wp-content\/uploads\/2019\/07\/ida-och-anders-3-of-3.jpg?fit=1200%2C800&quality=89&ssl=1&resize=1050%2C600 3x"},"classes":[]},{"id":4931,"url":"https:\/\/cfoto.nu\/sv\/brollopsfotograf-helsingborg\/","url_meta":{"origin":2773,"position":4},"title":"Br\u00f6llopsfotograf Helsingborg","author":"cattis","date":"mars 6, 2019","format":false,"excerpt":"Letar ni efter br\u00f6llopsfotograf i Helsingborg? L\u00e5t mig b\u00f6rja med att s\u00e4ga grattis! Ni har s\u00e5 mycket roligt att se fram emot.","rel":"","context":"Liknande inl\u00e4gg","block_context":{"text":"Liknande inl\u00e4gg","link":""},"img":{"alt_text":"Br\u00f6llopsfotograf Helsingborg","src":"https:\/\/i0.wp.com\/cfoto.nu\/wp-content\/uploads\/2019\/03\/brollopsfotograf-Helsingborg-1-of-1.jpg?fit=1200%2C800&quality=89&ssl=1&resize=350%2C200","width":350,"height":200,"srcset":"https:\/\/i0.wp.com\/cfoto.nu\/wp-content\/uploads\/2019\/03\/brollopsfotograf-Helsingborg-1-of-1.jpg?fit=1200%2C800&quality=89&ssl=1&resize=350%2C200 1x, https:\/\/i0.wp.com\/cfoto.nu\/wp-content\/uploads\/2019\/03\/brollopsfotograf-Helsingborg-1-of-1.jpg?fit=1200%2C800&quality=89&ssl=1&resize=525%2C300 1.5x, https:\/\/i0.wp.com\/cfoto.nu\/wp-content\/uploads\/2019\/03\/brollopsfotograf-Helsingborg-1-of-1.jpg?fit=1200%2C800&quality=89&ssl=1&resize=700%2C400 2x, https:\/\/i0.wp.com\/cfoto.nu\/wp-content\/uploads\/2019\/03\/brollopsfotograf-Helsingborg-1-of-1.jpg?fit=1200%2C800&quality=89&ssl=1&resize=1050%2C600 3x"},"classes":[]}],"_links":{"self":[{"href":"https:\/\/cfoto.nu\/sv\/wp-json\/wp\/v2\/pages\/2773","targetHints":{"allow":["GET"]}}],"collection":[{"href":"https:\/\/cfoto.nu\/sv\/wp-json\/wp\/v2\/pages"}],"about":[{"href":"https:\/\/cfoto.nu\/sv\/wp-json\/wp\/v2\/types\/page"}],"author":[{"embeddable":true,"href":"https:\/\/cfoto.nu\/sv\/wp-json\/wp\/v2\/users\/1"}],"replies":[{"embeddable":true,"href":"https:\/\/cfoto.nu\/sv\/wp-json\/wp\/v2\/comments?post=2773"}],"version-history":[{"count":15,"href":"https:\/\/cfoto.nu\/sv\/wp-json\/wp\/v2\/pages\/2773\/revisions"}],"predecessor-version":[{"id":6742,"href":"https:\/\/cfoto.nu\/sv\/wp-json\/wp\/v2\/pages\/2773\/revisions\/6742"}],"wp:featuredmedia":[{"embeddable":true,"href":"https:\/\/cfoto.nu\/sv\/wp-json\/wp\/v2\/media\/6098"}],"wp:attachment":[{"href":"https:\/\/cfoto.nu\/sv\/wp-json\/wp\/v2\/media?parent=2773"}],"curies":[{"name":"wp","href":"https:\/\/api.w.org\/{rel}","templated":true}]}}