{"id":2978,"date":"2017-12-08T13:22:47","date_gmt":"2017-12-08T13:22:47","guid":{"rendered":"http:\/\/cfoto.nu\/?page_id=2978"},"modified":"2018-11-30T10:18:27","modified_gmt":"2018-11-30T10:18:27","slug":"vill-veta-mer-portratt-fotografering","status":"publish","type":"page","link":"https:\/\/cfoto.nu\/sv\/vill-veta-mer-portratt-fotografering\/","title":{"rendered":"Vill veta mer portr\u00e4tt fotografering"},"content":{"rendered":"","protected":false},"excerpt":{"rendered":"","protected":false},"author":1,"featured_media":0,"parent":0,"menu_order":0,"comment_status":"closed","ping_status":"closed","template":"","meta":{"_exactmetrics_skip_tracking":false,"_exactmetrics_sitenote_active":false,"_exactmetrics_sitenote_note":"","_exactmetrics_sitenote_category":0,"footnotes":""},"class_list":["post-2978","page","type-page","status-publish"],"yoast_head":"<!-- This site is optimized with the Yoast SEO plugin v27.6 - https:\/\/yoast.com\/product\/yoast-seo-wordpress\/ -->\n<title>Vill veta mer portr\u00e4tt fotografering - cfoto<\/title>\n<meta name=\"description\" content=\"Portr\u00e4tt och Br\u00f6llopsfotograf i G\u00f6teborg, Varberg och resten av Sverige - dokument\u00e4r br\u00f6llopsfotograf med fokus p\u00e5 k\u00e4nslan, f\u00e5ngar de sm\u00e5 och stora \u00f6gonblicken\" \/>\n<meta name=\"robots\" content=\"index, follow, max-snippet:-1, max-image-preview:large, max-video-preview:-1\" \/>\n<link rel=\"canonical\" href=\"https:\/\/cfoto.nu\/sv\/vill-veta-mer-portratt-fotografering\/\" \/>\n<meta property=\"og:locale\" content=\"sv_SE\" \/>\n<meta property=\"og:type\" content=\"article\" \/>\n<meta property=\"og:title\" content=\"Vill veta mer portr\u00e4tt fotografering - cfoto\" \/>\n<meta property=\"og:description\" content=\"Portr\u00e4tt och Br\u00f6llopsfotograf i G\u00f6teborg, Varberg och resten av Sverige - dokument\u00e4r br\u00f6llopsfotograf med fokus p\u00e5 k\u00e4nslan, f\u00e5ngar de sm\u00e5 och stora \u00f6gonblicken\" \/>\n<meta property=\"og:url\" content=\"https:\/\/cfoto.nu\/sv\/vill-veta-mer-portratt-fotografering\/\" \/>\n<meta property=\"og:site_name\" content=\"cfoto\" \/>\n<meta property=\"article:publisher\" content=\"https:\/\/www.facebook.com\/cfoto.nu\/\" \/>\n<meta property=\"article:modified_time\" content=\"2018-11-30T10:18:27+00:00\" \/>\n<meta property=\"og:image\" content=\"https:\/\/cfoto.nu\/wp-content\/uploads\/2018\/07\/Frida-och-Daniel-1-of-1-1024x683.jpg\" \/>\n\t<meta property=\"og:image:width\" content=\"1024\" \/>\n\t<meta property=\"og:image:height\" content=\"683\" \/>\n\t<meta property=\"og:image:type\" content=\"image\/jpeg\" \/>\n<meta name=\"twitter:card\" content=\"summary_large_image\" \/>\n<script type=\"application\/ld+json\" class=\"yoast-schema-graph\">{\"@context\":\"https:\\\/\\\/schema.org\",\"@graph\":[{\"@type\":\"WebPage\",\"@id\":\"https:\\\/\\\/cfoto.nu\\\/sv\\\/vill-veta-mer-portratt-fotografering\\\/\",\"url\":\"https:\\\/\\\/cfoto.nu\\\/sv\\\/vill-veta-mer-portratt-fotografering\\\/\",\"name\":\"Vill veta mer portr\u00e4tt fotografering - cfoto\",\"isPartOf\":{\"@id\":\"https:\\\/\\\/cfoto.nu\\\/sv\\\/#website\"},\"datePublished\":\"2017-12-08T13:22:47+00:00\",\"dateModified\":\"2018-11-30T10:18:27+00:00\",\"description\":\"Portr\u00e4tt och Br\u00f6llopsfotograf i G\u00f6teborg, Varberg och resten av Sverige - dokument\u00e4r br\u00f6llopsfotograf med fokus p\u00e5 k\u00e4nslan, f\u00e5ngar de sm\u00e5 och stora \u00f6gonblicken\",\"breadcrumb\":{\"@id\":\"https:\\\/\\\/cfoto.nu\\\/sv\\\/vill-veta-mer-portratt-fotografering\\\/#breadcrumb\"},\"inLanguage\":\"sv-SE\",\"potentialAction\":[{\"@type\":\"ReadAction\",\"target\":[\"https:\\\/\\\/cfoto.nu\\\/sv\\\/vill-veta-mer-portratt-fotografering\\\/\"]}]},{\"@type\":\"BreadcrumbList\",\"@id\":\"https:\\\/\\\/cfoto.nu\\\/sv\\\/vill-veta-mer-portratt-fotografering\\\/#breadcrumb\",\"itemListElement\":[{\"@type\":\"ListItem\",\"position\":1,\"name\":\"Home\",\"item\":\"https:\\\/\\\/cfoto.nu\\\/sv\\\/\"},{\"@type\":\"ListItem\",\"position\":2,\"name\":\"Vill veta mer portr\u00e4tt fotografering\"}]},{\"@type\":\"WebSite\",\"@id\":\"https:\\\/\\\/cfoto.nu\\\/sv\\\/#website\",\"url\":\"https:\\\/\\\/cfoto.nu\\\/sv\\\/\",\"name\":\"cfoto\",\"description\":\"Dokument\u00e4r Br\u00f6llopsfotograf i G\u00f6teborg\",\"publisher\":{\"@id\":\"https:\\\/\\\/cfoto.nu\\\/sv\\\/#organization\"},\"potentialAction\":[{\"@type\":\"SearchAction\",\"target\":{\"@type\":\"EntryPoint\",\"urlTemplate\":\"https:\\\/\\\/cfoto.nu\\\/sv\\\/?s={search_term_string}\"},\"query-input\":{\"@type\":\"PropertyValueSpecification\",\"valueRequired\":true,\"valueName\":\"search_term_string\"}}],\"inLanguage\":\"sv-SE\"},{\"@type\":\"Organization\",\"@id\":\"https:\\\/\\\/cfoto.nu\\\/sv\\\/#organization\",\"name\":\"CFOTO\",\"url\":\"https:\\\/\\\/cfoto.nu\\\/sv\\\/\",\"logo\":{\"@type\":\"ImageObject\",\"inLanguage\":\"sv-SE\",\"@id\":\"https:\\\/\\\/cfoto.nu\\\/sv\\\/#\\\/schema\\\/logo\\\/image\\\/\",\"url\":\"https:\\\/\\\/i0.wp.com\\\/cfoto.nu\\\/wp-content\\\/uploads\\\/2019\\\/12\\\/Brollopsfotograf-Gotebotg_0042.jpg?fit=1500%2C1000&quality=89&ssl=1\",\"contentUrl\":\"https:\\\/\\\/i0.wp.com\\\/cfoto.nu\\\/wp-content\\\/uploads\\\/2019\\\/12\\\/Brollopsfotograf-Gotebotg_0042.jpg?fit=1500%2C1000&quality=89&ssl=1\",\"width\":1500,\"height\":1000,\"caption\":\"CFOTO\"},\"image\":{\"@id\":\"https:\\\/\\\/cfoto.nu\\\/sv\\\/#\\\/schema\\\/logo\\\/image\\\/\"},\"sameAs\":[\"https:\\\/\\\/www.facebook.com\\\/cfoto.nu\\\/\",\"https:\\\/\\\/www.instagram.com\\\/cfoto.nu\\\/\",\"https:\\\/\\\/se.pinterest.com\\\/cattisa\"]}]}<\/script>\n<!-- \/ Yoast SEO plugin. -->","yoast_head_json":{"title":"Vill veta mer portr\u00e4tt fotografering - cfoto","description":"Portr\u00e4tt och Br\u00f6llopsfotograf i G\u00f6teborg, Varberg och resten av Sverige - dokument\u00e4r br\u00f6llopsfotograf med fokus p\u00e5 k\u00e4nslan, f\u00e5ngar de sm\u00e5 och stora \u00f6gonblicken","robots":{"index":"index","follow":"follow","max-snippet":"max-snippet:-1","max-image-preview":"max-image-preview:large","max-video-preview":"max-video-preview:-1"},"canonical":"https:\/\/cfoto.nu\/sv\/vill-veta-mer-portratt-fotografering\/","og_locale":"sv_SE","og_type":"article","og_title":"Vill veta mer portr\u00e4tt fotografering - cfoto","og_description":"Portr\u00e4tt och Br\u00f6llopsfotograf i G\u00f6teborg, Varberg och resten av Sverige - dokument\u00e4r br\u00f6llopsfotograf med fokus p\u00e5 k\u00e4nslan, f\u00e5ngar de sm\u00e5 och stora \u00f6gonblicken","og_url":"https:\/\/cfoto.nu\/sv\/vill-veta-mer-portratt-fotografering\/","og_site_name":"cfoto","article_publisher":"https:\/\/www.facebook.com\/cfoto.nu\/","article_modified_time":"2018-11-30T10:18:27+00:00","og_image":[{"width":1024,"height":683,"url":"https:\/\/cfoto.nu\/wp-content\/uploads\/2018\/07\/Frida-och-Daniel-1-of-1-1024x683.jpg","type":"image\/jpeg"}],"twitter_card":"summary_large_image","schema":{"@context":"https:\/\/schema.org","@graph":[{"@type":"WebPage","@id":"https:\/\/cfoto.nu\/sv\/vill-veta-mer-portratt-fotografering\/","url":"https:\/\/cfoto.nu\/sv\/vill-veta-mer-portratt-fotografering\/","name":"Vill veta mer portr\u00e4tt fotografering - cfoto","isPartOf":{"@id":"https:\/\/cfoto.nu\/sv\/#website"},"datePublished":"2017-12-08T13:22:47+00:00","dateModified":"2018-11-30T10:18:27+00:00","description":"Portr\u00e4tt och Br\u00f6llopsfotograf i G\u00f6teborg, Varberg och resten av Sverige - dokument\u00e4r br\u00f6llopsfotograf med fokus p\u00e5 k\u00e4nslan, f\u00e5ngar de sm\u00e5 och stora \u00f6gonblicken","breadcrumb":{"@id":"https:\/\/cfoto.nu\/sv\/vill-veta-mer-portratt-fotografering\/#breadcrumb"},"inLanguage":"sv-SE","potentialAction":[{"@type":"ReadAction","target":["https:\/\/cfoto.nu\/sv\/vill-veta-mer-portratt-fotografering\/"]}]},{"@type":"BreadcrumbList","@id":"https:\/\/cfoto.nu\/sv\/vill-veta-mer-portratt-fotografering\/#breadcrumb","itemListElement":[{"@type":"ListItem","position":1,"name":"Home","item":"https:\/\/cfoto.nu\/sv\/"},{"@type":"ListItem","position":2,"name":"Vill veta mer portr\u00e4tt fotografering"}]},{"@type":"WebSite","@id":"https:\/\/cfoto.nu\/sv\/#website","url":"https:\/\/cfoto.nu\/sv\/","name":"cfoto","description":"Dokument\u00e4r Br\u00f6llopsfotograf i G\u00f6teborg","publisher":{"@id":"https:\/\/cfoto.nu\/sv\/#organization"},"potentialAction":[{"@type":"SearchAction","target":{"@type":"EntryPoint","urlTemplate":"https:\/\/cfoto.nu\/sv\/?s={search_term_string}"},"query-input":{"@type":"PropertyValueSpecification","valueRequired":true,"valueName":"search_term_string"}}],"inLanguage":"sv-SE"},{"@type":"Organization","@id":"https:\/\/cfoto.nu\/sv\/#organization","name":"CFOTO","url":"https:\/\/cfoto.nu\/sv\/","logo":{"@type":"ImageObject","inLanguage":"sv-SE","@id":"https:\/\/cfoto.nu\/sv\/#\/schema\/logo\/image\/","url":"https:\/\/i0.wp.com\/cfoto.nu\/wp-content\/uploads\/2019\/12\/Brollopsfotograf-Gotebotg_0042.jpg?fit=1500%2C1000&quality=89&ssl=1","contentUrl":"https:\/\/i0.wp.com\/cfoto.nu\/wp-content\/uploads\/2019\/12\/Brollopsfotograf-Gotebotg_0042.jpg?fit=1500%2C1000&quality=89&ssl=1","width":1500,"height":1000,"caption":"CFOTO"},"image":{"@id":"https:\/\/cfoto.nu\/sv\/#\/schema\/logo\/image\/"},"sameAs":["https:\/\/www.facebook.com\/cfoto.nu\/","https:\/\/www.instagram.com\/cfoto.nu\/","https:\/\/se.pinterest.com\/cattisa"]}]}},"jetpack_sharing_enabled":true,"jetpack_shortlink":"https:\/\/wp.me\/P9qhNn-M2","jetpack_likes_enabled":true,"jetpack-related-posts":[{"id":2773,"url":"https:\/\/cfoto.nu\/sv\/portfolio\/","url_meta":{"origin":2978,"position":0},"title":"Portfolio &#8211; Br\u00f6llop &#038; Portr\u00e4tt fotograf i G\u00f6teborg, Kungsbacka","author":"cattis","date":"november 24, 2017","format":false,"excerpt":"Titta g\u00e4rna igenom mina gallerier och l\u00e5t mig veta ifall du gillar det du ser! Eller \u00e4nnu b\u00e4ttre kontakta mig, s\u00e5 kan vi skapa n\u00e5got vackert tillsammans, Jag vill g\u00e4rna h\u00f6ra ifr\u00e5n dig!","rel":"","context":"Liknande inl\u00e4gg","block_context":{"text":"Liknande inl\u00e4gg","link":""},"img":{"alt_text":"Br\u00f6llopsfotograf G\u00f6teborg br\u00f6llop Bohusl\u00e4n Wedding photographer Sweden ","src":"https:\/\/i0.wp.com\/cfoto.nu\/wp-content\/uploads\/2017\/04\/Brollopsfotogarf-Goteborg-10-of-18.jpg?fit=1200%2C800&quality=89&ssl=1&resize=350%2C200","width":350,"height":200,"srcset":"https:\/\/i0.wp.com\/cfoto.nu\/wp-content\/uploads\/2017\/04\/Brollopsfotogarf-Goteborg-10-of-18.jpg?fit=1200%2C800&quality=89&ssl=1&resize=350%2C200 1x, https:\/\/i0.wp.com\/cfoto.nu\/wp-content\/uploads\/2017\/04\/Brollopsfotogarf-Goteborg-10-of-18.jpg?fit=1200%2C800&quality=89&ssl=1&resize=525%2C300 1.5x, https:\/\/i0.wp.com\/cfoto.nu\/wp-content\/uploads\/2017\/04\/Brollopsfotogarf-Goteborg-10-of-18.jpg?fit=1200%2C800&quality=89&ssl=1&resize=700%2C400 2x, https:\/\/i0.wp.com\/cfoto.nu\/wp-content\/uploads\/2017\/04\/Brollopsfotogarf-Goteborg-10-of-18.jpg?fit=1200%2C800&quality=89&ssl=1&resize=1050%2C600 3x"},"classes":[]},{"id":3596,"url":"https:\/\/cfoto.nu\/sv\/jag-vill-garna-veta-mer-om-er-familjefotografering\/","url_meta":{"origin":2978,"position":1},"title":"Jag vill g\u00e4rna veta mer om er familjefotografering","author":"cattis","date":"maj 18, 2018","format":false,"excerpt":"","rel":"","context":"Liknande inl\u00e4gg","block_context":{"text":"Liknande inl\u00e4gg","link":""},"img":{"alt_text":"","src":"","width":0,"height":0},"classes":[]},{"id":2958,"url":"https:\/\/cfoto.nu\/sv\/jag-vill-garna-veta-mer-om-er-brollop\/","url_meta":{"origin":2978,"position":2},"title":"Jag vill g\u00e4rna veta mer om er &#8211; br\u00f6llop","author":"cattis","date":"december 8, 2017","format":false,"excerpt":"","rel":"","context":"Liknande inl\u00e4gg","block_context":{"text":"Liknande inl\u00e4gg","link":""},"img":{"alt_text":"","src":"","width":0,"height":0},"classes":[]},{"id":583,"url":"https:\/\/cfoto.nu\/sv\/about\/","url_meta":{"origin":2978,"position":3},"title":"Portr\u00e4tt och br\u00f6llopsfotograf &#8211; Om Fotograf Cattis Fletcher","author":"cattis","date":"september 6, 2017","format":false,"excerpt":"","rel":"","context":"Liknande inl\u00e4gg","block_context":{"text":"Liknande inl\u00e4gg","link":""},"img":{"alt_text":"om fotograf Cattis Fletcher, portr\u00e4tt och br\u00f6llopsfotograf fr\u00e5n Cfoto i G\u00f6teborg och Kungsbacka","src":"https:\/\/i0.wp.com\/cfoto.nu\/wp-content\/uploads\/2017\/02\/jag-1-e1507896990823.jpg?fit=795%2C795&quality=89&ssl=1&resize=350%2C200","width":350,"height":200,"srcset":"https:\/\/i0.wp.com\/cfoto.nu\/wp-content\/uploads\/2017\/02\/jag-1-e1507896990823.jpg?fit=795%2C795&quality=89&ssl=1&resize=350%2C200 1x, https:\/\/i0.wp.com\/cfoto.nu\/wp-content\/uploads\/2017\/02\/jag-1-e1507896990823.jpg?fit=795%2C795&quality=89&ssl=1&resize=525%2C300 1.5x, https:\/\/i0.wp.com\/cfoto.nu\/wp-content\/uploads\/2017\/02\/jag-1-e1507896990823.jpg?fit=795%2C795&quality=89&ssl=1&resize=700%2C400 2x"},"classes":[]},{"id":595,"url":"https:\/\/cfoto.nu\/sv\/kontakt\/","url_meta":{"origin":2978,"position":4},"title":"Kontakt &#8211; H\u00f6r av dig till fotograf Cattis Fletcher","author":"cattis","date":"september 8, 2017","format":false,"excerpt":"","rel":"","context":"Liknande inl\u00e4gg","block_context":{"text":"Liknande inl\u00e4gg","link":""},"img":{"alt_text":"Fotograf Cattis Fletcher Br\u00f6llopsfotograf portr\u00e4tt fotograf G\u00f6teborg Kungsbacka Varberg","src":"https:\/\/i0.wp.com\/cfoto.nu\/wp-content\/uploads\/2017\/11\/084-first-look-jennie-och-davids-br%C3%B6llop-br%C3%B6llopsfotograf-cfoto-cattis-fletcher.jpg?fit=1200%2C800&quality=89&ssl=1&resize=350%2C200","width":350,"height":200,"srcset":"https:\/\/i0.wp.com\/cfoto.nu\/wp-content\/uploads\/2017\/11\/084-first-look-jennie-och-davids-br%C3%B6llop-br%C3%B6llopsfotograf-cfoto-cattis-fletcher.jpg?fit=1200%2C800&quality=89&ssl=1&resize=350%2C200 1x, https:\/\/i0.wp.com\/cfoto.nu\/wp-content\/uploads\/2017\/11\/084-first-look-jennie-och-davids-br%C3%B6llop-br%C3%B6llopsfotograf-cfoto-cattis-fletcher.jpg?fit=1200%2C800&quality=89&ssl=1&resize=525%2C300 1.5x, https:\/\/i0.wp.com\/cfoto.nu\/wp-content\/uploads\/2017\/11\/084-first-look-jennie-och-davids-br%C3%B6llop-br%C3%B6llopsfotograf-cfoto-cattis-fletcher.jpg?fit=1200%2C800&quality=89&ssl=1&resize=700%2C400 2x, https:\/\/i0.wp.com\/cfoto.nu\/wp-content\/uploads\/2017\/11\/084-first-look-jennie-och-davids-br%C3%B6llop-br%C3%B6llopsfotograf-cfoto-cattis-fletcher.jpg?fit=1200%2C800&quality=89&ssl=1&resize=1050%2C600 3x"},"classes":[]},{"id":1958,"url":"https:\/\/cfoto.nu\/sv\/kommersielt\/","url_meta":{"origin":2978,"position":5},"title":"Fotograf f\u00f6r F\u00f6retag &#8211; bilder till hemsida &#8211; f\u00f6retags portr\u00e4tt","author":"cattis","date":"november 14, 2017","format":false,"excerpt":"","rel":"","context":"Liknande inl\u00e4gg","block_context":{"text":"Liknande inl\u00e4gg","link":""},"img":{"alt_text":"f\u00f6r f\u00f6retag fotograf Cfoto cattis fletcher interi\u00f6r fr\u00e5n resturang","src":"https:\/\/i0.wp.com\/cfoto.nu\/wp-content\/uploads\/2017\/11\/resturang-2-of-1.jpg?fit=1200%2C800&quality=89&ssl=1&resize=350%2C200","width":350,"height":200,"srcset":"https:\/\/i0.wp.com\/cfoto.nu\/wp-content\/uploads\/2017\/11\/resturang-2-of-1.jpg?fit=1200%2C800&quality=89&ssl=1&resize=350%2C200 1x, https:\/\/i0.wp.com\/cfoto.nu\/wp-content\/uploads\/2017\/11\/resturang-2-of-1.jpg?fit=1200%2C800&quality=89&ssl=1&resize=525%2C300 1.5x, https:\/\/i0.wp.com\/cfoto.nu\/wp-content\/uploads\/2017\/11\/resturang-2-of-1.jpg?fit=1200%2C800&quality=89&ssl=1&resize=700%2C400 2x, https:\/\/i0.wp.com\/cfoto.nu\/wp-content\/uploads\/2017\/11\/resturang-2-of-1.jpg?fit=1200%2C800&quality=89&ssl=1&resize=1050%2C600 3x"},"classes":[]}],"_links":{"self":[{"href":"https:\/\/cfoto.nu\/sv\/wp-json\/wp\/v2\/pages\/2978","targetHints":{"allow":["GET"]}}],"collection":[{"href":"https:\/\/cfoto.nu\/sv\/wp-json\/wp\/v2\/pages"}],"about":[{"href":"https:\/\/cfoto.nu\/sv\/wp-json\/wp\/v2\/types\/page"}],"author":[{"embeddable":true,"href":"https:\/\/cfoto.nu\/sv\/wp-json\/wp\/v2\/users\/1"}],"replies":[{"embeddable":true,"href":"https:\/\/cfoto.nu\/sv\/wp-json\/wp\/v2\/comments?post=2978"}],"version-history":[{"count":7,"href":"https:\/\/cfoto.nu\/sv\/wp-json\/wp\/v2\/pages\/2978\/revisions"}],"predecessor-version":[{"id":2993,"href":"https:\/\/cfoto.nu\/sv\/wp-json\/wp\/v2\/pages\/2978\/revisions\/2993"}],"wp:attachment":[{"href":"https:\/\/cfoto.nu\/sv\/wp-json\/wp\/v2\/media?parent=2978"}],"curies":[{"name":"wp","href":"https:\/\/api.w.org\/{rel}","templated":true}]}}