{"id":474,"date":"2017-05-05T12:49:27","date_gmt":"2017-05-05T12:49:27","guid":{"rendered":"http:\/\/wp.cfoto.nu\/?page_id=474\/"},"modified":"2025-01-30T16:49:37","modified_gmt":"2025-01-30T15:49:37","slug":"portratt-brollopsfotograf-naturliga-bilder-med-mycket-kansla","status":"publish","type":"page","link":"https:\/\/cfoto.nu\/sv\/","title":{"rendered":"Portr\u00e4tt &#038; Br\u00f6llopsfotograf &#8211; f\u00f6r naturliga bilder med mycket k\u00e4nsla"},"content":{"rendered":"","protected":false},"excerpt":{"rendered":"<p>Dokument\u00e4r Br\u00f6llopsfotograf fr\u00e5n G\u00f6teborg. Brinner f\u00f6r att f\u00e5nga det naturliga, vackra och \u00e4kta  <\/p>\n","protected":false},"author":1,"featured_media":5756,"parent":0,"menu_order":0,"comment_status":"closed","ping_status":"closed","template":"","meta":{"_exactmetrics_skip_tracking":false,"_exactmetrics_sitenote_active":false,"_exactmetrics_sitenote_note":"","_exactmetrics_sitenote_category":0,"footnotes":""},"class_list":["post-474","page","type-page","status-publish","has-post-thumbnail"],"yoast_head":"<!-- This site is optimized with the Yoast SEO plugin v27.6 - https:\/\/yoast.com\/product\/yoast-seo-wordpress\/ -->\n<title>Portr\u00e4tt &amp; Br\u00f6llopsfotograf - f\u00f6r naturliga bilder med mycket k\u00e4nsla - cfoto<\/title>\n<meta name=\"description\" content=\"Portr\u00e4tt &amp; Br\u00f6llopsfotograf i G\u00f6teborg, Varberg &amp; Helsingborg, tar uppdrag i hela Sverige. F\u00f6r naturliga &amp; \u00e4rliga bilder med mycket k\u00e4nsla. V\u00e4lkommen!\" \/>\n<meta name=\"robots\" content=\"index, follow, max-snippet:-1, max-image-preview:large, max-video-preview:-1\" \/>\n<link rel=\"canonical\" href=\"https:\/\/cfoto.nu\/sv\/\" \/>\n<meta property=\"og:locale\" content=\"sv_SE\" \/>\n<meta property=\"og:type\" content=\"article\" \/>\n<meta property=\"og:title\" content=\"Portr\u00e4tt &amp; Br\u00f6llopsfotograf - f\u00f6r naturliga bilder med mycket k\u00e4nsla\" \/>\n<meta property=\"og:description\" content=\"Portr\u00e4tt &amp; br\u00f6llopsfotograf i G\u00f6teborg, Varberg &amp; Helsingborg, tar uppdrag i hela Sverige. F\u00f6r naturliga &amp; \u00e4rliga bilder med mycket k\u00e4nsla. V\u00e4lkommen!\" \/>\n<meta property=\"og:url\" content=\"https:\/\/cfoto.nu\/sv\/\" \/>\n<meta property=\"og:site_name\" content=\"cfoto\" \/>\n<meta property=\"article:publisher\" content=\"https:\/\/www.facebook.com\/cfoto.nu\/\" \/>\n<meta property=\"article:modified_time\" content=\"2025-01-30T15:49:37+00:00\" \/>\n<meta property=\"og:image\" content=\"https:\/\/i0.wp.com\/cfoto.nu\/wp-content\/uploads\/2018\/08\/bildspel-10-of-131.jpg?fit=3300%2C2200&quality=89&ssl=1\" \/>\n\t<meta property=\"og:image:width\" content=\"3300\" \/>\n\t<meta property=\"og:image:height\" content=\"2200\" \/>\n\t<meta property=\"og:image:type\" content=\"image\/jpeg\" \/>\n<meta name=\"twitter:card\" content=\"summary_large_image\" \/>\n<meta name=\"twitter:title\" content=\"Portr\u00e4tt &amp; Br\u00f6llopsfotograf - f\u00f6r naturliga bilder med mycket k\u00e4nsla\" \/>\n<meta name=\"twitter:description\" content=\"Portr\u00e4tt &amp; br\u00f6llopsfotograf i G\u00f6teborg, Varberg &amp; Helsingborg, tar uppdrag i hela Sverige. F\u00f6r naturliga &amp; \u00e4rliga bilder med mycket k\u00e4nsla. V\u00e4lkommen!\" \/>\n<script type=\"application\/ld+json\" class=\"yoast-schema-graph\">{\"@context\":\"https:\\\/\\\/schema.org\",\"@graph\":[{\"@type\":\"WebPage\",\"@id\":\"https:\\\/\\\/cfoto.nu\\\/sv\\\/\",\"url\":\"https:\\\/\\\/cfoto.nu\\\/sv\\\/\",\"name\":\"Portr\u00e4tt & Br\u00f6llopsfotograf - f\u00f6r naturliga bilder med mycket k\u00e4nsla - cfoto\",\"isPartOf\":{\"@id\":\"https:\\\/\\\/cfoto.nu\\\/sv\\\/#website\"},\"primaryImageOfPage\":{\"@id\":\"https:\\\/\\\/cfoto.nu\\\/sv\\\/#primaryimage\"},\"image\":{\"@id\":\"https:\\\/\\\/cfoto.nu\\\/sv\\\/#primaryimage\"},\"thumbnailUrl\":\"https:\\\/\\\/i0.wp.com\\\/cfoto.nu\\\/wp-content\\\/uploads\\\/2019\\\/07\\\/bildspel-10-of-131.jpg?fit=3300%2C2200&quality=89&ssl=1\",\"datePublished\":\"2017-05-05T12:49:27+00:00\",\"dateModified\":\"2025-01-30T15:49:37+00:00\",\"description\":\"Portr\u00e4tt & Br\u00f6llopsfotograf i G\u00f6teborg, Varberg & Helsingborg, tar uppdrag i hela Sverige. F\u00f6r naturliga & \u00e4rliga bilder med mycket k\u00e4nsla. V\u00e4lkommen!\",\"breadcrumb\":{\"@id\":\"https:\\\/\\\/cfoto.nu\\\/sv\\\/#breadcrumb\"},\"inLanguage\":\"sv-SE\",\"potentialAction\":[{\"@type\":\"ReadAction\",\"target\":[\"https:\\\/\\\/cfoto.nu\\\/sv\\\/\"]}]},{\"@type\":\"ImageObject\",\"inLanguage\":\"sv-SE\",\"@id\":\"https:\\\/\\\/cfoto.nu\\\/sv\\\/#primaryimage\",\"url\":\"https:\\\/\\\/i0.wp.com\\\/cfoto.nu\\\/wp-content\\\/uploads\\\/2019\\\/07\\\/bildspel-10-of-131.jpg?fit=3300%2C2200&quality=89&ssl=1\",\"contentUrl\":\"https:\\\/\\\/i0.wp.com\\\/cfoto.nu\\\/wp-content\\\/uploads\\\/2019\\\/07\\\/bildspel-10-of-131.jpg?fit=3300%2C2200&quality=89&ssl=1\",\"width\":3300,\"height\":2200,\"caption\":\"Br\u00f6llopsfotograf g\u00f6teborgwedding photographer Gothenburg Sweden destination wedding photographer\"},{\"@type\":\"BreadcrumbList\",\"@id\":\"https:\\\/\\\/cfoto.nu\\\/sv\\\/#breadcrumb\",\"itemListElement\":[{\"@type\":\"ListItem\",\"position\":1,\"name\":\"Home\",\"item\":\"https:\\\/\\\/cfoto.nu\\\/sv\\\/\"},{\"@type\":\"ListItem\",\"position\":2,\"name\":\"Portr\u00e4tt &#038; Br\u00f6llopsfotograf &#8211; f\u00f6r naturliga bilder med mycket k\u00e4nsla\"}]},{\"@type\":\"WebSite\",\"@id\":\"https:\\\/\\\/cfoto.nu\\\/sv\\\/#website\",\"url\":\"https:\\\/\\\/cfoto.nu\\\/sv\\\/\",\"name\":\"cfoto\",\"description\":\"Dokument\u00e4r Br\u00f6llopsfotograf i G\u00f6teborg\",\"publisher\":{\"@id\":\"https:\\\/\\\/cfoto.nu\\\/sv\\\/#organization\"},\"potentialAction\":[{\"@type\":\"SearchAction\",\"target\":{\"@type\":\"EntryPoint\",\"urlTemplate\":\"https:\\\/\\\/cfoto.nu\\\/sv\\\/?s={search_term_string}\"},\"query-input\":{\"@type\":\"PropertyValueSpecification\",\"valueRequired\":true,\"valueName\":\"search_term_string\"}}],\"inLanguage\":\"sv-SE\"},{\"@type\":\"Organization\",\"@id\":\"https:\\\/\\\/cfoto.nu\\\/sv\\\/#organization\",\"name\":\"CFOTO\",\"url\":\"https:\\\/\\\/cfoto.nu\\\/sv\\\/\",\"logo\":{\"@type\":\"ImageObject\",\"inLanguage\":\"sv-SE\",\"@id\":\"https:\\\/\\\/cfoto.nu\\\/sv\\\/#\\\/schema\\\/logo\\\/image\\\/\",\"url\":\"https:\\\/\\\/i0.wp.com\\\/cfoto.nu\\\/wp-content\\\/uploads\\\/2019\\\/12\\\/Brollopsfotograf-Gotebotg_0042.jpg?fit=1500%2C1000&quality=89&ssl=1\",\"contentUrl\":\"https:\\\/\\\/i0.wp.com\\\/cfoto.nu\\\/wp-content\\\/uploads\\\/2019\\\/12\\\/Brollopsfotograf-Gotebotg_0042.jpg?fit=1500%2C1000&quality=89&ssl=1\",\"width\":1500,\"height\":1000,\"caption\":\"CFOTO\"},\"image\":{\"@id\":\"https:\\\/\\\/cfoto.nu\\\/sv\\\/#\\\/schema\\\/logo\\\/image\\\/\"},\"sameAs\":[\"https:\\\/\\\/www.facebook.com\\\/cfoto.nu\\\/\",\"https:\\\/\\\/www.instagram.com\\\/cfoto.nu\\\/\",\"https:\\\/\\\/se.pinterest.com\\\/cattisa\"]}]}<\/script>\n<!-- \/ Yoast SEO plugin. -->","yoast_head_json":{"title":"Portr\u00e4tt & Br\u00f6llopsfotograf - f\u00f6r naturliga bilder med mycket k\u00e4nsla - cfoto","description":"Portr\u00e4tt & Br\u00f6llopsfotograf i G\u00f6teborg, Varberg & Helsingborg, tar uppdrag i hela Sverige. F\u00f6r naturliga & \u00e4rliga bilder med mycket k\u00e4nsla. V\u00e4lkommen!","robots":{"index":"index","follow":"follow","max-snippet":"max-snippet:-1","max-image-preview":"max-image-preview:large","max-video-preview":"max-video-preview:-1"},"canonical":"https:\/\/cfoto.nu\/sv\/","og_locale":"sv_SE","og_type":"article","og_title":"Portr\u00e4tt & Br\u00f6llopsfotograf - f\u00f6r naturliga bilder med mycket k\u00e4nsla","og_description":"Portr\u00e4tt & br\u00f6llopsfotograf i G\u00f6teborg, Varberg & Helsingborg, tar uppdrag i hela Sverige. F\u00f6r naturliga & \u00e4rliga bilder med mycket k\u00e4nsla. V\u00e4lkommen!","og_url":"https:\/\/cfoto.nu\/sv\/","og_site_name":"cfoto","article_publisher":"https:\/\/www.facebook.com\/cfoto.nu\/","article_modified_time":"2025-01-30T15:49:37+00:00","og_image":[{"width":3300,"height":2200,"url":"https:\/\/i0.wp.com\/cfoto.nu\/wp-content\/uploads\/2018\/08\/bildspel-10-of-131.jpg?fit=3300%2C2200&quality=89&ssl=1","type":"image\/jpeg"}],"twitter_card":"summary_large_image","twitter_title":"Portr\u00e4tt & Br\u00f6llopsfotograf - f\u00f6r naturliga bilder med mycket k\u00e4nsla","twitter_description":"Portr\u00e4tt & br\u00f6llopsfotograf i G\u00f6teborg, Varberg & Helsingborg, tar uppdrag i hela Sverige. F\u00f6r naturliga & \u00e4rliga bilder med mycket k\u00e4nsla. V\u00e4lkommen!","schema":{"@context":"https:\/\/schema.org","@graph":[{"@type":"WebPage","@id":"https:\/\/cfoto.nu\/sv\/","url":"https:\/\/cfoto.nu\/sv\/","name":"Portr\u00e4tt & Br\u00f6llopsfotograf - f\u00f6r naturliga bilder med mycket k\u00e4nsla - cfoto","isPartOf":{"@id":"https:\/\/cfoto.nu\/sv\/#website"},"primaryImageOfPage":{"@id":"https:\/\/cfoto.nu\/sv\/#primaryimage"},"image":{"@id":"https:\/\/cfoto.nu\/sv\/#primaryimage"},"thumbnailUrl":"https:\/\/i0.wp.com\/cfoto.nu\/wp-content\/uploads\/2019\/07\/bildspel-10-of-131.jpg?fit=3300%2C2200&quality=89&ssl=1","datePublished":"2017-05-05T12:49:27+00:00","dateModified":"2025-01-30T15:49:37+00:00","description":"Portr\u00e4tt & Br\u00f6llopsfotograf i G\u00f6teborg, Varberg & Helsingborg, tar uppdrag i hela Sverige. F\u00f6r naturliga & \u00e4rliga bilder med mycket k\u00e4nsla. V\u00e4lkommen!","breadcrumb":{"@id":"https:\/\/cfoto.nu\/sv\/#breadcrumb"},"inLanguage":"sv-SE","potentialAction":[{"@type":"ReadAction","target":["https:\/\/cfoto.nu\/sv\/"]}]},{"@type":"ImageObject","inLanguage":"sv-SE","@id":"https:\/\/cfoto.nu\/sv\/#primaryimage","url":"https:\/\/i0.wp.com\/cfoto.nu\/wp-content\/uploads\/2019\/07\/bildspel-10-of-131.jpg?fit=3300%2C2200&quality=89&ssl=1","contentUrl":"https:\/\/i0.wp.com\/cfoto.nu\/wp-content\/uploads\/2019\/07\/bildspel-10-of-131.jpg?fit=3300%2C2200&quality=89&ssl=1","width":3300,"height":2200,"caption":"Br\u00f6llopsfotograf g\u00f6teborgwedding photographer Gothenburg Sweden destination wedding photographer"},{"@type":"BreadcrumbList","@id":"https:\/\/cfoto.nu\/sv\/#breadcrumb","itemListElement":[{"@type":"ListItem","position":1,"name":"Home","item":"https:\/\/cfoto.nu\/sv\/"},{"@type":"ListItem","position":2,"name":"Portr\u00e4tt &#038; Br\u00f6llopsfotograf &#8211; f\u00f6r naturliga bilder med mycket k\u00e4nsla"}]},{"@type":"WebSite","@id":"https:\/\/cfoto.nu\/sv\/#website","url":"https:\/\/cfoto.nu\/sv\/","name":"cfoto","description":"Dokument\u00e4r Br\u00f6llopsfotograf i G\u00f6teborg","publisher":{"@id":"https:\/\/cfoto.nu\/sv\/#organization"},"potentialAction":[{"@type":"SearchAction","target":{"@type":"EntryPoint","urlTemplate":"https:\/\/cfoto.nu\/sv\/?s={search_term_string}"},"query-input":{"@type":"PropertyValueSpecification","valueRequired":true,"valueName":"search_term_string"}}],"inLanguage":"sv-SE"},{"@type":"Organization","@id":"https:\/\/cfoto.nu\/sv\/#organization","name":"CFOTO","url":"https:\/\/cfoto.nu\/sv\/","logo":{"@type":"ImageObject","inLanguage":"sv-SE","@id":"https:\/\/cfoto.nu\/sv\/#\/schema\/logo\/image\/","url":"https:\/\/i0.wp.com\/cfoto.nu\/wp-content\/uploads\/2019\/12\/Brollopsfotograf-Gotebotg_0042.jpg?fit=1500%2C1000&quality=89&ssl=1","contentUrl":"https:\/\/i0.wp.com\/cfoto.nu\/wp-content\/uploads\/2019\/12\/Brollopsfotograf-Gotebotg_0042.jpg?fit=1500%2C1000&quality=89&ssl=1","width":1500,"height":1000,"caption":"CFOTO"},"image":{"@id":"https:\/\/cfoto.nu\/sv\/#\/schema\/logo\/image\/"},"sameAs":["https:\/\/www.facebook.com\/cfoto.nu\/","https:\/\/www.instagram.com\/cfoto.nu\/","https:\/\/se.pinterest.com\/cattisa"]}]}},"jetpack_sharing_enabled":true,"jetpack_shortlink":"https:\/\/wp.me\/P9qhNn-7E","jetpack_likes_enabled":true,"jetpack-related-posts":[{"id":5008,"url":"https:\/\/cfoto.nu\/sv\/brollopsfotograf-falkenberg\/","url_meta":{"origin":474,"position":0},"title":"Br\u00f6llopsfotograf Falkenberg","author":"cattis","date":"mars 6, 2019","format":false,"excerpt":"Letar ni efter br\u00f6llopsfotograf i Falkenberg? Jag tar naturliga bilder f\u00f6r att f\u00e5nga er k\u00e4rlek till varandra och k\u00e4nslan f\u00e5r eran dag.","rel":"","context":"Liknande inl\u00e4gg","block_context":{"text":"Liknande inl\u00e4gg","link":""},"img":{"alt_text":"Br\u00f6llopsfotograf Falkenberg","src":"https:\/\/i0.wp.com\/cfoto.nu\/wp-content\/uploads\/2019\/03\/brollopsfotograf-Helsingborg-1-of-1-2.jpg?fit=1200%2C800&quality=89&ssl=1&resize=350%2C200","width":350,"height":200,"srcset":"https:\/\/i0.wp.com\/cfoto.nu\/wp-content\/uploads\/2019\/03\/brollopsfotograf-Helsingborg-1-of-1-2.jpg?fit=1200%2C800&quality=89&ssl=1&resize=350%2C200 1x, https:\/\/i0.wp.com\/cfoto.nu\/wp-content\/uploads\/2019\/03\/brollopsfotograf-Helsingborg-1-of-1-2.jpg?fit=1200%2C800&quality=89&ssl=1&resize=525%2C300 1.5x, https:\/\/i0.wp.com\/cfoto.nu\/wp-content\/uploads\/2019\/03\/brollopsfotograf-Helsingborg-1-of-1-2.jpg?fit=1200%2C800&quality=89&ssl=1&resize=700%2C400 2x, https:\/\/i0.wp.com\/cfoto.nu\/wp-content\/uploads\/2019\/03\/brollopsfotograf-Helsingborg-1-of-1-2.jpg?fit=1200%2C800&quality=89&ssl=1&resize=1050%2C600 3x"},"classes":[]},{"id":4931,"url":"https:\/\/cfoto.nu\/sv\/brollopsfotograf-helsingborg\/","url_meta":{"origin":474,"position":1},"title":"Br\u00f6llopsfotograf Helsingborg","author":"cattis","date":"mars 6, 2019","format":false,"excerpt":"Letar ni efter br\u00f6llopsfotograf i Helsingborg? L\u00e5t mig b\u00f6rja med att s\u00e4ga grattis! Ni har s\u00e5 mycket roligt att se fram emot.","rel":"","context":"Liknande inl\u00e4gg","block_context":{"text":"Liknande inl\u00e4gg","link":""},"img":{"alt_text":"Br\u00f6llopsfotograf Helsingborg","src":"https:\/\/i0.wp.com\/cfoto.nu\/wp-content\/uploads\/2019\/03\/brollopsfotograf-Helsingborg-1-of-1.jpg?fit=1200%2C800&quality=89&ssl=1&resize=350%2C200","width":350,"height":200,"srcset":"https:\/\/i0.wp.com\/cfoto.nu\/wp-content\/uploads\/2019\/03\/brollopsfotograf-Helsingborg-1-of-1.jpg?fit=1200%2C800&quality=89&ssl=1&resize=350%2C200 1x, https:\/\/i0.wp.com\/cfoto.nu\/wp-content\/uploads\/2019\/03\/brollopsfotograf-Helsingborg-1-of-1.jpg?fit=1200%2C800&quality=89&ssl=1&resize=525%2C300 1.5x, https:\/\/i0.wp.com\/cfoto.nu\/wp-content\/uploads\/2019\/03\/brollopsfotograf-Helsingborg-1-of-1.jpg?fit=1200%2C800&quality=89&ssl=1&resize=700%2C400 2x, https:\/\/i0.wp.com\/cfoto.nu\/wp-content\/uploads\/2019\/03\/brollopsfotograf-Helsingborg-1-of-1.jpg?fit=1200%2C800&quality=89&ssl=1&resize=1050%2C600 3x"},"classes":[]},{"id":4982,"url":"https:\/\/cfoto.nu\/sv\/brollopsfotograf-malmo\/","url_meta":{"origin":474,"position":2},"title":"Br\u00f6llopsfotograf Malm\u00f6","author":"cattis","date":"mars 6, 2019","format":false,"excerpt":"","rel":"","context":"Liknande inl\u00e4gg","block_context":{"text":"Liknande inl\u00e4gg","link":""},"img":{"alt_text":"Br\u00f6llopsfotograf Malm\u00f6","src":"https:\/\/i0.wp.com\/cfoto.nu\/wp-content\/uploads\/2019\/03\/brollopsfotograf-Helsingborg-1-of-1-1.jpg?fit=1200%2C800&quality=89&ssl=1&resize=350%2C200","width":350,"height":200,"srcset":"https:\/\/i0.wp.com\/cfoto.nu\/wp-content\/uploads\/2019\/03\/brollopsfotograf-Helsingborg-1-of-1-1.jpg?fit=1200%2C800&quality=89&ssl=1&resize=350%2C200 1x, https:\/\/i0.wp.com\/cfoto.nu\/wp-content\/uploads\/2019\/03\/brollopsfotograf-Helsingborg-1-of-1-1.jpg?fit=1200%2C800&quality=89&ssl=1&resize=525%2C300 1.5x, https:\/\/i0.wp.com\/cfoto.nu\/wp-content\/uploads\/2019\/03\/brollopsfotograf-Helsingborg-1-of-1-1.jpg?fit=1200%2C800&quality=89&ssl=1&resize=700%2C400 2x, https:\/\/i0.wp.com\/cfoto.nu\/wp-content\/uploads\/2019\/03\/brollopsfotograf-Helsingborg-1-of-1-1.jpg?fit=1200%2C800&quality=89&ssl=1&resize=1050%2C600 3x"},"classes":[]},{"id":5034,"url":"https:\/\/cfoto.nu\/sv\/brollopsfotograf-stockholm\/","url_meta":{"origin":474,"position":3},"title":"Br\u00f6llopsfotograf Stockholm","author":"cattis","date":"mars 8, 2019","format":false,"excerpt":"","rel":"","context":"Liknande inl\u00e4gg","block_context":{"text":"Liknande inl\u00e4gg","link":""},"img":{"alt_text":"Br\u00f6llopsfotograf i Stockholm","src":"https:\/\/i0.wp.com\/cfoto.nu\/wp-content\/uploads\/2019\/03\/brollopsfotograf-Helsingborg-1-of-1-3.jpg?fit=1200%2C800&quality=89&ssl=1&resize=350%2C200","width":350,"height":200,"srcset":"https:\/\/i0.wp.com\/cfoto.nu\/wp-content\/uploads\/2019\/03\/brollopsfotograf-Helsingborg-1-of-1-3.jpg?fit=1200%2C800&quality=89&ssl=1&resize=350%2C200 1x, https:\/\/i0.wp.com\/cfoto.nu\/wp-content\/uploads\/2019\/03\/brollopsfotograf-Helsingborg-1-of-1-3.jpg?fit=1200%2C800&quality=89&ssl=1&resize=525%2C300 1.5x, https:\/\/i0.wp.com\/cfoto.nu\/wp-content\/uploads\/2019\/03\/brollopsfotograf-Helsingborg-1-of-1-3.jpg?fit=1200%2C800&quality=89&ssl=1&resize=700%2C400 2x, https:\/\/i0.wp.com\/cfoto.nu\/wp-content\/uploads\/2019\/03\/brollopsfotograf-Helsingborg-1-of-1-3.jpg?fit=1200%2C800&quality=89&ssl=1&resize=1050%2C600 3x"},"classes":[]},{"id":5726,"url":"https:\/\/cfoto.nu\/sv\/brollopsfotograf-halmstad-naturligt-och-avslappnat\/","url_meta":{"origin":474,"position":4},"title":"Br\u00f6llopsfotograf Halmstad &#8211; Naturligt och avslappnat","author":"cattis","date":"juli 11, 2019","format":false,"excerpt":"","rel":"","context":"Liknande inl\u00e4gg","block_context":{"text":"Liknande inl\u00e4gg","link":""},"img":{"alt_text":"br\u00f6llopsfotograf Halmstad br\u00f6llopspar kyss","src":"https:\/\/i0.wp.com\/cfoto.nu\/wp-content\/uploads\/2019\/07\/bildspel-51-of-106.jpg?fit=1200%2C800&quality=89&ssl=1&resize=350%2C200","width":350,"height":200,"srcset":"https:\/\/i0.wp.com\/cfoto.nu\/wp-content\/uploads\/2019\/07\/bildspel-51-of-106.jpg?fit=1200%2C800&quality=89&ssl=1&resize=350%2C200 1x, https:\/\/i0.wp.com\/cfoto.nu\/wp-content\/uploads\/2019\/07\/bildspel-51-of-106.jpg?fit=1200%2C800&quality=89&ssl=1&resize=525%2C300 1.5x, https:\/\/i0.wp.com\/cfoto.nu\/wp-content\/uploads\/2019\/07\/bildspel-51-of-106.jpg?fit=1200%2C800&quality=89&ssl=1&resize=700%2C400 2x, https:\/\/i0.wp.com\/cfoto.nu\/wp-content\/uploads\/2019\/07\/bildspel-51-of-106.jpg?fit=1200%2C800&quality=89&ssl=1&resize=1050%2C600 3x"},"classes":[]},{"id":1108,"url":"https:\/\/cfoto.nu\/sv\/brollopsfotograf\/","url_meta":{"origin":474,"position":5},"title":"Br\u00f6llopsfotograf i G\u00f6teborg, Helsingborg &#038; Varberg","author":"cattis","date":"oktober 10, 2017","format":false,"excerpt":"F\u00f6rbereder ni inf\u00f6r ert br\u00f6llop? Grattis! Ni har s\u00e5 mycket roligt att se fram emot. N\u00e4r allt \u00e4r planerat s\u00e5 k\u00e4nns det helt underbart. Det enda ni ska t\u00e4nka p\u00e5 \u00e4r att s\u00e4ga ja, h\u00e5lla varandra i handen, kramas, dansa, fira och glittra av lycka! Jag \u00e4r br\u00f6llopsfotograf i G\u00f6teborg","rel":"","context":"Liknande inl\u00e4gg","block_context":{"text":"Liknande inl\u00e4gg","link":""},"img":{"alt_text":"Helena och Eamons br\u00f6llop ii G\u00f6teborg br\u00f6llopsfotograf cattis fletcher","src":"https:\/\/i0.wp.com\/cfoto.nu\/wp-content\/uploads\/2018\/08\/bildspel-10-of-131.jpg?fit=1200%2C800&quality=89&ssl=1&resize=350%2C200","width":350,"height":200,"srcset":"https:\/\/i0.wp.com\/cfoto.nu\/wp-content\/uploads\/2018\/08\/bildspel-10-of-131.jpg?fit=1200%2C800&quality=89&ssl=1&resize=350%2C200 1x, https:\/\/i0.wp.com\/cfoto.nu\/wp-content\/uploads\/2018\/08\/bildspel-10-of-131.jpg?fit=1200%2C800&quality=89&ssl=1&resize=525%2C300 1.5x, https:\/\/i0.wp.com\/cfoto.nu\/wp-content\/uploads\/2018\/08\/bildspel-10-of-131.jpg?fit=1200%2C800&quality=89&ssl=1&resize=700%2C400 2x, https:\/\/i0.wp.com\/cfoto.nu\/wp-content\/uploads\/2018\/08\/bildspel-10-of-131.jpg?fit=1200%2C800&quality=89&ssl=1&resize=1050%2C600 3x"},"classes":[]}],"_links":{"self":[{"href":"https:\/\/cfoto.nu\/sv\/wp-json\/wp\/v2\/pages\/474","targetHints":{"allow":["GET"]}}],"collection":[{"href":"https:\/\/cfoto.nu\/sv\/wp-json\/wp\/v2\/pages"}],"about":[{"href":"https:\/\/cfoto.nu\/sv\/wp-json\/wp\/v2\/types\/page"}],"author":[{"embeddable":true,"href":"https:\/\/cfoto.nu\/sv\/wp-json\/wp\/v2\/users\/1"}],"replies":[{"embeddable":true,"href":"https:\/\/cfoto.nu\/sv\/wp-json\/wp\/v2\/comments?post=474"}],"version-history":[{"count":72,"href":"https:\/\/cfoto.nu\/sv\/wp-json\/wp\/v2\/pages\/474\/revisions"}],"predecessor-version":[{"id":9868,"href":"https:\/\/cfoto.nu\/sv\/wp-json\/wp\/v2\/pages\/474\/revisions\/9868"}],"wp:featuredmedia":[{"embeddable":true,"href":"https:\/\/cfoto.nu\/sv\/wp-json\/wp\/v2\/media\/5756"}],"wp:attachment":[{"href":"https:\/\/cfoto.nu\/sv\/wp-json\/wp\/v2\/media?parent=474"}],"curies":[{"name":"wp","href":"https:\/\/api.w.org\/{rel}","templated":true}]}}