{"id":5736,"date":"2019-07-11T09:24:55","date_gmt":"2019-07-11T09:24:55","guid":{"rendered":"https:\/\/cfoto.nu\/?page_id=5736"},"modified":"2024-11-05T10:26:05","modified_gmt":"2024-11-05T09:26:05","slug":"brollopsfotograf-skane-naturligt-och-avslappnat","status":"publish","type":"page","link":"https:\/\/cfoto.nu\/sv\/brollopsfotograf-skane-naturligt-och-avslappnat\/","title":{"rendered":"Br\u00f6llopsfotograf Sk\u00e5ne &#8211; Naturligt och avslappnat"},"content":{"rendered":"","protected":false},"excerpt":{"rendered":"<p>Letar du efter br\u00f6llopsfotograf i Sk\u00e5ne?<br \/>\nL\u00e5t mig b\u00f6rja med att s\u00e4ga grattis!<br \/>\nNi har s\u00e5 mycket roligt att se fram emot. F\u00f6r n\u00e4r allt \u00e4r planerat s\u00e5 k\u00e4nns det helt underbart. Det enda ni ska t\u00e4nka p\u00e5 \u00e4r att s\u00e4ga ja, h\u00e5lla varandra i handen, kramas, dansa, fira och glittra av lycka!<\/p>\n","protected":false},"author":1,"featured_media":5737,"parent":0,"menu_order":0,"comment_status":"closed","ping_status":"closed","template":"","meta":{"_exactmetrics_skip_tracking":false,"_exactmetrics_sitenote_active":false,"_exactmetrics_sitenote_note":"","_exactmetrics_sitenote_category":0,"footnotes":""},"class_list":["post-5736","page","type-page","status-publish","has-post-thumbnail"],"yoast_head":"<!-- This site is optimized with the Yoast SEO plugin v27.6 - https:\/\/yoast.com\/product\/yoast-seo-wordpress\/ -->\n<title>Br\u00f6llopsfotograf Sk\u00e5ne - Naturligt och avslappnat - cfoto<\/title>\n<meta name=\"description\" content=\"Br\u00f6llopsfotograf Sk\u00e5ne - Letar du efter br\u00f6llopsfotograf i Sk\u00e5ne? V\u00e4lkommen! Kreativa bilder som f\u00e5ngar en k\u00e4nsla. Tar bokningar f\u00f6r 2019 och 2020\" \/>\n<meta name=\"robots\" content=\"index, follow, max-snippet:-1, max-image-preview:large, max-video-preview:-1\" \/>\n<link rel=\"canonical\" href=\"https:\/\/cfoto.nu\/sv\/brollopsfotograf-skane-naturligt-och-avslappnat\/\" \/>\n<meta property=\"og:locale\" content=\"sv_SE\" \/>\n<meta property=\"og:type\" content=\"article\" \/>\n<meta property=\"og:title\" content=\"Br\u00f6llopsfotograf Sk\u00e5ne - Naturligt och avslappnat - cfoto\" \/>\n<meta property=\"og:description\" content=\"Br\u00f6llopsfotograf Sk\u00e5ne - Letar du efter br\u00f6llopsfotograf i Sk\u00e5ne? V\u00e4lkommen! Kreativa bilder som f\u00e5ngar en k\u00e4nsla. Tar bokningar f\u00f6r 2019 och 2020\" \/>\n<meta property=\"og:url\" content=\"https:\/\/cfoto.nu\/sv\/brollopsfotograf-skane-naturligt-och-avslappnat\/\" \/>\n<meta property=\"og:site_name\" content=\"cfoto\" \/>\n<meta property=\"article:publisher\" content=\"https:\/\/www.facebook.com\/cfoto.nu\/\" \/>\n<meta property=\"article:modified_time\" content=\"2024-11-05T09:26:05+00:00\" \/>\n<meta property=\"og:image\" content=\"https:\/\/i0.wp.com\/cfoto.nu\/wp-content\/uploads\/2019\/07\/ida-och-anders-3-of-3.jpg?fit=2400%2C1600&quality=89&ssl=1\" \/>\n\t<meta property=\"og:image:width\" content=\"2400\" \/>\n\t<meta property=\"og:image:height\" content=\"1600\" \/>\n\t<meta property=\"og:image:type\" content=\"image\/jpeg\" \/>\n<meta name=\"twitter:card\" content=\"summary_large_image\" \/>\n<script type=\"application\/ld+json\" class=\"yoast-schema-graph\">{\"@context\":\"https:\\\/\\\/schema.org\",\"@graph\":[{\"@type\":\"WebPage\",\"@id\":\"https:\\\/\\\/cfoto.nu\\\/sv\\\/brollopsfotograf-skane-naturligt-och-avslappnat\\\/\",\"url\":\"https:\\\/\\\/cfoto.nu\\\/sv\\\/brollopsfotograf-skane-naturligt-och-avslappnat\\\/\",\"name\":\"Br\u00f6llopsfotograf Sk\u00e5ne - Naturligt och avslappnat - cfoto\",\"isPartOf\":{\"@id\":\"https:\\\/\\\/cfoto.nu\\\/sv\\\/#website\"},\"primaryImageOfPage\":{\"@id\":\"https:\\\/\\\/cfoto.nu\\\/sv\\\/brollopsfotograf-skane-naturligt-och-avslappnat\\\/#primaryimage\"},\"image\":{\"@id\":\"https:\\\/\\\/cfoto.nu\\\/sv\\\/brollopsfotograf-skane-naturligt-och-avslappnat\\\/#primaryimage\"},\"thumbnailUrl\":\"https:\\\/\\\/i0.wp.com\\\/cfoto.nu\\\/wp-content\\\/uploads\\\/2019\\\/07\\\/ida-och-anders-3-of-3.jpg?fit=2400%2C1600&quality=89&ssl=1\",\"datePublished\":\"2019-07-11T09:24:55+00:00\",\"dateModified\":\"2024-11-05T09:26:05+00:00\",\"description\":\"Br\u00f6llopsfotograf Sk\u00e5ne - Letar du efter br\u00f6llopsfotograf i Sk\u00e5ne? V\u00e4lkommen! Kreativa bilder som f\u00e5ngar en k\u00e4nsla. Tar bokningar f\u00f6r 2019 och 2020\",\"breadcrumb\":{\"@id\":\"https:\\\/\\\/cfoto.nu\\\/sv\\\/brollopsfotograf-skane-naturligt-och-avslappnat\\\/#breadcrumb\"},\"inLanguage\":\"sv-SE\",\"potentialAction\":[{\"@type\":\"ReadAction\",\"target\":[\"https:\\\/\\\/cfoto.nu\\\/sv\\\/brollopsfotograf-skane-naturligt-och-avslappnat\\\/\"]}]},{\"@type\":\"ImageObject\",\"inLanguage\":\"sv-SE\",\"@id\":\"https:\\\/\\\/cfoto.nu\\\/sv\\\/brollopsfotograf-skane-naturligt-och-avslappnat\\\/#primaryimage\",\"url\":\"https:\\\/\\\/i0.wp.com\\\/cfoto.nu\\\/wp-content\\\/uploads\\\/2019\\\/07\\\/ida-och-anders-3-of-3.jpg?fit=2400%2C1600&quality=89&ssl=1\",\"contentUrl\":\"https:\\\/\\\/i0.wp.com\\\/cfoto.nu\\\/wp-content\\\/uploads\\\/2019\\\/07\\\/ida-och-anders-3-of-3.jpg?fit=2400%2C1600&quality=89&ssl=1\",\"width\":2400,\"height\":1600,\"caption\":\"br\u00f6llopsfotograf Sk\u00e5ne brudpar bubblor lycka\"},{\"@type\":\"BreadcrumbList\",\"@id\":\"https:\\\/\\\/cfoto.nu\\\/sv\\\/brollopsfotograf-skane-naturligt-och-avslappnat\\\/#breadcrumb\",\"itemListElement\":[{\"@type\":\"ListItem\",\"position\":1,\"name\":\"Home\",\"item\":\"https:\\\/\\\/cfoto.nu\\\/sv\\\/\"},{\"@type\":\"ListItem\",\"position\":2,\"name\":\"Br\u00f6llopsfotograf Sk\u00e5ne &#8211; Naturligt och avslappnat\"}]},{\"@type\":\"WebSite\",\"@id\":\"https:\\\/\\\/cfoto.nu\\\/sv\\\/#website\",\"url\":\"https:\\\/\\\/cfoto.nu\\\/sv\\\/\",\"name\":\"cfoto\",\"description\":\"Dokument\u00e4r Br\u00f6llopsfotograf i G\u00f6teborg\",\"publisher\":{\"@id\":\"https:\\\/\\\/cfoto.nu\\\/sv\\\/#organization\"},\"potentialAction\":[{\"@type\":\"SearchAction\",\"target\":{\"@type\":\"EntryPoint\",\"urlTemplate\":\"https:\\\/\\\/cfoto.nu\\\/sv\\\/?s={search_term_string}\"},\"query-input\":{\"@type\":\"PropertyValueSpecification\",\"valueRequired\":true,\"valueName\":\"search_term_string\"}}],\"inLanguage\":\"sv-SE\"},{\"@type\":\"Organization\",\"@id\":\"https:\\\/\\\/cfoto.nu\\\/sv\\\/#organization\",\"name\":\"CFOTO\",\"url\":\"https:\\\/\\\/cfoto.nu\\\/sv\\\/\",\"logo\":{\"@type\":\"ImageObject\",\"inLanguage\":\"sv-SE\",\"@id\":\"https:\\\/\\\/cfoto.nu\\\/sv\\\/#\\\/schema\\\/logo\\\/image\\\/\",\"url\":\"https:\\\/\\\/i0.wp.com\\\/cfoto.nu\\\/wp-content\\\/uploads\\\/2019\\\/12\\\/Brollopsfotograf-Gotebotg_0042.jpg?fit=1500%2C1000&quality=89&ssl=1\",\"contentUrl\":\"https:\\\/\\\/i0.wp.com\\\/cfoto.nu\\\/wp-content\\\/uploads\\\/2019\\\/12\\\/Brollopsfotograf-Gotebotg_0042.jpg?fit=1500%2C1000&quality=89&ssl=1\",\"width\":1500,\"height\":1000,\"caption\":\"CFOTO\"},\"image\":{\"@id\":\"https:\\\/\\\/cfoto.nu\\\/sv\\\/#\\\/schema\\\/logo\\\/image\\\/\"},\"sameAs\":[\"https:\\\/\\\/www.facebook.com\\\/cfoto.nu\\\/\",\"https:\\\/\\\/www.instagram.com\\\/cfoto.nu\\\/\",\"https:\\\/\\\/se.pinterest.com\\\/cattisa\"]}]}<\/script>\n<!-- \/ Yoast SEO plugin. -->","yoast_head_json":{"title":"Br\u00f6llopsfotograf Sk\u00e5ne - Naturligt och avslappnat - cfoto","description":"Br\u00f6llopsfotograf Sk\u00e5ne - Letar du efter br\u00f6llopsfotograf i Sk\u00e5ne? V\u00e4lkommen! Kreativa bilder som f\u00e5ngar en k\u00e4nsla. Tar bokningar f\u00f6r 2019 och 2020","robots":{"index":"index","follow":"follow","max-snippet":"max-snippet:-1","max-image-preview":"max-image-preview:large","max-video-preview":"max-video-preview:-1"},"canonical":"https:\/\/cfoto.nu\/sv\/brollopsfotograf-skane-naturligt-och-avslappnat\/","og_locale":"sv_SE","og_type":"article","og_title":"Br\u00f6llopsfotograf Sk\u00e5ne - Naturligt och avslappnat - cfoto","og_description":"Br\u00f6llopsfotograf Sk\u00e5ne - Letar du efter br\u00f6llopsfotograf i Sk\u00e5ne? V\u00e4lkommen! Kreativa bilder som f\u00e5ngar en k\u00e4nsla. Tar bokningar f\u00f6r 2019 och 2020","og_url":"https:\/\/cfoto.nu\/sv\/brollopsfotograf-skane-naturligt-och-avslappnat\/","og_site_name":"cfoto","article_publisher":"https:\/\/www.facebook.com\/cfoto.nu\/","article_modified_time":"2024-11-05T09:26:05+00:00","og_image":[{"width":2400,"height":1600,"url":"https:\/\/i0.wp.com\/cfoto.nu\/wp-content\/uploads\/2019\/07\/ida-och-anders-3-of-3.jpg?fit=2400%2C1600&quality=89&ssl=1","type":"image\/jpeg"}],"twitter_card":"summary_large_image","schema":{"@context":"https:\/\/schema.org","@graph":[{"@type":"WebPage","@id":"https:\/\/cfoto.nu\/sv\/brollopsfotograf-skane-naturligt-och-avslappnat\/","url":"https:\/\/cfoto.nu\/sv\/brollopsfotograf-skane-naturligt-och-avslappnat\/","name":"Br\u00f6llopsfotograf Sk\u00e5ne - Naturligt och avslappnat - cfoto","isPartOf":{"@id":"https:\/\/cfoto.nu\/sv\/#website"},"primaryImageOfPage":{"@id":"https:\/\/cfoto.nu\/sv\/brollopsfotograf-skane-naturligt-och-avslappnat\/#primaryimage"},"image":{"@id":"https:\/\/cfoto.nu\/sv\/brollopsfotograf-skane-naturligt-och-avslappnat\/#primaryimage"},"thumbnailUrl":"https:\/\/i0.wp.com\/cfoto.nu\/wp-content\/uploads\/2019\/07\/ida-och-anders-3-of-3.jpg?fit=2400%2C1600&quality=89&ssl=1","datePublished":"2019-07-11T09:24:55+00:00","dateModified":"2024-11-05T09:26:05+00:00","description":"Br\u00f6llopsfotograf Sk\u00e5ne - Letar du efter br\u00f6llopsfotograf i Sk\u00e5ne? V\u00e4lkommen! Kreativa bilder som f\u00e5ngar en k\u00e4nsla. Tar bokningar f\u00f6r 2019 och 2020","breadcrumb":{"@id":"https:\/\/cfoto.nu\/sv\/brollopsfotograf-skane-naturligt-och-avslappnat\/#breadcrumb"},"inLanguage":"sv-SE","potentialAction":[{"@type":"ReadAction","target":["https:\/\/cfoto.nu\/sv\/brollopsfotograf-skane-naturligt-och-avslappnat\/"]}]},{"@type":"ImageObject","inLanguage":"sv-SE","@id":"https:\/\/cfoto.nu\/sv\/brollopsfotograf-skane-naturligt-och-avslappnat\/#primaryimage","url":"https:\/\/i0.wp.com\/cfoto.nu\/wp-content\/uploads\/2019\/07\/ida-och-anders-3-of-3.jpg?fit=2400%2C1600&quality=89&ssl=1","contentUrl":"https:\/\/i0.wp.com\/cfoto.nu\/wp-content\/uploads\/2019\/07\/ida-och-anders-3-of-3.jpg?fit=2400%2C1600&quality=89&ssl=1","width":2400,"height":1600,"caption":"br\u00f6llopsfotograf Sk\u00e5ne brudpar bubblor lycka"},{"@type":"BreadcrumbList","@id":"https:\/\/cfoto.nu\/sv\/brollopsfotograf-skane-naturligt-och-avslappnat\/#breadcrumb","itemListElement":[{"@type":"ListItem","position":1,"name":"Home","item":"https:\/\/cfoto.nu\/sv\/"},{"@type":"ListItem","position":2,"name":"Br\u00f6llopsfotograf Sk\u00e5ne &#8211; Naturligt och avslappnat"}]},{"@type":"WebSite","@id":"https:\/\/cfoto.nu\/sv\/#website","url":"https:\/\/cfoto.nu\/sv\/","name":"cfoto","description":"Dokument\u00e4r Br\u00f6llopsfotograf i G\u00f6teborg","publisher":{"@id":"https:\/\/cfoto.nu\/sv\/#organization"},"potentialAction":[{"@type":"SearchAction","target":{"@type":"EntryPoint","urlTemplate":"https:\/\/cfoto.nu\/sv\/?s={search_term_string}"},"query-input":{"@type":"PropertyValueSpecification","valueRequired":true,"valueName":"search_term_string"}}],"inLanguage":"sv-SE"},{"@type":"Organization","@id":"https:\/\/cfoto.nu\/sv\/#organization","name":"CFOTO","url":"https:\/\/cfoto.nu\/sv\/","logo":{"@type":"ImageObject","inLanguage":"sv-SE","@id":"https:\/\/cfoto.nu\/sv\/#\/schema\/logo\/image\/","url":"https:\/\/i0.wp.com\/cfoto.nu\/wp-content\/uploads\/2019\/12\/Brollopsfotograf-Gotebotg_0042.jpg?fit=1500%2C1000&quality=89&ssl=1","contentUrl":"https:\/\/i0.wp.com\/cfoto.nu\/wp-content\/uploads\/2019\/12\/Brollopsfotograf-Gotebotg_0042.jpg?fit=1500%2C1000&quality=89&ssl=1","width":1500,"height":1000,"caption":"CFOTO"},"image":{"@id":"https:\/\/cfoto.nu\/sv\/#\/schema\/logo\/image\/"},"sameAs":["https:\/\/www.facebook.com\/cfoto.nu\/","https:\/\/www.instagram.com\/cfoto.nu\/","https:\/\/se.pinterest.com\/cattisa"]}]}},"jetpack_sharing_enabled":true,"jetpack_shortlink":"https:\/\/wp.me\/P9qhNn-1uw","jetpack_likes_enabled":true,"jetpack-related-posts":[{"id":1108,"url":"https:\/\/cfoto.nu\/sv\/brollopsfotograf\/","url_meta":{"origin":5736,"position":0},"title":"Br\u00f6llopsfotograf i G\u00f6teborg, Helsingborg &#038; Varberg","author":"cattis","date":"oktober 10, 2017","format":false,"excerpt":"F\u00f6rbereder ni inf\u00f6r ert br\u00f6llop? Grattis! Ni har s\u00e5 mycket roligt att se fram emot. N\u00e4r allt \u00e4r planerat s\u00e5 k\u00e4nns det helt underbart. Det enda ni ska t\u00e4nka p\u00e5 \u00e4r att s\u00e4ga ja, h\u00e5lla varandra i handen, kramas, dansa, fira och glittra av lycka! Jag \u00e4r br\u00f6llopsfotograf i G\u00f6teborg","rel":"","context":"Liknande inl\u00e4gg","block_context":{"text":"Liknande inl\u00e4gg","link":""},"img":{"alt_text":"Helena och Eamons br\u00f6llop ii G\u00f6teborg br\u00f6llopsfotograf cattis fletcher","src":"https:\/\/i0.wp.com\/cfoto.nu\/wp-content\/uploads\/2018\/08\/bildspel-10-of-131.jpg?fit=1200%2C800&quality=89&ssl=1&resize=350%2C200","width":350,"height":200,"srcset":"https:\/\/i0.wp.com\/cfoto.nu\/wp-content\/uploads\/2018\/08\/bildspel-10-of-131.jpg?fit=1200%2C800&quality=89&ssl=1&resize=350%2C200 1x, https:\/\/i0.wp.com\/cfoto.nu\/wp-content\/uploads\/2018\/08\/bildspel-10-of-131.jpg?fit=1200%2C800&quality=89&ssl=1&resize=525%2C300 1.5x, https:\/\/i0.wp.com\/cfoto.nu\/wp-content\/uploads\/2018\/08\/bildspel-10-of-131.jpg?fit=1200%2C800&quality=89&ssl=1&resize=700%2C400 2x, https:\/\/i0.wp.com\/cfoto.nu\/wp-content\/uploads\/2018\/08\/bildspel-10-of-131.jpg?fit=1200%2C800&quality=89&ssl=1&resize=1050%2C600 3x"},"classes":[]},{"id":474,"url":"https:\/\/cfoto.nu\/sv\/","url_meta":{"origin":5736,"position":1},"title":"Portr\u00e4tt &#038; Br\u00f6llopsfotograf &#8211; f\u00f6r naturliga bilder med mycket k\u00e4nsla","author":"cattis","date":"maj 5, 2017","format":false,"excerpt":"Dokument\u00e4r Br\u00f6llopsfotograf fr\u00e5n G\u00f6teborg. Brinner f\u00f6r att f\u00e5nga det naturliga, vackra och \u00e4kta","rel":"","context":"Liknande inl\u00e4gg","block_context":{"text":"Liknande inl\u00e4gg","link":""},"img":{"alt_text":"Br\u00f6llopsfotograf g\u00f6teborgwedding photographer Gothenburg Sweden destination wedding photographer","src":"https:\/\/i0.wp.com\/cfoto.nu\/wp-content\/uploads\/2019\/07\/bildspel-10-of-131.jpg?fit=1200%2C800&quality=89&ssl=1&resize=350%2C200","width":350,"height":200,"srcset":"https:\/\/i0.wp.com\/cfoto.nu\/wp-content\/uploads\/2019\/07\/bildspel-10-of-131.jpg?fit=1200%2C800&quality=89&ssl=1&resize=350%2C200 1x, https:\/\/i0.wp.com\/cfoto.nu\/wp-content\/uploads\/2019\/07\/bildspel-10-of-131.jpg?fit=1200%2C800&quality=89&ssl=1&resize=525%2C300 1.5x, https:\/\/i0.wp.com\/cfoto.nu\/wp-content\/uploads\/2019\/07\/bildspel-10-of-131.jpg?fit=1200%2C800&quality=89&ssl=1&resize=700%2C400 2x, https:\/\/i0.wp.com\/cfoto.nu\/wp-content\/uploads\/2019\/07\/bildspel-10-of-131.jpg?fit=1200%2C800&quality=89&ssl=1&resize=1050%2C600 3x"},"classes":[]},{"id":4931,"url":"https:\/\/cfoto.nu\/sv\/brollopsfotograf-helsingborg\/","url_meta":{"origin":5736,"position":2},"title":"Br\u00f6llopsfotograf Helsingborg","author":"cattis","date":"mars 6, 2019","format":false,"excerpt":"Letar ni efter br\u00f6llopsfotograf i Helsingborg? L\u00e5t mig b\u00f6rja med att s\u00e4ga grattis! Ni har s\u00e5 mycket roligt att se fram emot.","rel":"","context":"Liknande inl\u00e4gg","block_context":{"text":"Liknande inl\u00e4gg","link":""},"img":{"alt_text":"Br\u00f6llopsfotograf Helsingborg","src":"https:\/\/i0.wp.com\/cfoto.nu\/wp-content\/uploads\/2019\/03\/brollopsfotograf-Helsingborg-1-of-1.jpg?fit=1200%2C800&quality=89&ssl=1&resize=350%2C200","width":350,"height":200,"srcset":"https:\/\/i0.wp.com\/cfoto.nu\/wp-content\/uploads\/2019\/03\/brollopsfotograf-Helsingborg-1-of-1.jpg?fit=1200%2C800&quality=89&ssl=1&resize=350%2C200 1x, https:\/\/i0.wp.com\/cfoto.nu\/wp-content\/uploads\/2019\/03\/brollopsfotograf-Helsingborg-1-of-1.jpg?fit=1200%2C800&quality=89&ssl=1&resize=525%2C300 1.5x, https:\/\/i0.wp.com\/cfoto.nu\/wp-content\/uploads\/2019\/03\/brollopsfotograf-Helsingborg-1-of-1.jpg?fit=1200%2C800&quality=89&ssl=1&resize=700%2C400 2x, https:\/\/i0.wp.com\/cfoto.nu\/wp-content\/uploads\/2019\/03\/brollopsfotograf-Helsingborg-1-of-1.jpg?fit=1200%2C800&quality=89&ssl=1&resize=1050%2C600 3x"},"classes":[]},{"id":5008,"url":"https:\/\/cfoto.nu\/sv\/brollopsfotograf-falkenberg\/","url_meta":{"origin":5736,"position":3},"title":"Br\u00f6llopsfotograf Falkenberg","author":"cattis","date":"mars 6, 2019","format":false,"excerpt":"Letar ni efter br\u00f6llopsfotograf i Falkenberg? Jag tar naturliga bilder f\u00f6r att f\u00e5nga er k\u00e4rlek till varandra och k\u00e4nslan f\u00e5r eran dag.","rel":"","context":"Liknande inl\u00e4gg","block_context":{"text":"Liknande inl\u00e4gg","link":""},"img":{"alt_text":"Br\u00f6llopsfotograf Falkenberg","src":"https:\/\/i0.wp.com\/cfoto.nu\/wp-content\/uploads\/2019\/03\/brollopsfotograf-Helsingborg-1-of-1-2.jpg?fit=1200%2C800&quality=89&ssl=1&resize=350%2C200","width":350,"height":200,"srcset":"https:\/\/i0.wp.com\/cfoto.nu\/wp-content\/uploads\/2019\/03\/brollopsfotograf-Helsingborg-1-of-1-2.jpg?fit=1200%2C800&quality=89&ssl=1&resize=350%2C200 1x, https:\/\/i0.wp.com\/cfoto.nu\/wp-content\/uploads\/2019\/03\/brollopsfotograf-Helsingborg-1-of-1-2.jpg?fit=1200%2C800&quality=89&ssl=1&resize=525%2C300 1.5x, https:\/\/i0.wp.com\/cfoto.nu\/wp-content\/uploads\/2019\/03\/brollopsfotograf-Helsingborg-1-of-1-2.jpg?fit=1200%2C800&quality=89&ssl=1&resize=700%2C400 2x, https:\/\/i0.wp.com\/cfoto.nu\/wp-content\/uploads\/2019\/03\/brollopsfotograf-Helsingborg-1-of-1-2.jpg?fit=1200%2C800&quality=89&ssl=1&resize=1050%2C600 3x"},"classes":[]},{"id":2773,"url":"https:\/\/cfoto.nu\/sv\/portfolio\/","url_meta":{"origin":5736,"position":4},"title":"Portfolio &#8211; Br\u00f6llop &#038; Portr\u00e4tt fotograf i G\u00f6teborg, Kungsbacka","author":"cattis","date":"november 24, 2017","format":false,"excerpt":"Titta g\u00e4rna igenom mina gallerier och l\u00e5t mig veta ifall du gillar det du ser! Eller \u00e4nnu b\u00e4ttre kontakta mig, s\u00e5 kan vi skapa n\u00e5got vackert tillsammans, Jag vill g\u00e4rna h\u00f6ra ifr\u00e5n dig!","rel":"","context":"Liknande inl\u00e4gg","block_context":{"text":"Liknande inl\u00e4gg","link":""},"img":{"alt_text":"Br\u00f6llopsfotograf G\u00f6teborg br\u00f6llop Bohusl\u00e4n Wedding photographer Sweden ","src":"https:\/\/i0.wp.com\/cfoto.nu\/wp-content\/uploads\/2017\/04\/Brollopsfotogarf-Goteborg-10-of-18.jpg?fit=1200%2C800&quality=89&ssl=1&resize=350%2C200","width":350,"height":200,"srcset":"https:\/\/i0.wp.com\/cfoto.nu\/wp-content\/uploads\/2017\/04\/Brollopsfotogarf-Goteborg-10-of-18.jpg?fit=1200%2C800&quality=89&ssl=1&resize=350%2C200 1x, https:\/\/i0.wp.com\/cfoto.nu\/wp-content\/uploads\/2017\/04\/Brollopsfotogarf-Goteborg-10-of-18.jpg?fit=1200%2C800&quality=89&ssl=1&resize=525%2C300 1.5x, https:\/\/i0.wp.com\/cfoto.nu\/wp-content\/uploads\/2017\/04\/Brollopsfotogarf-Goteborg-10-of-18.jpg?fit=1200%2C800&quality=89&ssl=1&resize=700%2C400 2x, https:\/\/i0.wp.com\/cfoto.nu\/wp-content\/uploads\/2017\/04\/Brollopsfotogarf-Goteborg-10-of-18.jpg?fit=1200%2C800&quality=89&ssl=1&resize=1050%2C600 3x"},"classes":[]},{"id":5726,"url":"https:\/\/cfoto.nu\/sv\/brollopsfotograf-halmstad-naturligt-och-avslappnat\/","url_meta":{"origin":5736,"position":5},"title":"Br\u00f6llopsfotograf Halmstad &#8211; Naturligt och avslappnat","author":"cattis","date":"juli 11, 2019","format":false,"excerpt":"","rel":"","context":"Liknande inl\u00e4gg","block_context":{"text":"Liknande inl\u00e4gg","link":""},"img":{"alt_text":"br\u00f6llopsfotograf Halmstad br\u00f6llopspar kyss","src":"https:\/\/i0.wp.com\/cfoto.nu\/wp-content\/uploads\/2019\/07\/bildspel-51-of-106.jpg?fit=1200%2C800&quality=89&ssl=1&resize=350%2C200","width":350,"height":200,"srcset":"https:\/\/i0.wp.com\/cfoto.nu\/wp-content\/uploads\/2019\/07\/bildspel-51-of-106.jpg?fit=1200%2C800&quality=89&ssl=1&resize=350%2C200 1x, https:\/\/i0.wp.com\/cfoto.nu\/wp-content\/uploads\/2019\/07\/bildspel-51-of-106.jpg?fit=1200%2C800&quality=89&ssl=1&resize=525%2C300 1.5x, https:\/\/i0.wp.com\/cfoto.nu\/wp-content\/uploads\/2019\/07\/bildspel-51-of-106.jpg?fit=1200%2C800&quality=89&ssl=1&resize=700%2C400 2x, https:\/\/i0.wp.com\/cfoto.nu\/wp-content\/uploads\/2019\/07\/bildspel-51-of-106.jpg?fit=1200%2C800&quality=89&ssl=1&resize=1050%2C600 3x"},"classes":[]}],"_links":{"self":[{"href":"https:\/\/cfoto.nu\/sv\/wp-json\/wp\/v2\/pages\/5736","targetHints":{"allow":["GET"]}}],"collection":[{"href":"https:\/\/cfoto.nu\/sv\/wp-json\/wp\/v2\/pages"}],"about":[{"href":"https:\/\/cfoto.nu\/sv\/wp-json\/wp\/v2\/types\/page"}],"author":[{"embeddable":true,"href":"https:\/\/cfoto.nu\/sv\/wp-json\/wp\/v2\/users\/1"}],"replies":[{"embeddable":true,"href":"https:\/\/cfoto.nu\/sv\/wp-json\/wp\/v2\/comments?post=5736"}],"version-history":[{"count":15,"href":"https:\/\/cfoto.nu\/sv\/wp-json\/wp\/v2\/pages\/5736\/revisions"}],"predecessor-version":[{"id":9494,"href":"https:\/\/cfoto.nu\/sv\/wp-json\/wp\/v2\/pages\/5736\/revisions\/9494"}],"wp:featuredmedia":[{"embeddable":true,"href":"https:\/\/cfoto.nu\/sv\/wp-json\/wp\/v2\/media\/5737"}],"wp:attachment":[{"href":"https:\/\/cfoto.nu\/sv\/wp-json\/wp\/v2\/media?parent=5736"}],"curies":[{"name":"wp","href":"https:\/\/api.w.org\/{rel}","templated":true}]}}