{"id":5768,"date":"2019-08-14T13:45:52","date_gmt":"2019-08-14T13:45:52","guid":{"rendered":"https:\/\/cfoto.nu\/?page_id=5768"},"modified":"2019-08-14T13:45:59","modified_gmt":"2019-08-14T13:45:59","slug":"i-would-love-to-know-a-few-things-about-you-boudoir","status":"publish","type":"page","link":"https:\/\/cfoto.nu\/sv\/i-would-love-to-know-a-few-things-about-you-boudoir\/","title":{"rendered":"I would love to know a few things about you &#8211; Boudoir"},"content":{"rendered":"","protected":false},"excerpt":{"rendered":"","protected":false},"author":1,"featured_media":0,"parent":0,"menu_order":0,"comment_status":"closed","ping_status":"closed","template":"","meta":{"_exactmetrics_skip_tracking":false,"_exactmetrics_sitenote_active":false,"_exactmetrics_sitenote_note":"","_exactmetrics_sitenote_category":0,"footnotes":""},"class_list":["post-5768","page","type-page","status-publish"],"yoast_head":"<!-- This site is optimized with the Yoast SEO plugin v27.6 - https:\/\/yoast.com\/product\/yoast-seo-wordpress\/ -->\n<title>I would love to know a few things about you - Boudoir - cfoto<\/title>\n<meta name=\"description\" content=\"Portr\u00e4tt och Br\u00f6llopsfotograf i G\u00f6teborg, Varberg och resten av Sverige - dokument\u00e4r br\u00f6llopsfotograf med fokus p\u00e5 k\u00e4nslan, f\u00e5ngar de sm\u00e5 och stora \u00f6gonblicken\" \/>\n<meta name=\"robots\" content=\"index, follow, max-snippet:-1, max-image-preview:large, max-video-preview:-1\" \/>\n<link rel=\"canonical\" href=\"https:\/\/cfoto.nu\/sv\/i-would-love-to-know-a-few-things-about-you-boudoir\/\" \/>\n<meta property=\"og:locale\" content=\"sv_SE\" \/>\n<meta property=\"og:type\" content=\"article\" \/>\n<meta property=\"og:title\" content=\"I would love to know a few things about you - Boudoir - cfoto\" \/>\n<meta property=\"og:description\" content=\"Portr\u00e4tt och Br\u00f6llopsfotograf i G\u00f6teborg, Varberg och resten av Sverige - dokument\u00e4r br\u00f6llopsfotograf med fokus p\u00e5 k\u00e4nslan, f\u00e5ngar de sm\u00e5 och stora \u00f6gonblicken\" \/>\n<meta property=\"og:url\" content=\"https:\/\/cfoto.nu\/sv\/i-would-love-to-know-a-few-things-about-you-boudoir\/\" \/>\n<meta property=\"og:site_name\" content=\"cfoto\" \/>\n<meta property=\"article:publisher\" content=\"https:\/\/www.facebook.com\/cfoto.nu\/\" \/>\n<meta property=\"article:modified_time\" content=\"2019-08-14T13:45:59+00:00\" \/>\n<meta property=\"og:image\" content=\"https:\/\/cfoto.nu\/wp-content\/uploads\/2018\/07\/Frida-och-Daniel-1-of-1-1024x683.jpg\" \/>\n\t<meta property=\"og:image:width\" content=\"1024\" \/>\n\t<meta property=\"og:image:height\" content=\"683\" \/>\n\t<meta property=\"og:image:type\" content=\"image\/jpeg\" \/>\n<meta name=\"twitter:card\" content=\"summary_large_image\" \/>\n<script type=\"application\/ld+json\" class=\"yoast-schema-graph\">{\"@context\":\"https:\\\/\\\/schema.org\",\"@graph\":[{\"@type\":\"WebPage\",\"@id\":\"https:\\\/\\\/cfoto.nu\\\/sv\\\/i-would-love-to-know-a-few-things-about-you-boudoir\\\/\",\"url\":\"https:\\\/\\\/cfoto.nu\\\/sv\\\/i-would-love-to-know-a-few-things-about-you-boudoir\\\/\",\"name\":\"I would love to know a few things about you - Boudoir - cfoto\",\"isPartOf\":{\"@id\":\"https:\\\/\\\/cfoto.nu\\\/sv\\\/#website\"},\"datePublished\":\"2019-08-14T13:45:52+00:00\",\"dateModified\":\"2019-08-14T13:45:59+00:00\",\"description\":\"Portr\u00e4tt och Br\u00f6llopsfotograf i G\u00f6teborg, Varberg och resten av Sverige - dokument\u00e4r br\u00f6llopsfotograf med fokus p\u00e5 k\u00e4nslan, f\u00e5ngar de sm\u00e5 och stora \u00f6gonblicken\",\"breadcrumb\":{\"@id\":\"https:\\\/\\\/cfoto.nu\\\/sv\\\/i-would-love-to-know-a-few-things-about-you-boudoir\\\/#breadcrumb\"},\"inLanguage\":\"sv-SE\",\"potentialAction\":[{\"@type\":\"ReadAction\",\"target\":[\"https:\\\/\\\/cfoto.nu\\\/sv\\\/i-would-love-to-know-a-few-things-about-you-boudoir\\\/\"]}]},{\"@type\":\"BreadcrumbList\",\"@id\":\"https:\\\/\\\/cfoto.nu\\\/sv\\\/i-would-love-to-know-a-few-things-about-you-boudoir\\\/#breadcrumb\",\"itemListElement\":[{\"@type\":\"ListItem\",\"position\":1,\"name\":\"Home\",\"item\":\"https:\\\/\\\/cfoto.nu\\\/sv\\\/\"},{\"@type\":\"ListItem\",\"position\":2,\"name\":\"I would love to know a few things about you &#8211; Boudoir\"}]},{\"@type\":\"WebSite\",\"@id\":\"https:\\\/\\\/cfoto.nu\\\/sv\\\/#website\",\"url\":\"https:\\\/\\\/cfoto.nu\\\/sv\\\/\",\"name\":\"cfoto\",\"description\":\"Dokument\u00e4r Br\u00f6llopsfotograf i G\u00f6teborg\",\"publisher\":{\"@id\":\"https:\\\/\\\/cfoto.nu\\\/sv\\\/#organization\"},\"potentialAction\":[{\"@type\":\"SearchAction\",\"target\":{\"@type\":\"EntryPoint\",\"urlTemplate\":\"https:\\\/\\\/cfoto.nu\\\/sv\\\/?s={search_term_string}\"},\"query-input\":{\"@type\":\"PropertyValueSpecification\",\"valueRequired\":true,\"valueName\":\"search_term_string\"}}],\"inLanguage\":\"sv-SE\"},{\"@type\":\"Organization\",\"@id\":\"https:\\\/\\\/cfoto.nu\\\/sv\\\/#organization\",\"name\":\"CFOTO\",\"url\":\"https:\\\/\\\/cfoto.nu\\\/sv\\\/\",\"logo\":{\"@type\":\"ImageObject\",\"inLanguage\":\"sv-SE\",\"@id\":\"https:\\\/\\\/cfoto.nu\\\/sv\\\/#\\\/schema\\\/logo\\\/image\\\/\",\"url\":\"https:\\\/\\\/i0.wp.com\\\/cfoto.nu\\\/wp-content\\\/uploads\\\/2019\\\/12\\\/Brollopsfotograf-Gotebotg_0042.jpg?fit=1500%2C1000&quality=89&ssl=1\",\"contentUrl\":\"https:\\\/\\\/i0.wp.com\\\/cfoto.nu\\\/wp-content\\\/uploads\\\/2019\\\/12\\\/Brollopsfotograf-Gotebotg_0042.jpg?fit=1500%2C1000&quality=89&ssl=1\",\"width\":1500,\"height\":1000,\"caption\":\"CFOTO\"},\"image\":{\"@id\":\"https:\\\/\\\/cfoto.nu\\\/sv\\\/#\\\/schema\\\/logo\\\/image\\\/\"},\"sameAs\":[\"https:\\\/\\\/www.facebook.com\\\/cfoto.nu\\\/\",\"https:\\\/\\\/www.instagram.com\\\/cfoto.nu\\\/\",\"https:\\\/\\\/se.pinterest.com\\\/cattisa\"]}]}<\/script>\n<!-- \/ Yoast SEO plugin. -->","yoast_head_json":{"title":"I would love to know a few things about you - Boudoir - cfoto","description":"Portr\u00e4tt och Br\u00f6llopsfotograf i G\u00f6teborg, Varberg och resten av Sverige - dokument\u00e4r br\u00f6llopsfotograf med fokus p\u00e5 k\u00e4nslan, f\u00e5ngar de sm\u00e5 och stora \u00f6gonblicken","robots":{"index":"index","follow":"follow","max-snippet":"max-snippet:-1","max-image-preview":"max-image-preview:large","max-video-preview":"max-video-preview:-1"},"canonical":"https:\/\/cfoto.nu\/sv\/i-would-love-to-know-a-few-things-about-you-boudoir\/","og_locale":"sv_SE","og_type":"article","og_title":"I would love to know a few things about you - Boudoir - cfoto","og_description":"Portr\u00e4tt och Br\u00f6llopsfotograf i G\u00f6teborg, Varberg och resten av Sverige - dokument\u00e4r br\u00f6llopsfotograf med fokus p\u00e5 k\u00e4nslan, f\u00e5ngar de sm\u00e5 och stora \u00f6gonblicken","og_url":"https:\/\/cfoto.nu\/sv\/i-would-love-to-know-a-few-things-about-you-boudoir\/","og_site_name":"cfoto","article_publisher":"https:\/\/www.facebook.com\/cfoto.nu\/","article_modified_time":"2019-08-14T13:45:59+00:00","og_image":[{"width":1024,"height":683,"url":"https:\/\/cfoto.nu\/wp-content\/uploads\/2018\/07\/Frida-och-Daniel-1-of-1-1024x683.jpg","type":"image\/jpeg"}],"twitter_card":"summary_large_image","schema":{"@context":"https:\/\/schema.org","@graph":[{"@type":"WebPage","@id":"https:\/\/cfoto.nu\/sv\/i-would-love-to-know-a-few-things-about-you-boudoir\/","url":"https:\/\/cfoto.nu\/sv\/i-would-love-to-know-a-few-things-about-you-boudoir\/","name":"I would love to know a few things about you - Boudoir - cfoto","isPartOf":{"@id":"https:\/\/cfoto.nu\/sv\/#website"},"datePublished":"2019-08-14T13:45:52+00:00","dateModified":"2019-08-14T13:45:59+00:00","description":"Portr\u00e4tt och Br\u00f6llopsfotograf i G\u00f6teborg, Varberg och resten av Sverige - dokument\u00e4r br\u00f6llopsfotograf med fokus p\u00e5 k\u00e4nslan, f\u00e5ngar de sm\u00e5 och stora \u00f6gonblicken","breadcrumb":{"@id":"https:\/\/cfoto.nu\/sv\/i-would-love-to-know-a-few-things-about-you-boudoir\/#breadcrumb"},"inLanguage":"sv-SE","potentialAction":[{"@type":"ReadAction","target":["https:\/\/cfoto.nu\/sv\/i-would-love-to-know-a-few-things-about-you-boudoir\/"]}]},{"@type":"BreadcrumbList","@id":"https:\/\/cfoto.nu\/sv\/i-would-love-to-know-a-few-things-about-you-boudoir\/#breadcrumb","itemListElement":[{"@type":"ListItem","position":1,"name":"Home","item":"https:\/\/cfoto.nu\/sv\/"},{"@type":"ListItem","position":2,"name":"I would love to know a few things about you &#8211; Boudoir"}]},{"@type":"WebSite","@id":"https:\/\/cfoto.nu\/sv\/#website","url":"https:\/\/cfoto.nu\/sv\/","name":"cfoto","description":"Dokument\u00e4r Br\u00f6llopsfotograf i G\u00f6teborg","publisher":{"@id":"https:\/\/cfoto.nu\/sv\/#organization"},"potentialAction":[{"@type":"SearchAction","target":{"@type":"EntryPoint","urlTemplate":"https:\/\/cfoto.nu\/sv\/?s={search_term_string}"},"query-input":{"@type":"PropertyValueSpecification","valueRequired":true,"valueName":"search_term_string"}}],"inLanguage":"sv-SE"},{"@type":"Organization","@id":"https:\/\/cfoto.nu\/sv\/#organization","name":"CFOTO","url":"https:\/\/cfoto.nu\/sv\/","logo":{"@type":"ImageObject","inLanguage":"sv-SE","@id":"https:\/\/cfoto.nu\/sv\/#\/schema\/logo\/image\/","url":"https:\/\/i0.wp.com\/cfoto.nu\/wp-content\/uploads\/2019\/12\/Brollopsfotograf-Gotebotg_0042.jpg?fit=1500%2C1000&quality=89&ssl=1","contentUrl":"https:\/\/i0.wp.com\/cfoto.nu\/wp-content\/uploads\/2019\/12\/Brollopsfotograf-Gotebotg_0042.jpg?fit=1500%2C1000&quality=89&ssl=1","width":1500,"height":1000,"caption":"CFOTO"},"image":{"@id":"https:\/\/cfoto.nu\/sv\/#\/schema\/logo\/image\/"},"sameAs":["https:\/\/www.facebook.com\/cfoto.nu\/","https:\/\/www.instagram.com\/cfoto.nu\/","https:\/\/se.pinterest.com\/cattisa"]}]}},"jetpack_sharing_enabled":true,"jetpack_shortlink":"https:\/\/wp.me\/P9qhNn-1v2","jetpack_likes_enabled":true,"jetpack-related-posts":[{"id":5782,"url":"https:\/\/cfoto.nu\/i-would-love-to-know-a-few-things-about-you-boudoir\/","url_meta":{"origin":5768,"position":0},"title":"I would love to know a few things about you &#8211; Boudoir","author":"cattis","date":"augusti 14, 2019","format":false,"excerpt":"","rel":"","context":"Liknande inl\u00e4gg","block_context":{"text":"Liknande inl\u00e4gg","link":""},"img":{"alt_text":"","src":"","width":0,"height":0},"classes":[]},{"id":986,"url":"https:\/\/cfoto.nu\/boudoir\/","url_meta":{"origin":5768,"position":1},"title":"Boudoir Photographer Cattis Fletcher from Sweden","author":"cattis","date":"oktober 3, 2017","format":false,"excerpt":"","rel":"","context":"Liknande inl\u00e4gg","block_context":{"text":"Liknande inl\u00e4gg","link":""},"img":{"alt_text":"boudoir photographer matilda","src":"https:\/\/i0.wp.com\/cfoto.nu\/wp-content\/uploads\/2017\/10\/matilda-10-of-10-e1730026772729.jpg?fit=1200%2C800&quality=89&ssl=1&resize=350%2C200","width":350,"height":200,"srcset":"https:\/\/i0.wp.com\/cfoto.nu\/wp-content\/uploads\/2017\/10\/matilda-10-of-10-e1730026772729.jpg?fit=1200%2C800&quality=89&ssl=1&resize=350%2C200 1x, https:\/\/i0.wp.com\/cfoto.nu\/wp-content\/uploads\/2017\/10\/matilda-10-of-10-e1730026772729.jpg?fit=1200%2C800&quality=89&ssl=1&resize=525%2C300 1.5x, https:\/\/i0.wp.com\/cfoto.nu\/wp-content\/uploads\/2017\/10\/matilda-10-of-10-e1730026772729.jpg?fit=1200%2C800&quality=89&ssl=1&resize=700%2C400 2x, https:\/\/i0.wp.com\/cfoto.nu\/wp-content\/uploads\/2017\/10\/matilda-10-of-10-e1730026772729.jpg?fit=1200%2C800&quality=89&ssl=1&resize=1050%2C600 3x"},"classes":[]},{"id":1015,"url":"https:\/\/cfoto.nu\/sv\/boudoir\/","url_meta":{"origin":5768,"position":2},"title":"Morgong\u00e5va &#8211; Boudoir Fotograf Cfoto &#8211; Cattis Fletcher","author":"cattis","date":"oktober 4, 2017","format":false,"excerpt":"","rel":"","context":"Liknande inl\u00e4gg","block_context":{"text":"Liknande inl\u00e4gg","link":""},"img":{"alt_text":"boudoir fotograf cattis fletcher cfoto portr\u00e4ttfotograf br\u00f6llopsfotograf","src":"https:\/\/i0.wp.com\/cfoto.nu\/wp-content\/uploads\/2017\/10\/matilda-10-of-10-e1730026772729.jpg?fit=1200%2C800&quality=89&ssl=1&resize=350%2C200","width":350,"height":200,"srcset":"https:\/\/i0.wp.com\/cfoto.nu\/wp-content\/uploads\/2017\/10\/matilda-10-of-10-e1730026772729.jpg?fit=1200%2C800&quality=89&ssl=1&resize=350%2C200 1x, https:\/\/i0.wp.com\/cfoto.nu\/wp-content\/uploads\/2017\/10\/matilda-10-of-10-e1730026772729.jpg?fit=1200%2C800&quality=89&ssl=1&resize=525%2C300 1.5x, https:\/\/i0.wp.com\/cfoto.nu\/wp-content\/uploads\/2017\/10\/matilda-10-of-10-e1730026772729.jpg?fit=1200%2C800&quality=89&ssl=1&resize=700%2C400 2x, https:\/\/i0.wp.com\/cfoto.nu\/wp-content\/uploads\/2017\/10\/matilda-10-of-10-e1730026772729.jpg?fit=1200%2C800&quality=89&ssl=1&resize=1050%2C600 3x"},"classes":[]},{"id":2760,"url":"https:\/\/cfoto.nu\/portfolio\/","url_meta":{"origin":5768,"position":3},"title":"Portfolio Wedding Photographer Cattis Fletcher &#8211; view my work","author":"cattis","date":"november 24, 2017","format":false,"excerpt":"Please browse my galleries and let me know if you like what you see! Or better still get in touch and we can create something beautiful together, I would love to hear from you!","rel":"","context":"Liknande inl\u00e4gg","block_context":{"text":"Liknande inl\u00e4gg","link":""},"img":{"alt_text":"portfolio wedding photographer Sweden Br\u00f6llopsfotograf G\u00f6teborg br\u00f6llop Bohusl\u00e4n Wedding photographer Sweden","src":"https:\/\/i0.wp.com\/cfoto.nu\/wp-content\/uploads\/2017\/04\/Brollopsfotogarf-Goteborg-10-of-18-scaled.jpg?fit=1200%2C800&quality=89&ssl=1&resize=350%2C200","width":350,"height":200,"srcset":"https:\/\/i0.wp.com\/cfoto.nu\/wp-content\/uploads\/2017\/04\/Brollopsfotogarf-Goteborg-10-of-18-scaled.jpg?fit=1200%2C800&quality=89&ssl=1&resize=350%2C200 1x, https:\/\/i0.wp.com\/cfoto.nu\/wp-content\/uploads\/2017\/04\/Brollopsfotogarf-Goteborg-10-of-18-scaled.jpg?fit=1200%2C800&quality=89&ssl=1&resize=525%2C300 1.5x, https:\/\/i0.wp.com\/cfoto.nu\/wp-content\/uploads\/2017\/04\/Brollopsfotogarf-Goteborg-10-of-18-scaled.jpg?fit=1200%2C800&quality=89&ssl=1&resize=700%2C400 2x, https:\/\/i0.wp.com\/cfoto.nu\/wp-content\/uploads\/2017\/04\/Brollopsfotogarf-Goteborg-10-of-18-scaled.jpg?fit=1200%2C800&quality=89&ssl=1&resize=1050%2C600 3x"},"classes":[]},{"id":337,"url":"https:\/\/cfoto.nu\/wedding-portrait-photographer-cattis-fletcher\/","url_meta":{"origin":5768,"position":4},"title":"Wedding &#038; Portrait Photographer Cattis Fletcher","author":"cattis","date":"februari 28, 2017","format":false,"excerpt":"Documentary wedding photographer based in Sweden. Passionate about capturing true feelings, mad love & all the small moments in-between","rel":"","context":"Liknande inl\u00e4gg","block_context":{"text":"Liknande inl\u00e4gg","link":""},"img":{"alt_text":"wedding photographer Gothenburg Sweden destination wedding photographer","src":"https:\/\/i0.wp.com\/cfoto.nu\/wp-content\/uploads\/2019\/07\/bildspel-10-of-131.jpg?fit=1200%2C800&quality=89&ssl=1&resize=350%2C200","width":350,"height":200,"srcset":"https:\/\/i0.wp.com\/cfoto.nu\/wp-content\/uploads\/2019\/07\/bildspel-10-of-131.jpg?fit=1200%2C800&quality=89&ssl=1&resize=350%2C200 1x, https:\/\/i0.wp.com\/cfoto.nu\/wp-content\/uploads\/2019\/07\/bildspel-10-of-131.jpg?fit=1200%2C800&quality=89&ssl=1&resize=525%2C300 1.5x, https:\/\/i0.wp.com\/cfoto.nu\/wp-content\/uploads\/2019\/07\/bildspel-10-of-131.jpg?fit=1200%2C800&quality=89&ssl=1&resize=700%2C400 2x, https:\/\/i0.wp.com\/cfoto.nu\/wp-content\/uploads\/2019\/07\/bildspel-10-of-131.jpg?fit=1200%2C800&quality=89&ssl=1&resize=1050%2C600 3x"},"classes":[]},{"id":583,"url":"https:\/\/cfoto.nu\/sv\/about\/","url_meta":{"origin":5768,"position":5},"title":"Portr\u00e4tt och br\u00f6llopsfotograf &#8211; Om Fotograf Cattis Fletcher","author":"cattis","date":"september 6, 2017","format":false,"excerpt":"","rel":"","context":"Liknande inl\u00e4gg","block_context":{"text":"Liknande inl\u00e4gg","link":""},"img":{"alt_text":"om fotograf Cattis Fletcher, portr\u00e4tt och br\u00f6llopsfotograf fr\u00e5n Cfoto i G\u00f6teborg och Kungsbacka","src":"https:\/\/i0.wp.com\/cfoto.nu\/wp-content\/uploads\/2017\/02\/jag-1-e1507896990823.jpg?fit=795%2C795&quality=89&ssl=1&resize=350%2C200","width":350,"height":200,"srcset":"https:\/\/i0.wp.com\/cfoto.nu\/wp-content\/uploads\/2017\/02\/jag-1-e1507896990823.jpg?fit=795%2C795&quality=89&ssl=1&resize=350%2C200 1x, https:\/\/i0.wp.com\/cfoto.nu\/wp-content\/uploads\/2017\/02\/jag-1-e1507896990823.jpg?fit=795%2C795&quality=89&ssl=1&resize=525%2C300 1.5x, https:\/\/i0.wp.com\/cfoto.nu\/wp-content\/uploads\/2017\/02\/jag-1-e1507896990823.jpg?fit=795%2C795&quality=89&ssl=1&resize=700%2C400 2x"},"classes":[]}],"_links":{"self":[{"href":"https:\/\/cfoto.nu\/sv\/wp-json\/wp\/v2\/pages\/5768","targetHints":{"allow":["GET"]}}],"collection":[{"href":"https:\/\/cfoto.nu\/sv\/wp-json\/wp\/v2\/pages"}],"about":[{"href":"https:\/\/cfoto.nu\/sv\/wp-json\/wp\/v2\/types\/page"}],"author":[{"embeddable":true,"href":"https:\/\/cfoto.nu\/sv\/wp-json\/wp\/v2\/users\/1"}],"replies":[{"embeddable":true,"href":"https:\/\/cfoto.nu\/sv\/wp-json\/wp\/v2\/comments?post=5768"}],"version-history":[{"count":10,"href":"https:\/\/cfoto.nu\/sv\/wp-json\/wp\/v2\/pages\/5768\/revisions"}],"predecessor-version":[{"id":5780,"href":"https:\/\/cfoto.nu\/sv\/wp-json\/wp\/v2\/pages\/5768\/revisions\/5780"}],"wp:attachment":[{"href":"https:\/\/cfoto.nu\/sv\/wp-json\/wp\/v2\/media?parent=5768"}],"curies":[{"name":"wp","href":"https:\/\/api.w.org\/{rel}","templated":true}]}}