{"id":595,"date":"2017-09-08T12:07:35","date_gmt":"2017-09-08T12:07:35","guid":{"rendered":"http:\/\/wp.cfoto.nu\/?page_id=595"},"modified":"2018-11-30T10:18:28","modified_gmt":"2018-11-30T10:18:28","slug":"kontakt","status":"publish","type":"page","link":"https:\/\/cfoto.nu\/sv\/kontakt\/","title":{"rendered":"Kontakt &#8211; H\u00f6r av dig till fotograf Cattis Fletcher"},"content":{"rendered":"","protected":false},"excerpt":{"rendered":"","protected":false},"author":1,"featured_media":1818,"parent":0,"menu_order":0,"comment_status":"closed","ping_status":"closed","template":"","meta":{"_exactmetrics_skip_tracking":false,"_exactmetrics_sitenote_active":false,"_exactmetrics_sitenote_note":"","_exactmetrics_sitenote_category":0,"footnotes":""},"class_list":["post-595","page","type-page","status-publish","has-post-thumbnail"],"yoast_head":"<!-- This site is optimized with the Yoast SEO plugin v27.6 - https:\/\/yoast.com\/product\/yoast-seo-wordpress\/ -->\n<title>Kontakt - H\u00f6r av dig till fotograf Cattis Fletcher - cfoto<\/title>\n<meta name=\"description\" content=\"H\u00f6r av dig till fotograf Cattis Fletcher p\u00e5 Cfoto. Portr\u00e4tt och Br\u00f6llopsfotograf i G\u00f6teborg, Kungsbacka, Varberg. F\u00f6r naturliga bilder med \u00e4kta k\u00e4nslor\" \/>\n<meta name=\"robots\" content=\"index, follow, max-snippet:-1, max-image-preview:large, max-video-preview:-1\" \/>\n<link rel=\"canonical\" href=\"https:\/\/cfoto.nu\/sv\/kontakt\/\" \/>\n<meta property=\"og:locale\" content=\"sv_SE\" \/>\n<meta property=\"og:type\" content=\"article\" \/>\n<meta property=\"og:title\" content=\"Kontakt - H\u00f6r av dig till fotograf Cattis Fletcher - cfoto\" \/>\n<meta property=\"og:description\" content=\"H\u00f6r av dig till fotograf Cattis Fletcher p\u00e5 Cfoto. Portr\u00e4tt och Br\u00f6llopsfotograf i G\u00f6teborg, Kungsbacka, Varberg. F\u00f6r naturliga bilder med \u00e4kta k\u00e4nslor\" \/>\n<meta property=\"og:url\" content=\"https:\/\/cfoto.nu\/sv\/kontakt\/\" \/>\n<meta property=\"og:site_name\" content=\"cfoto\" \/>\n<meta property=\"article:publisher\" content=\"https:\/\/www.facebook.com\/cfoto.nu\/\" \/>\n<meta property=\"article:modified_time\" content=\"2018-11-30T10:18:28+00:00\" \/>\n<meta property=\"og:image\" content=\"https:\/\/i0.wp.com\/cfoto.nu\/wp-content\/uploads\/2017\/11\/084-first-look-jennie-och-davids-br%C3%B6llop-br%C3%B6llopsfotograf-cfoto-cattis-fletcher.jpg?fit=1500%2C1000&quality=89&ssl=1\" \/>\n\t<meta property=\"og:image:width\" content=\"1500\" \/>\n\t<meta property=\"og:image:height\" content=\"1000\" \/>\n\t<meta property=\"og:image:type\" content=\"image\/jpeg\" \/>\n<meta name=\"twitter:card\" content=\"summary_large_image\" \/>\n<script type=\"application\/ld+json\" class=\"yoast-schema-graph\">{\"@context\":\"https:\\\/\\\/schema.org\",\"@graph\":[{\"@type\":\"WebPage\",\"@id\":\"https:\\\/\\\/cfoto.nu\\\/sv\\\/kontakt\\\/\",\"url\":\"https:\\\/\\\/cfoto.nu\\\/sv\\\/kontakt\\\/\",\"name\":\"Kontakt - H\u00f6r av dig till fotograf Cattis Fletcher - cfoto\",\"isPartOf\":{\"@id\":\"https:\\\/\\\/cfoto.nu\\\/sv\\\/#website\"},\"primaryImageOfPage\":{\"@id\":\"https:\\\/\\\/cfoto.nu\\\/sv\\\/kontakt\\\/#primaryimage\"},\"image\":{\"@id\":\"https:\\\/\\\/cfoto.nu\\\/sv\\\/kontakt\\\/#primaryimage\"},\"thumbnailUrl\":\"https:\\\/\\\/i0.wp.com\\\/cfoto.nu\\\/wp-content\\\/uploads\\\/2017\\\/11\\\/084-first-look-jennie-och-davids-br%C3%B6llop-br%C3%B6llopsfotograf-cfoto-cattis-fletcher.jpg?fit=1500%2C1000&quality=89&ssl=1\",\"datePublished\":\"2017-09-08T12:07:35+00:00\",\"dateModified\":\"2018-11-30T10:18:28+00:00\",\"description\":\"H\u00f6r av dig till fotograf Cattis Fletcher p\u00e5 Cfoto. Portr\u00e4tt och Br\u00f6llopsfotograf i G\u00f6teborg, Kungsbacka, Varberg. F\u00f6r naturliga bilder med \u00e4kta k\u00e4nslor\",\"breadcrumb\":{\"@id\":\"https:\\\/\\\/cfoto.nu\\\/sv\\\/kontakt\\\/#breadcrumb\"},\"inLanguage\":\"sv-SE\",\"potentialAction\":[{\"@type\":\"ReadAction\",\"target\":[\"https:\\\/\\\/cfoto.nu\\\/sv\\\/kontakt\\\/\"]}]},{\"@type\":\"ImageObject\",\"inLanguage\":\"sv-SE\",\"@id\":\"https:\\\/\\\/cfoto.nu\\\/sv\\\/kontakt\\\/#primaryimage\",\"url\":\"https:\\\/\\\/i0.wp.com\\\/cfoto.nu\\\/wp-content\\\/uploads\\\/2017\\\/11\\\/084-first-look-jennie-och-davids-br%C3%B6llop-br%C3%B6llopsfotograf-cfoto-cattis-fletcher.jpg?fit=1500%2C1000&quality=89&ssl=1\",\"contentUrl\":\"https:\\\/\\\/i0.wp.com\\\/cfoto.nu\\\/wp-content\\\/uploads\\\/2017\\\/11\\\/084-first-look-jennie-och-davids-br%C3%B6llop-br%C3%B6llopsfotograf-cfoto-cattis-fletcher.jpg?fit=1500%2C1000&quality=89&ssl=1\",\"width\":1500,\"height\":1000,\"caption\":\"Fotograf Cattis Fletcher Br\u00f6llopsfotograf portr\u00e4tt fotograf G\u00f6teborg Kungsbacka Varberg\"},{\"@type\":\"BreadcrumbList\",\"@id\":\"https:\\\/\\\/cfoto.nu\\\/sv\\\/kontakt\\\/#breadcrumb\",\"itemListElement\":[{\"@type\":\"ListItem\",\"position\":1,\"name\":\"Home\",\"item\":\"https:\\\/\\\/cfoto.nu\\\/sv\\\/\"},{\"@type\":\"ListItem\",\"position\":2,\"name\":\"Kontakt &#8211; H\u00f6r av dig till fotograf Cattis Fletcher\"}]},{\"@type\":\"WebSite\",\"@id\":\"https:\\\/\\\/cfoto.nu\\\/sv\\\/#website\",\"url\":\"https:\\\/\\\/cfoto.nu\\\/sv\\\/\",\"name\":\"cfoto\",\"description\":\"Dokument\u00e4r Br\u00f6llopsfotograf i G\u00f6teborg\",\"publisher\":{\"@id\":\"https:\\\/\\\/cfoto.nu\\\/sv\\\/#organization\"},\"potentialAction\":[{\"@type\":\"SearchAction\",\"target\":{\"@type\":\"EntryPoint\",\"urlTemplate\":\"https:\\\/\\\/cfoto.nu\\\/sv\\\/?s={search_term_string}\"},\"query-input\":{\"@type\":\"PropertyValueSpecification\",\"valueRequired\":true,\"valueName\":\"search_term_string\"}}],\"inLanguage\":\"sv-SE\"},{\"@type\":\"Organization\",\"@id\":\"https:\\\/\\\/cfoto.nu\\\/sv\\\/#organization\",\"name\":\"CFOTO\",\"url\":\"https:\\\/\\\/cfoto.nu\\\/sv\\\/\",\"logo\":{\"@type\":\"ImageObject\",\"inLanguage\":\"sv-SE\",\"@id\":\"https:\\\/\\\/cfoto.nu\\\/sv\\\/#\\\/schema\\\/logo\\\/image\\\/\",\"url\":\"https:\\\/\\\/i0.wp.com\\\/cfoto.nu\\\/wp-content\\\/uploads\\\/2019\\\/12\\\/Brollopsfotograf-Gotebotg_0042.jpg?fit=1500%2C1000&quality=89&ssl=1\",\"contentUrl\":\"https:\\\/\\\/i0.wp.com\\\/cfoto.nu\\\/wp-content\\\/uploads\\\/2019\\\/12\\\/Brollopsfotograf-Gotebotg_0042.jpg?fit=1500%2C1000&quality=89&ssl=1\",\"width\":1500,\"height\":1000,\"caption\":\"CFOTO\"},\"image\":{\"@id\":\"https:\\\/\\\/cfoto.nu\\\/sv\\\/#\\\/schema\\\/logo\\\/image\\\/\"},\"sameAs\":[\"https:\\\/\\\/www.facebook.com\\\/cfoto.nu\\\/\",\"https:\\\/\\\/www.instagram.com\\\/cfoto.nu\\\/\",\"https:\\\/\\\/se.pinterest.com\\\/cattisa\"]}]}<\/script>\n<!-- \/ Yoast SEO plugin. -->","yoast_head_json":{"title":"Kontakt - H\u00f6r av dig till fotograf Cattis Fletcher - cfoto","description":"H\u00f6r av dig till fotograf Cattis Fletcher p\u00e5 Cfoto. Portr\u00e4tt och Br\u00f6llopsfotograf i G\u00f6teborg, Kungsbacka, Varberg. F\u00f6r naturliga bilder med \u00e4kta k\u00e4nslor","robots":{"index":"index","follow":"follow","max-snippet":"max-snippet:-1","max-image-preview":"max-image-preview:large","max-video-preview":"max-video-preview:-1"},"canonical":"https:\/\/cfoto.nu\/sv\/kontakt\/","og_locale":"sv_SE","og_type":"article","og_title":"Kontakt - H\u00f6r av dig till fotograf Cattis Fletcher - cfoto","og_description":"H\u00f6r av dig till fotograf Cattis Fletcher p\u00e5 Cfoto. Portr\u00e4tt och Br\u00f6llopsfotograf i G\u00f6teborg, Kungsbacka, Varberg. F\u00f6r naturliga bilder med \u00e4kta k\u00e4nslor","og_url":"https:\/\/cfoto.nu\/sv\/kontakt\/","og_site_name":"cfoto","article_publisher":"https:\/\/www.facebook.com\/cfoto.nu\/","article_modified_time":"2018-11-30T10:18:28+00:00","og_image":[{"width":1500,"height":1000,"url":"https:\/\/i0.wp.com\/cfoto.nu\/wp-content\/uploads\/2017\/11\/084-first-look-jennie-och-davids-br%C3%B6llop-br%C3%B6llopsfotograf-cfoto-cattis-fletcher.jpg?fit=1500%2C1000&quality=89&ssl=1","type":"image\/jpeg"}],"twitter_card":"summary_large_image","schema":{"@context":"https:\/\/schema.org","@graph":[{"@type":"WebPage","@id":"https:\/\/cfoto.nu\/sv\/kontakt\/","url":"https:\/\/cfoto.nu\/sv\/kontakt\/","name":"Kontakt - H\u00f6r av dig till fotograf Cattis Fletcher - cfoto","isPartOf":{"@id":"https:\/\/cfoto.nu\/sv\/#website"},"primaryImageOfPage":{"@id":"https:\/\/cfoto.nu\/sv\/kontakt\/#primaryimage"},"image":{"@id":"https:\/\/cfoto.nu\/sv\/kontakt\/#primaryimage"},"thumbnailUrl":"https:\/\/i0.wp.com\/cfoto.nu\/wp-content\/uploads\/2017\/11\/084-first-look-jennie-och-davids-br%C3%B6llop-br%C3%B6llopsfotograf-cfoto-cattis-fletcher.jpg?fit=1500%2C1000&quality=89&ssl=1","datePublished":"2017-09-08T12:07:35+00:00","dateModified":"2018-11-30T10:18:28+00:00","description":"H\u00f6r av dig till fotograf Cattis Fletcher p\u00e5 Cfoto. Portr\u00e4tt och Br\u00f6llopsfotograf i G\u00f6teborg, Kungsbacka, Varberg. F\u00f6r naturliga bilder med \u00e4kta k\u00e4nslor","breadcrumb":{"@id":"https:\/\/cfoto.nu\/sv\/kontakt\/#breadcrumb"},"inLanguage":"sv-SE","potentialAction":[{"@type":"ReadAction","target":["https:\/\/cfoto.nu\/sv\/kontakt\/"]}]},{"@type":"ImageObject","inLanguage":"sv-SE","@id":"https:\/\/cfoto.nu\/sv\/kontakt\/#primaryimage","url":"https:\/\/i0.wp.com\/cfoto.nu\/wp-content\/uploads\/2017\/11\/084-first-look-jennie-och-davids-br%C3%B6llop-br%C3%B6llopsfotograf-cfoto-cattis-fletcher.jpg?fit=1500%2C1000&quality=89&ssl=1","contentUrl":"https:\/\/i0.wp.com\/cfoto.nu\/wp-content\/uploads\/2017\/11\/084-first-look-jennie-och-davids-br%C3%B6llop-br%C3%B6llopsfotograf-cfoto-cattis-fletcher.jpg?fit=1500%2C1000&quality=89&ssl=1","width":1500,"height":1000,"caption":"Fotograf Cattis Fletcher Br\u00f6llopsfotograf portr\u00e4tt fotograf G\u00f6teborg Kungsbacka Varberg"},{"@type":"BreadcrumbList","@id":"https:\/\/cfoto.nu\/sv\/kontakt\/#breadcrumb","itemListElement":[{"@type":"ListItem","position":1,"name":"Home","item":"https:\/\/cfoto.nu\/sv\/"},{"@type":"ListItem","position":2,"name":"Kontakt &#8211; H\u00f6r av dig till fotograf Cattis Fletcher"}]},{"@type":"WebSite","@id":"https:\/\/cfoto.nu\/sv\/#website","url":"https:\/\/cfoto.nu\/sv\/","name":"cfoto","description":"Dokument\u00e4r Br\u00f6llopsfotograf i G\u00f6teborg","publisher":{"@id":"https:\/\/cfoto.nu\/sv\/#organization"},"potentialAction":[{"@type":"SearchAction","target":{"@type":"EntryPoint","urlTemplate":"https:\/\/cfoto.nu\/sv\/?s={search_term_string}"},"query-input":{"@type":"PropertyValueSpecification","valueRequired":true,"valueName":"search_term_string"}}],"inLanguage":"sv-SE"},{"@type":"Organization","@id":"https:\/\/cfoto.nu\/sv\/#organization","name":"CFOTO","url":"https:\/\/cfoto.nu\/sv\/","logo":{"@type":"ImageObject","inLanguage":"sv-SE","@id":"https:\/\/cfoto.nu\/sv\/#\/schema\/logo\/image\/","url":"https:\/\/i0.wp.com\/cfoto.nu\/wp-content\/uploads\/2019\/12\/Brollopsfotograf-Gotebotg_0042.jpg?fit=1500%2C1000&quality=89&ssl=1","contentUrl":"https:\/\/i0.wp.com\/cfoto.nu\/wp-content\/uploads\/2019\/12\/Brollopsfotograf-Gotebotg_0042.jpg?fit=1500%2C1000&quality=89&ssl=1","width":1500,"height":1000,"caption":"CFOTO"},"image":{"@id":"https:\/\/cfoto.nu\/sv\/#\/schema\/logo\/image\/"},"sameAs":["https:\/\/www.facebook.com\/cfoto.nu\/","https:\/\/www.instagram.com\/cfoto.nu\/","https:\/\/se.pinterest.com\/cattisa"]}]}},"jetpack_sharing_enabled":true,"jetpack_shortlink":"https:\/\/wp.me\/P9qhNn-9B","jetpack_likes_enabled":true,"jetpack-related-posts":[{"id":1958,"url":"https:\/\/cfoto.nu\/sv\/kommersielt\/","url_meta":{"origin":595,"position":0},"title":"Fotograf f\u00f6r F\u00f6retag &#8211; bilder till hemsida &#8211; f\u00f6retags portr\u00e4tt","author":"cattis","date":"november 14, 2017","format":false,"excerpt":"","rel":"","context":"Liknande inl\u00e4gg","block_context":{"text":"Liknande inl\u00e4gg","link":""},"img":{"alt_text":"f\u00f6r f\u00f6retag fotograf Cfoto cattis fletcher interi\u00f6r fr\u00e5n resturang","src":"https:\/\/i0.wp.com\/cfoto.nu\/wp-content\/uploads\/2017\/11\/resturang-2-of-1.jpg?fit=1200%2C800&quality=89&ssl=1&resize=350%2C200","width":350,"height":200,"srcset":"https:\/\/i0.wp.com\/cfoto.nu\/wp-content\/uploads\/2017\/11\/resturang-2-of-1.jpg?fit=1200%2C800&quality=89&ssl=1&resize=350%2C200 1x, https:\/\/i0.wp.com\/cfoto.nu\/wp-content\/uploads\/2017\/11\/resturang-2-of-1.jpg?fit=1200%2C800&quality=89&ssl=1&resize=525%2C300 1.5x, https:\/\/i0.wp.com\/cfoto.nu\/wp-content\/uploads\/2017\/11\/resturang-2-of-1.jpg?fit=1200%2C800&quality=89&ssl=1&resize=700%2C400 2x, https:\/\/i0.wp.com\/cfoto.nu\/wp-content\/uploads\/2017\/11\/resturang-2-of-1.jpg?fit=1200%2C800&quality=89&ssl=1&resize=1050%2C600 3x"},"classes":[]},{"id":1015,"url":"https:\/\/cfoto.nu\/sv\/boudoir\/","url_meta":{"origin":595,"position":1},"title":"Morgong\u00e5va &#8211; Boudoir Fotograf Cfoto &#8211; Cattis Fletcher","author":"cattis","date":"oktober 4, 2017","format":false,"excerpt":"","rel":"","context":"Liknande inl\u00e4gg","block_context":{"text":"Liknande inl\u00e4gg","link":""},"img":{"alt_text":"boudoir fotograf cattis fletcher cfoto portr\u00e4ttfotograf br\u00f6llopsfotograf","src":"https:\/\/i0.wp.com\/cfoto.nu\/wp-content\/uploads\/2017\/10\/matilda-10-of-10-e1730026772729.jpg?fit=1200%2C800&quality=89&ssl=1&resize=350%2C200","width":350,"height":200,"srcset":"https:\/\/i0.wp.com\/cfoto.nu\/wp-content\/uploads\/2017\/10\/matilda-10-of-10-e1730026772729.jpg?fit=1200%2C800&quality=89&ssl=1&resize=350%2C200 1x, https:\/\/i0.wp.com\/cfoto.nu\/wp-content\/uploads\/2017\/10\/matilda-10-of-10-e1730026772729.jpg?fit=1200%2C800&quality=89&ssl=1&resize=525%2C300 1.5x, https:\/\/i0.wp.com\/cfoto.nu\/wp-content\/uploads\/2017\/10\/matilda-10-of-10-e1730026772729.jpg?fit=1200%2C800&quality=89&ssl=1&resize=700%2C400 2x, https:\/\/i0.wp.com\/cfoto.nu\/wp-content\/uploads\/2017\/10\/matilda-10-of-10-e1730026772729.jpg?fit=1200%2C800&quality=89&ssl=1&resize=1050%2C600 3x"},"classes":[]},{"id":583,"url":"https:\/\/cfoto.nu\/sv\/about\/","url_meta":{"origin":595,"position":2},"title":"Portr\u00e4tt och br\u00f6llopsfotograf &#8211; Om Fotograf Cattis Fletcher","author":"cattis","date":"september 6, 2017","format":false,"excerpt":"","rel":"","context":"Liknande inl\u00e4gg","block_context":{"text":"Liknande inl\u00e4gg","link":""},"img":{"alt_text":"om fotograf Cattis Fletcher, portr\u00e4tt och br\u00f6llopsfotograf fr\u00e5n Cfoto i G\u00f6teborg och Kungsbacka","src":"https:\/\/i0.wp.com\/cfoto.nu\/wp-content\/uploads\/2017\/02\/jag-1-e1507896990823.jpg?fit=795%2C795&quality=89&ssl=1&resize=350%2C200","width":350,"height":200,"srcset":"https:\/\/i0.wp.com\/cfoto.nu\/wp-content\/uploads\/2017\/02\/jag-1-e1507896990823.jpg?fit=795%2C795&quality=89&ssl=1&resize=350%2C200 1x, https:\/\/i0.wp.com\/cfoto.nu\/wp-content\/uploads\/2017\/02\/jag-1-e1507896990823.jpg?fit=795%2C795&quality=89&ssl=1&resize=525%2C300 1.5x, https:\/\/i0.wp.com\/cfoto.nu\/wp-content\/uploads\/2017\/02\/jag-1-e1507896990823.jpg?fit=795%2C795&quality=89&ssl=1&resize=700%2C400 2x"},"classes":[]},{"id":943,"url":"https:\/\/cfoto.nu\/sv\/bloggen\/","url_meta":{"origin":595,"position":3},"title":"Blogg &#8211; Portr\u00e4tt &#038; br\u00f6llopsfotograf Cattis Fletcher","author":"cattis","date":"september 26, 2017","format":false,"excerpt":"","rel":"","context":"Liknande inl\u00e4gg","block_context":{"text":"Liknande inl\u00e4gg","link":""},"img":{"alt_text":"Br\u00f6llops bilder galleri av br\u00f6llopsfotograf Cattis Fletcher","src":"https:\/\/i0.wp.com\/cfoto.nu\/wp-content\/uploads\/2017\/11\/416-theres-och-joakims-br%C3%B6llop-fj%C3%A4r%C3%A5s-br%C3%A4cka-br%C3%B6llopsfotograf-cfoto-cattis-flethcer.jpg?fit=1200%2C800&quality=89&ssl=1&resize=350%2C200","width":350,"height":200,"srcset":"https:\/\/i0.wp.com\/cfoto.nu\/wp-content\/uploads\/2017\/11\/416-theres-och-joakims-br%C3%B6llop-fj%C3%A4r%C3%A5s-br%C3%A4cka-br%C3%B6llopsfotograf-cfoto-cattis-flethcer.jpg?fit=1200%2C800&quality=89&ssl=1&resize=350%2C200 1x, https:\/\/i0.wp.com\/cfoto.nu\/wp-content\/uploads\/2017\/11\/416-theres-och-joakims-br%C3%B6llop-fj%C3%A4r%C3%A5s-br%C3%A4cka-br%C3%B6llopsfotograf-cfoto-cattis-flethcer.jpg?fit=1200%2C800&quality=89&ssl=1&resize=525%2C300 1.5x, https:\/\/i0.wp.com\/cfoto.nu\/wp-content\/uploads\/2017\/11\/416-theres-och-joakims-br%C3%B6llop-fj%C3%A4r%C3%A5s-br%C3%A4cka-br%C3%B6llopsfotograf-cfoto-cattis-flethcer.jpg?fit=1200%2C800&quality=89&ssl=1&resize=700%2C400 2x, https:\/\/i0.wp.com\/cfoto.nu\/wp-content\/uploads\/2017\/11\/416-theres-och-joakims-br%C3%B6llop-fj%C3%A4r%C3%A5s-br%C3%A4cka-br%C3%B6llopsfotograf-cfoto-cattis-flethcer.jpg?fit=1200%2C800&quality=89&ssl=1&resize=1050%2C600 3x"},"classes":[]},{"id":966,"url":"https:\/\/cfoto.nu\/sv\/portrattfotograf\/","url_meta":{"origin":595,"position":4},"title":"Portr\u00e4ttfotograf i G\u00f6teborg, Kungsbacka, Varberg","author":"cattis","date":"september 29, 2017","format":false,"excerpt":"","rel":"","context":"Liknande inl\u00e4gg","block_context":{"text":"Liknande inl\u00e4gg","link":""},"img":{"alt_text":"Portr\u00e4ttfoton av portr\u00e4ttfotograf Cattis Fletcher p\u00e5 Cfoto Kungsbacka och G\u00f6teborg","src":"https:\/\/i0.wp.com\/cfoto.nu\/wp-content\/uploads\/2017\/04\/portr%C3%A4ttfotograf-cfoto-1-of-7.jpg?fit=1200%2C759&quality=89&ssl=1&resize=350%2C200","width":350,"height":200,"srcset":"https:\/\/i0.wp.com\/cfoto.nu\/wp-content\/uploads\/2017\/04\/portr%C3%A4ttfotograf-cfoto-1-of-7.jpg?fit=1200%2C759&quality=89&ssl=1&resize=350%2C200 1x, https:\/\/i0.wp.com\/cfoto.nu\/wp-content\/uploads\/2017\/04\/portr%C3%A4ttfotograf-cfoto-1-of-7.jpg?fit=1200%2C759&quality=89&ssl=1&resize=525%2C300 1.5x, https:\/\/i0.wp.com\/cfoto.nu\/wp-content\/uploads\/2017\/04\/portr%C3%A4ttfotograf-cfoto-1-of-7.jpg?fit=1200%2C759&quality=89&ssl=1&resize=700%2C400 2x, https:\/\/i0.wp.com\/cfoto.nu\/wp-content\/uploads\/2017\/04\/portr%C3%A4ttfotograf-cfoto-1-of-7.jpg?fit=1200%2C759&quality=89&ssl=1&resize=1050%2C600 3x"},"classes":[]},{"id":2773,"url":"https:\/\/cfoto.nu\/sv\/portfolio\/","url_meta":{"origin":595,"position":5},"title":"Portfolio &#8211; Br\u00f6llop &#038; Portr\u00e4tt fotograf i G\u00f6teborg, Kungsbacka","author":"cattis","date":"november 24, 2017","format":false,"excerpt":"Titta g\u00e4rna igenom mina gallerier och l\u00e5t mig veta ifall du gillar det du ser! Eller \u00e4nnu b\u00e4ttre kontakta mig, s\u00e5 kan vi skapa n\u00e5got vackert tillsammans, Jag vill g\u00e4rna h\u00f6ra ifr\u00e5n dig!","rel":"","context":"Liknande inl\u00e4gg","block_context":{"text":"Liknande inl\u00e4gg","link":""},"img":{"alt_text":"Br\u00f6llopsfotograf G\u00f6teborg br\u00f6llop Bohusl\u00e4n Wedding photographer Sweden ","src":"https:\/\/i0.wp.com\/cfoto.nu\/wp-content\/uploads\/2017\/04\/Brollopsfotogarf-Goteborg-10-of-18.jpg?fit=1200%2C800&quality=89&ssl=1&resize=350%2C200","width":350,"height":200,"srcset":"https:\/\/i0.wp.com\/cfoto.nu\/wp-content\/uploads\/2017\/04\/Brollopsfotogarf-Goteborg-10-of-18.jpg?fit=1200%2C800&quality=89&ssl=1&resize=350%2C200 1x, https:\/\/i0.wp.com\/cfoto.nu\/wp-content\/uploads\/2017\/04\/Brollopsfotogarf-Goteborg-10-of-18.jpg?fit=1200%2C800&quality=89&ssl=1&resize=525%2C300 1.5x, https:\/\/i0.wp.com\/cfoto.nu\/wp-content\/uploads\/2017\/04\/Brollopsfotogarf-Goteborg-10-of-18.jpg?fit=1200%2C800&quality=89&ssl=1&resize=700%2C400 2x, https:\/\/i0.wp.com\/cfoto.nu\/wp-content\/uploads\/2017\/04\/Brollopsfotogarf-Goteborg-10-of-18.jpg?fit=1200%2C800&quality=89&ssl=1&resize=1050%2C600 3x"},"classes":[]}],"_links":{"self":[{"href":"https:\/\/cfoto.nu\/sv\/wp-json\/wp\/v2\/pages\/595","targetHints":{"allow":["GET"]}}],"collection":[{"href":"https:\/\/cfoto.nu\/sv\/wp-json\/wp\/v2\/pages"}],"about":[{"href":"https:\/\/cfoto.nu\/sv\/wp-json\/wp\/v2\/types\/page"}],"author":[{"embeddable":true,"href":"https:\/\/cfoto.nu\/sv\/wp-json\/wp\/v2\/users\/1"}],"replies":[{"embeddable":true,"href":"https:\/\/cfoto.nu\/sv\/wp-json\/wp\/v2\/comments?post=595"}],"version-history":[{"count":13,"href":"https:\/\/cfoto.nu\/sv\/wp-json\/wp\/v2\/pages\/595\/revisions"}],"predecessor-version":[{"id":3703,"href":"https:\/\/cfoto.nu\/sv\/wp-json\/wp\/v2\/pages\/595\/revisions\/3703"}],"wp:featuredmedia":[{"embeddable":true,"href":"https:\/\/cfoto.nu\/sv\/wp-json\/wp\/v2\/media\/1818"}],"wp:attachment":[{"href":"https:\/\/cfoto.nu\/sv\/wp-json\/wp\/v2\/media?parent=595"}],"curies":[{"name":"wp","href":"https:\/\/api.w.org\/{rel}","templated":true}]}}