{"id":966,"date":"2017-09-29T09:04:53","date_gmt":"2017-09-29T09:04:53","guid":{"rendered":"http:\/\/wp.cfoto.nu\/?page_id=966"},"modified":"2020-02-21T08:27:58","modified_gmt":"2020-02-21T08:27:58","slug":"portrattfotograf","status":"publish","type":"page","link":"https:\/\/cfoto.nu\/sv\/portrattfotograf\/","title":{"rendered":"Portr\u00e4ttfotograf i G\u00f6teborg, Kungsbacka, Varberg"},"content":{"rendered":"","protected":false},"excerpt":{"rendered":"","protected":false},"author":1,"featured_media":1028,"parent":0,"menu_order":0,"comment_status":"closed","ping_status":"closed","template":"","meta":{"_exactmetrics_skip_tracking":false,"_exactmetrics_sitenote_active":false,"_exactmetrics_sitenote_note":"","_exactmetrics_sitenote_category":0,"footnotes":""},"class_list":["post-966","page","type-page","status-publish","has-post-thumbnail"],"yoast_head":"<!-- This site is optimized with the Yoast SEO plugin v27.6 - https:\/\/yoast.com\/product\/yoast-seo-wordpress\/ -->\n<title>Portr\u00e4ttfotograf i G\u00f6teborg, Kungsbacka, Varberg - cfoto<\/title>\n<meta name=\"description\" content=\"Portr\u00e4ttfotograf i Kungsbacka G\u00f6teborg och Varberg. Naturliga och avslappnade portr\u00e4tt med mycket k\u00e4nsla, f\u00e5ngar din personlighet. V\u00e4lkommen!\" \/>\n<meta name=\"robots\" content=\"index, follow, max-snippet:-1, max-image-preview:large, max-video-preview:-1\" \/>\n<link rel=\"canonical\" href=\"https:\/\/cfoto.nu\/sv\/portrattfotograf\/\" \/>\n<meta property=\"og:locale\" content=\"sv_SE\" \/>\n<meta property=\"og:type\" content=\"article\" \/>\n<meta property=\"og:title\" content=\"Portr\u00e4ttfotograf i G\u00f6teborg, Kungsbacka, Varberg - cfoto\" \/>\n<meta property=\"og:description\" content=\"Portr\u00e4ttfotograf i Kungsbacka G\u00f6teborg och Varberg. Naturliga och avslappnade portr\u00e4tt med mycket k\u00e4nsla, f\u00e5ngar din personlighet. V\u00e4lkommen!\" \/>\n<meta property=\"og:url\" content=\"https:\/\/cfoto.nu\/sv\/portrattfotograf\/\" \/>\n<meta property=\"og:site_name\" content=\"cfoto\" \/>\n<meta property=\"article:publisher\" content=\"https:\/\/www.facebook.com\/cfoto.nu\/\" \/>\n<meta property=\"article:modified_time\" content=\"2020-02-21T08:27:58+00:00\" \/>\n<meta property=\"og:image\" content=\"https:\/\/cfoto.nu\/wp-content\/uploads\/2017\/04\/portr\u00e4ttfotograf-cfoto-1-of-7-e1507296508147-1024x647.jpg\" \/>\n\t<meta property=\"og:image:width\" content=\"1024\" \/>\n\t<meta property=\"og:image:height\" content=\"647\" \/>\n\t<meta property=\"og:image:type\" content=\"image\/jpeg\" \/>\n<meta name=\"twitter:card\" content=\"summary_large_image\" \/>\n<script type=\"application\/ld+json\" class=\"yoast-schema-graph\">{\"@context\":\"https:\\\/\\\/schema.org\",\"@graph\":[{\"@type\":\"WebPage\",\"@id\":\"https:\\\/\\\/cfoto.nu\\\/sv\\\/portrattfotograf\\\/\",\"url\":\"https:\\\/\\\/cfoto.nu\\\/sv\\\/portrattfotograf\\\/\",\"name\":\"Portr\u00e4ttfotograf i G\u00f6teborg, Kungsbacka, Varberg - cfoto\",\"isPartOf\":{\"@id\":\"https:\\\/\\\/cfoto.nu\\\/sv\\\/#website\"},\"primaryImageOfPage\":{\"@id\":\"https:\\\/\\\/cfoto.nu\\\/sv\\\/portrattfotograf\\\/#primaryimage\"},\"image\":{\"@id\":\"https:\\\/\\\/cfoto.nu\\\/sv\\\/portrattfotograf\\\/#primaryimage\"},\"thumbnailUrl\":\"https:\\\/\\\/i0.wp.com\\\/cfoto.nu\\\/wp-content\\\/uploads\\\/2017\\\/04\\\/portr%C3%A4ttfotograf-cfoto-1-of-7.jpg?fit=2879%2C1820&quality=89&ssl=1\",\"datePublished\":\"2017-09-29T09:04:53+00:00\",\"dateModified\":\"2020-02-21T08:27:58+00:00\",\"description\":\"Portr\u00e4ttfotograf i Kungsbacka G\u00f6teborg och Varberg. Naturliga och avslappnade portr\u00e4tt med mycket k\u00e4nsla, f\u00e5ngar din personlighet. V\u00e4lkommen!\",\"breadcrumb\":{\"@id\":\"https:\\\/\\\/cfoto.nu\\\/sv\\\/portrattfotograf\\\/#breadcrumb\"},\"inLanguage\":\"sv-SE\",\"potentialAction\":[{\"@type\":\"ReadAction\",\"target\":[\"https:\\\/\\\/cfoto.nu\\\/sv\\\/portrattfotograf\\\/\"]}]},{\"@type\":\"ImageObject\",\"inLanguage\":\"sv-SE\",\"@id\":\"https:\\\/\\\/cfoto.nu\\\/sv\\\/portrattfotograf\\\/#primaryimage\",\"url\":\"https:\\\/\\\/i0.wp.com\\\/cfoto.nu\\\/wp-content\\\/uploads\\\/2017\\\/04\\\/portr%C3%A4ttfotograf-cfoto-1-of-7.jpg?fit=2879%2C1820&quality=89&ssl=1\",\"contentUrl\":\"https:\\\/\\\/i0.wp.com\\\/cfoto.nu\\\/wp-content\\\/uploads\\\/2017\\\/04\\\/portr%C3%A4ttfotograf-cfoto-1-of-7.jpg?fit=2879%2C1820&quality=89&ssl=1\",\"width\":2879,\"height\":1820,\"caption\":\"Portr\u00e4ttfoton av portr\u00e4ttfotograf Cattis Fletcher p\u00e5 Cfoto Kungsbacka och G\u00f6teborg\"},{\"@type\":\"BreadcrumbList\",\"@id\":\"https:\\\/\\\/cfoto.nu\\\/sv\\\/portrattfotograf\\\/#breadcrumb\",\"itemListElement\":[{\"@type\":\"ListItem\",\"position\":1,\"name\":\"Home\",\"item\":\"https:\\\/\\\/cfoto.nu\\\/sv\\\/\"},{\"@type\":\"ListItem\",\"position\":2,\"name\":\"Portr\u00e4ttfotograf i G\u00f6teborg, Kungsbacka, Varberg\"}]},{\"@type\":\"WebSite\",\"@id\":\"https:\\\/\\\/cfoto.nu\\\/sv\\\/#website\",\"url\":\"https:\\\/\\\/cfoto.nu\\\/sv\\\/\",\"name\":\"cfoto\",\"description\":\"Dokument\u00e4r Br\u00f6llopsfotograf i G\u00f6teborg\",\"publisher\":{\"@id\":\"https:\\\/\\\/cfoto.nu\\\/sv\\\/#organization\"},\"potentialAction\":[{\"@type\":\"SearchAction\",\"target\":{\"@type\":\"EntryPoint\",\"urlTemplate\":\"https:\\\/\\\/cfoto.nu\\\/sv\\\/?s={search_term_string}\"},\"query-input\":{\"@type\":\"PropertyValueSpecification\",\"valueRequired\":true,\"valueName\":\"search_term_string\"}}],\"inLanguage\":\"sv-SE\"},{\"@type\":\"Organization\",\"@id\":\"https:\\\/\\\/cfoto.nu\\\/sv\\\/#organization\",\"name\":\"CFOTO\",\"url\":\"https:\\\/\\\/cfoto.nu\\\/sv\\\/\",\"logo\":{\"@type\":\"ImageObject\",\"inLanguage\":\"sv-SE\",\"@id\":\"https:\\\/\\\/cfoto.nu\\\/sv\\\/#\\\/schema\\\/logo\\\/image\\\/\",\"url\":\"https:\\\/\\\/i0.wp.com\\\/cfoto.nu\\\/wp-content\\\/uploads\\\/2019\\\/12\\\/Brollopsfotograf-Gotebotg_0042.jpg?fit=1500%2C1000&quality=89&ssl=1\",\"contentUrl\":\"https:\\\/\\\/i0.wp.com\\\/cfoto.nu\\\/wp-content\\\/uploads\\\/2019\\\/12\\\/Brollopsfotograf-Gotebotg_0042.jpg?fit=1500%2C1000&quality=89&ssl=1\",\"width\":1500,\"height\":1000,\"caption\":\"CFOTO\"},\"image\":{\"@id\":\"https:\\\/\\\/cfoto.nu\\\/sv\\\/#\\\/schema\\\/logo\\\/image\\\/\"},\"sameAs\":[\"https:\\\/\\\/www.facebook.com\\\/cfoto.nu\\\/\",\"https:\\\/\\\/www.instagram.com\\\/cfoto.nu\\\/\",\"https:\\\/\\\/se.pinterest.com\\\/cattisa\"]}]}<\/script>\n<!-- \/ Yoast SEO plugin. -->","yoast_head_json":{"title":"Portr\u00e4ttfotograf i G\u00f6teborg, Kungsbacka, Varberg - cfoto","description":"Portr\u00e4ttfotograf i Kungsbacka G\u00f6teborg och Varberg. Naturliga och avslappnade portr\u00e4tt med mycket k\u00e4nsla, f\u00e5ngar din personlighet. V\u00e4lkommen!","robots":{"index":"index","follow":"follow","max-snippet":"max-snippet:-1","max-image-preview":"max-image-preview:large","max-video-preview":"max-video-preview:-1"},"canonical":"https:\/\/cfoto.nu\/sv\/portrattfotograf\/","og_locale":"sv_SE","og_type":"article","og_title":"Portr\u00e4ttfotograf i G\u00f6teborg, Kungsbacka, Varberg - cfoto","og_description":"Portr\u00e4ttfotograf i Kungsbacka G\u00f6teborg och Varberg. Naturliga och avslappnade portr\u00e4tt med mycket k\u00e4nsla, f\u00e5ngar din personlighet. V\u00e4lkommen!","og_url":"https:\/\/cfoto.nu\/sv\/portrattfotograf\/","og_site_name":"cfoto","article_publisher":"https:\/\/www.facebook.com\/cfoto.nu\/","article_modified_time":"2020-02-21T08:27:58+00:00","og_image":[{"width":1024,"height":647,"url":"https:\/\/cfoto.nu\/wp-content\/uploads\/2017\/04\/portr\u00e4ttfotograf-cfoto-1-of-7-e1507296508147-1024x647.jpg","type":"image\/jpeg"}],"twitter_card":"summary_large_image","schema":{"@context":"https:\/\/schema.org","@graph":[{"@type":"WebPage","@id":"https:\/\/cfoto.nu\/sv\/portrattfotograf\/","url":"https:\/\/cfoto.nu\/sv\/portrattfotograf\/","name":"Portr\u00e4ttfotograf i G\u00f6teborg, Kungsbacka, Varberg - cfoto","isPartOf":{"@id":"https:\/\/cfoto.nu\/sv\/#website"},"primaryImageOfPage":{"@id":"https:\/\/cfoto.nu\/sv\/portrattfotograf\/#primaryimage"},"image":{"@id":"https:\/\/cfoto.nu\/sv\/portrattfotograf\/#primaryimage"},"thumbnailUrl":"https:\/\/i0.wp.com\/cfoto.nu\/wp-content\/uploads\/2017\/04\/portr%C3%A4ttfotograf-cfoto-1-of-7.jpg?fit=2879%2C1820&quality=89&ssl=1","datePublished":"2017-09-29T09:04:53+00:00","dateModified":"2020-02-21T08:27:58+00:00","description":"Portr\u00e4ttfotograf i Kungsbacka G\u00f6teborg och Varberg. Naturliga och avslappnade portr\u00e4tt med mycket k\u00e4nsla, f\u00e5ngar din personlighet. V\u00e4lkommen!","breadcrumb":{"@id":"https:\/\/cfoto.nu\/sv\/portrattfotograf\/#breadcrumb"},"inLanguage":"sv-SE","potentialAction":[{"@type":"ReadAction","target":["https:\/\/cfoto.nu\/sv\/portrattfotograf\/"]}]},{"@type":"ImageObject","inLanguage":"sv-SE","@id":"https:\/\/cfoto.nu\/sv\/portrattfotograf\/#primaryimage","url":"https:\/\/i0.wp.com\/cfoto.nu\/wp-content\/uploads\/2017\/04\/portr%C3%A4ttfotograf-cfoto-1-of-7.jpg?fit=2879%2C1820&quality=89&ssl=1","contentUrl":"https:\/\/i0.wp.com\/cfoto.nu\/wp-content\/uploads\/2017\/04\/portr%C3%A4ttfotograf-cfoto-1-of-7.jpg?fit=2879%2C1820&quality=89&ssl=1","width":2879,"height":1820,"caption":"Portr\u00e4ttfoton av portr\u00e4ttfotograf Cattis Fletcher p\u00e5 Cfoto Kungsbacka och G\u00f6teborg"},{"@type":"BreadcrumbList","@id":"https:\/\/cfoto.nu\/sv\/portrattfotograf\/#breadcrumb","itemListElement":[{"@type":"ListItem","position":1,"name":"Home","item":"https:\/\/cfoto.nu\/sv\/"},{"@type":"ListItem","position":2,"name":"Portr\u00e4ttfotograf i G\u00f6teborg, Kungsbacka, Varberg"}]},{"@type":"WebSite","@id":"https:\/\/cfoto.nu\/sv\/#website","url":"https:\/\/cfoto.nu\/sv\/","name":"cfoto","description":"Dokument\u00e4r Br\u00f6llopsfotograf i G\u00f6teborg","publisher":{"@id":"https:\/\/cfoto.nu\/sv\/#organization"},"potentialAction":[{"@type":"SearchAction","target":{"@type":"EntryPoint","urlTemplate":"https:\/\/cfoto.nu\/sv\/?s={search_term_string}"},"query-input":{"@type":"PropertyValueSpecification","valueRequired":true,"valueName":"search_term_string"}}],"inLanguage":"sv-SE"},{"@type":"Organization","@id":"https:\/\/cfoto.nu\/sv\/#organization","name":"CFOTO","url":"https:\/\/cfoto.nu\/sv\/","logo":{"@type":"ImageObject","inLanguage":"sv-SE","@id":"https:\/\/cfoto.nu\/sv\/#\/schema\/logo\/image\/","url":"https:\/\/i0.wp.com\/cfoto.nu\/wp-content\/uploads\/2019\/12\/Brollopsfotograf-Gotebotg_0042.jpg?fit=1500%2C1000&quality=89&ssl=1","contentUrl":"https:\/\/i0.wp.com\/cfoto.nu\/wp-content\/uploads\/2019\/12\/Brollopsfotograf-Gotebotg_0042.jpg?fit=1500%2C1000&quality=89&ssl=1","width":1500,"height":1000,"caption":"CFOTO"},"image":{"@id":"https:\/\/cfoto.nu\/sv\/#\/schema\/logo\/image\/"},"sameAs":["https:\/\/www.facebook.com\/cfoto.nu\/","https:\/\/www.instagram.com\/cfoto.nu\/","https:\/\/se.pinterest.com\/cattisa"]}]}},"jetpack_sharing_enabled":true,"jetpack_shortlink":"https:\/\/wp.me\/P9qhNn-fA","jetpack_likes_enabled":true,"jetpack-related-posts":[{"id":3644,"url":"https:\/\/cfoto.nu\/niclas-coralie\/","url_meta":{"origin":966,"position":0},"title":"Coralie &#038; Niclas","author":"cattis","date":"juli 9, 2018","format":false,"excerpt":"","rel":"","context":"Liknande inl\u00e4gg","block_context":{"text":"Liknande inl\u00e4gg","link":""},"img":{"alt_text":"br\u00f6llop onsala Niclas och Coralie br\u00f6llopsfotograf cfoto cattis fletcher G\u00f6teborg Varberg Kungsbacka","src":"https:\/\/i0.wp.com\/cfoto.nu\/wp-content\/uploads\/2018\/07\/Niclas-och-Coralie-slideshow-27-of-131.jpg?fit=1200%2C800&quality=89&ssl=1&resize=350%2C200","width":350,"height":200,"srcset":"https:\/\/i0.wp.com\/cfoto.nu\/wp-content\/uploads\/2018\/07\/Niclas-och-Coralie-slideshow-27-of-131.jpg?fit=1200%2C800&quality=89&ssl=1&resize=350%2C200 1x, https:\/\/i0.wp.com\/cfoto.nu\/wp-content\/uploads\/2018\/07\/Niclas-och-Coralie-slideshow-27-of-131.jpg?fit=1200%2C800&quality=89&ssl=1&resize=525%2C300 1.5x, https:\/\/i0.wp.com\/cfoto.nu\/wp-content\/uploads\/2018\/07\/Niclas-och-Coralie-slideshow-27-of-131.jpg?fit=1200%2C800&quality=89&ssl=1&resize=700%2C400 2x, https:\/\/i0.wp.com\/cfoto.nu\/wp-content\/uploads\/2018\/07\/Niclas-och-Coralie-slideshow-27-of-131.jpg?fit=1200%2C800&quality=89&ssl=1&resize=1050%2C600 3x"},"classes":[]},{"id":595,"url":"https:\/\/cfoto.nu\/sv\/kontakt\/","url_meta":{"origin":966,"position":1},"title":"Kontakt &#8211; H\u00f6r av dig till fotograf Cattis Fletcher","author":"cattis","date":"september 8, 2017","format":false,"excerpt":"","rel":"","context":"Liknande inl\u00e4gg","block_context":{"text":"Liknande inl\u00e4gg","link":""},"img":{"alt_text":"Fotograf Cattis Fletcher Br\u00f6llopsfotograf portr\u00e4tt fotograf G\u00f6teborg Kungsbacka Varberg","src":"https:\/\/i0.wp.com\/cfoto.nu\/wp-content\/uploads\/2017\/11\/084-first-look-jennie-och-davids-br%C3%B6llop-br%C3%B6llopsfotograf-cfoto-cattis-fletcher.jpg?fit=1200%2C800&quality=89&ssl=1&resize=350%2C200","width":350,"height":200,"srcset":"https:\/\/i0.wp.com\/cfoto.nu\/wp-content\/uploads\/2017\/11\/084-first-look-jennie-och-davids-br%C3%B6llop-br%C3%B6llopsfotograf-cfoto-cattis-fletcher.jpg?fit=1200%2C800&quality=89&ssl=1&resize=350%2C200 1x, https:\/\/i0.wp.com\/cfoto.nu\/wp-content\/uploads\/2017\/11\/084-first-look-jennie-och-davids-br%C3%B6llop-br%C3%B6llopsfotograf-cfoto-cattis-fletcher.jpg?fit=1200%2C800&quality=89&ssl=1&resize=525%2C300 1.5x, https:\/\/i0.wp.com\/cfoto.nu\/wp-content\/uploads\/2017\/11\/084-first-look-jennie-och-davids-br%C3%B6llop-br%C3%B6llopsfotograf-cfoto-cattis-fletcher.jpg?fit=1200%2C800&quality=89&ssl=1&resize=700%2C400 2x, https:\/\/i0.wp.com\/cfoto.nu\/wp-content\/uploads\/2017\/11\/084-first-look-jennie-och-davids-br%C3%B6llop-br%C3%B6llopsfotograf-cfoto-cattis-fletcher.jpg?fit=1200%2C800&quality=89&ssl=1&resize=1050%2C600 3x"},"classes":[]},{"id":1108,"url":"https:\/\/cfoto.nu\/sv\/brollopsfotograf\/","url_meta":{"origin":966,"position":2},"title":"Br\u00f6llopsfotograf i G\u00f6teborg, Helsingborg &#038; Varberg","author":"cattis","date":"oktober 10, 2017","format":false,"excerpt":"F\u00f6rbereder ni inf\u00f6r ert br\u00f6llop? Grattis! Ni har s\u00e5 mycket roligt att se fram emot. N\u00e4r allt \u00e4r planerat s\u00e5 k\u00e4nns det helt underbart. Det enda ni ska t\u00e4nka p\u00e5 \u00e4r att s\u00e4ga ja, h\u00e5lla varandra i handen, kramas, dansa, fira och glittra av lycka! Jag \u00e4r br\u00f6llopsfotograf i G\u00f6teborg","rel":"","context":"Liknande inl\u00e4gg","block_context":{"text":"Liknande inl\u00e4gg","link":""},"img":{"alt_text":"Helena och Eamons br\u00f6llop ii G\u00f6teborg br\u00f6llopsfotograf cattis fletcher","src":"https:\/\/i0.wp.com\/cfoto.nu\/wp-content\/uploads\/2018\/08\/bildspel-10-of-131.jpg?fit=1200%2C800&quality=89&ssl=1&resize=350%2C200","width":350,"height":200,"srcset":"https:\/\/i0.wp.com\/cfoto.nu\/wp-content\/uploads\/2018\/08\/bildspel-10-of-131.jpg?fit=1200%2C800&quality=89&ssl=1&resize=350%2C200 1x, https:\/\/i0.wp.com\/cfoto.nu\/wp-content\/uploads\/2018\/08\/bildspel-10-of-131.jpg?fit=1200%2C800&quality=89&ssl=1&resize=525%2C300 1.5x, https:\/\/i0.wp.com\/cfoto.nu\/wp-content\/uploads\/2018\/08\/bildspel-10-of-131.jpg?fit=1200%2C800&quality=89&ssl=1&resize=700%2C400 2x, https:\/\/i0.wp.com\/cfoto.nu\/wp-content\/uploads\/2018\/08\/bildspel-10-of-131.jpg?fit=1200%2C800&quality=89&ssl=1&resize=1050%2C600 3x"},"classes":[]},{"id":428,"url":"https:\/\/cfoto.nu\/portraits\/","url_meta":{"origin":966,"position":3},"title":"Portrait Photographer Cattis Fletcher From Gothenburg","author":"cattis","date":"april 9, 2017","format":false,"excerpt":"","rel":"","context":"Liknande inl\u00e4gg","block_context":{"text":"Liknande inl\u00e4gg","link":""},"img":{"alt_text":"Portrait Photographer portrait photos gallery by portrait photographer cattis Flethcer Freja i Slottskogen portr\u00e4ttfotograf cfoto G\u00f6teborg","src":"https:\/\/i0.wp.com\/cfoto.nu\/wp-content\/uploads\/2017\/04\/portr%C3%A4ttfotograf-cfoto-1-of-7-e1507296508147.jpg?fit=1200%2C759&quality=89&ssl=1&resize=350%2C200","width":350,"height":200,"srcset":"https:\/\/i0.wp.com\/cfoto.nu\/wp-content\/uploads\/2017\/04\/portr%C3%A4ttfotograf-cfoto-1-of-7-e1507296508147.jpg?fit=1200%2C759&quality=89&ssl=1&resize=350%2C200 1x, https:\/\/i0.wp.com\/cfoto.nu\/wp-content\/uploads\/2017\/04\/portr%C3%A4ttfotograf-cfoto-1-of-7-e1507296508147.jpg?fit=1200%2C759&quality=89&ssl=1&resize=525%2C300 1.5x, https:\/\/i0.wp.com\/cfoto.nu\/wp-content\/uploads\/2017\/04\/portr%C3%A4ttfotograf-cfoto-1-of-7-e1507296508147.jpg?fit=1200%2C759&quality=89&ssl=1&resize=700%2C400 2x, https:\/\/i0.wp.com\/cfoto.nu\/wp-content\/uploads\/2017\/04\/portr%C3%A4ttfotograf-cfoto-1-of-7-e1507296508147.jpg?fit=1200%2C759&quality=89&ssl=1&resize=1050%2C600 3x"},"classes":[]},{"id":2773,"url":"https:\/\/cfoto.nu\/sv\/portfolio\/","url_meta":{"origin":966,"position":4},"title":"Portfolio &#8211; Br\u00f6llop &#038; Portr\u00e4tt fotograf i G\u00f6teborg, Kungsbacka","author":"cattis","date":"november 24, 2017","format":false,"excerpt":"Titta g\u00e4rna igenom mina gallerier och l\u00e5t mig veta ifall du gillar det du ser! Eller \u00e4nnu b\u00e4ttre kontakta mig, s\u00e5 kan vi skapa n\u00e5got vackert tillsammans, Jag vill g\u00e4rna h\u00f6ra ifr\u00e5n dig!","rel":"","context":"Liknande inl\u00e4gg","block_context":{"text":"Liknande inl\u00e4gg","link":""},"img":{"alt_text":"Br\u00f6llopsfotograf G\u00f6teborg br\u00f6llop Bohusl\u00e4n Wedding photographer Sweden ","src":"https:\/\/i0.wp.com\/cfoto.nu\/wp-content\/uploads\/2017\/04\/Brollopsfotogarf-Goteborg-10-of-18.jpg?fit=1200%2C800&quality=89&ssl=1&resize=350%2C200","width":350,"height":200,"srcset":"https:\/\/i0.wp.com\/cfoto.nu\/wp-content\/uploads\/2017\/04\/Brollopsfotogarf-Goteborg-10-of-18.jpg?fit=1200%2C800&quality=89&ssl=1&resize=350%2C200 1x, https:\/\/i0.wp.com\/cfoto.nu\/wp-content\/uploads\/2017\/04\/Brollopsfotogarf-Goteborg-10-of-18.jpg?fit=1200%2C800&quality=89&ssl=1&resize=525%2C300 1.5x, https:\/\/i0.wp.com\/cfoto.nu\/wp-content\/uploads\/2017\/04\/Brollopsfotogarf-Goteborg-10-of-18.jpg?fit=1200%2C800&quality=89&ssl=1&resize=700%2C400 2x, https:\/\/i0.wp.com\/cfoto.nu\/wp-content\/uploads\/2017\/04\/Brollopsfotogarf-Goteborg-10-of-18.jpg?fit=1200%2C800&quality=89&ssl=1&resize=1050%2C600 3x"},"classes":[]},{"id":583,"url":"https:\/\/cfoto.nu\/sv\/about\/","url_meta":{"origin":966,"position":5},"title":"Portr\u00e4tt och br\u00f6llopsfotograf &#8211; Om Fotograf Cattis Fletcher","author":"cattis","date":"september 6, 2017","format":false,"excerpt":"","rel":"","context":"Liknande inl\u00e4gg","block_context":{"text":"Liknande inl\u00e4gg","link":""},"img":{"alt_text":"om fotograf Cattis Fletcher, portr\u00e4tt och br\u00f6llopsfotograf fr\u00e5n Cfoto i G\u00f6teborg och Kungsbacka","src":"https:\/\/i0.wp.com\/cfoto.nu\/wp-content\/uploads\/2017\/02\/jag-1-e1507896990823.jpg?fit=795%2C795&quality=89&ssl=1&resize=350%2C200","width":350,"height":200,"srcset":"https:\/\/i0.wp.com\/cfoto.nu\/wp-content\/uploads\/2017\/02\/jag-1-e1507896990823.jpg?fit=795%2C795&quality=89&ssl=1&resize=350%2C200 1x, https:\/\/i0.wp.com\/cfoto.nu\/wp-content\/uploads\/2017\/02\/jag-1-e1507896990823.jpg?fit=795%2C795&quality=89&ssl=1&resize=525%2C300 1.5x, https:\/\/i0.wp.com\/cfoto.nu\/wp-content\/uploads\/2017\/02\/jag-1-e1507896990823.jpg?fit=795%2C795&quality=89&ssl=1&resize=700%2C400 2x"},"classes":[]}],"_links":{"self":[{"href":"https:\/\/cfoto.nu\/sv\/wp-json\/wp\/v2\/pages\/966","targetHints":{"allow":["GET"]}}],"collection":[{"href":"https:\/\/cfoto.nu\/sv\/wp-json\/wp\/v2\/pages"}],"about":[{"href":"https:\/\/cfoto.nu\/sv\/wp-json\/wp\/v2\/types\/page"}],"author":[{"embeddable":true,"href":"https:\/\/cfoto.nu\/sv\/wp-json\/wp\/v2\/users\/1"}],"replies":[{"embeddable":true,"href":"https:\/\/cfoto.nu\/sv\/wp-json\/wp\/v2\/comments?post=966"}],"version-history":[{"count":25,"href":"https:\/\/cfoto.nu\/sv\/wp-json\/wp\/v2\/pages\/966\/revisions"}],"predecessor-version":[{"id":4296,"href":"https:\/\/cfoto.nu\/sv\/wp-json\/wp\/v2\/pages\/966\/revisions\/4296"}],"wp:featuredmedia":[{"embeddable":true,"href":"https:\/\/cfoto.nu\/sv\/wp-json\/wp\/v2\/media\/1028"}],"wp:attachment":[{"href":"https:\/\/cfoto.nu\/sv\/wp-json\/wp\/v2\/media?parent=966"}],"curies":[{"name":"wp","href":"https:\/\/api.w.org\/{rel}","templated":true}]}}